{"id":5001,"date":"2024-09-10T08:04:47","date_gmt":"2024-09-10T08:04:47","guid":{"rendered":"https:\/\/maccion.com\/automatitzacio-de-dades-amb-maccion-ocr\/"},"modified":"2025-06-22T14:47:53","modified_gmt":"2025-06-22T14:47:53","slug":"automatitzacio-de-dades-amb-maccion-ocr","status":"publish","type":"page","link":"https:\/\/maccion.com\/ca\/automatitzacio-de-dades-amb-maccion-ocr\/","title":{"rendered":"Automatitzaci\u00f3 de Dades amb Maccion OCR"},"content":{"rendered":"\t\t<div data-elementor-type=\"wp-page\" data-elementor-id=\"5001\" class=\"elementor elementor-5001 elementor-3851\" data-elementor-post-type=\"page\">\n\t\t\t\t\t\t<section class=\"elementor-section elementor-top-section elementor-element elementor-element-6e2794de elementor-section-full_width elementor-section-height-default elementor-section-height-default\" data-id=\"6e2794de\" data-element_type=\"section\">\n\t\t\t\t\t\t<div class=\"elementor-container elementor-column-gap-no\">\n\t\t\t\t\t<div class=\"elementor-column elementor-col-100 elementor-top-column elementor-element elementor-element-10f3c6c\" data-id=\"10f3c6c\" data-element_type=\"column\">\n\t\t\t<div class=\"elementor-widget-wrap elementor-element-populated\">\n\t\t\t\t\t\t<div class=\"elementor-element elementor-element-16eb9f34 elementor-widget elementor-widget-ms-hero\" data-id=\"16eb9f34\" data-element_type=\"widget\" data-widget_type=\"ms-hero.default\">\n\t\t\t\t<div class=\"elementor-widget-container\">\n\t\t\t\r\n        <section class=\"ms-hero\" id=\"16eb9f34\">\r\n\r\n            \r\n                            <div class=\"ms-parallax\" data-speed=\"0.7\" data-type=\"scroll\">\r\n                                            <img decoding=\"async\" class=\"jarallax-img\" src=\"https:\/\/demo.maccion.com\/wp-content\/uploads\/2024\/09\/ocr_p-1.webp\" alt=\"\">\r\n                                                        <\/div>\r\n            \r\n            \r\n                \r\n                    <div class=\"ms-hc\">\r\n                        <div class=\"ms-hc--inner\">\r\n                                                            <h1 class=\"ms-hero-title\">Automatitzaci\u00f3 de Dades amb Macci\u00f3 OCR<\/h1>\r\n                                                                                        <p class=\"ms-hero-subtitle\">Captura Autom\u00e0tica de Dades i Reconeixement d'Etiquetes amb <br>Maccion OCR\n<\/p>\r\n                                                    <\/div>\r\n                    <\/div>\r\n\r\n                \r\n                \r\n            \r\n        <\/section>\r\n\r\n    \t\t<\/div>\n\t\t\t\t<\/div>\n\t\t\t\t<div class=\"elementor-element elementor-element-56fc0203 elementor-widget elementor-widget-spacer\" data-id=\"56fc0203\" data-element_type=\"widget\" data-widget_type=\"spacer.default\">\n\t\t\t\t<div class=\"elementor-widget-container\">\n\t\t\t<style>\/*! elementor - v3.23.0 - 05-08-2024 *\/\n.elementor-column .elementor-spacer-inner{height:var(--spacer-size)}.e-con{--container-widget-width:100%}.e-con-inner>.elementor-widget-spacer,.e-con>.elementor-widget-spacer{width:var(--container-widget-width,var(--spacer-size));--align-self:var(--container-widget-align-self,initial);--flex-shrink:0}.e-con-inner>.elementor-widget-spacer>.elementor-widget-container,.e-con>.elementor-widget-spacer>.elementor-widget-container{height:100%;width:100%}.e-con-inner>.elementor-widget-spacer>.elementor-widget-container>.elementor-spacer,.e-con>.elementor-widget-spacer>.elementor-widget-container>.elementor-spacer{height:100%}.e-con-inner>.elementor-widget-spacer>.elementor-widget-container>.elementor-spacer>.elementor-spacer-inner,.e-con>.elementor-widget-spacer>.elementor-widget-container>.elementor-spacer>.elementor-spacer-inner{height:var(--container-widget-height,var(--spacer-size))}.e-con-inner>.elementor-widget-spacer.elementor-widget-empty,.e-con>.elementor-widget-spacer.elementor-widget-empty{position:relative;min-height:22px;min-width:22px}.e-con-inner>.elementor-widget-spacer.elementor-widget-empty .elementor-widget-empty-icon,.e-con>.elementor-widget-spacer.elementor-widget-empty .elementor-widget-empty-icon{position:absolute;top:0;bottom:0;left:0;right:0;margin:auto;padding:0;width:22px;height:22px}<\/style>\t\t<div class=\"elementor-spacer\">\n\t\t\t<div class=\"elementor-spacer-inner\"><\/div>\n\t\t<\/div>\n\t\t\t\t<\/div>\n\t\t\t\t<\/div>\n\t\t\t\t\t<\/div>\n\t\t<\/div>\n\t\t\t\t\t<\/div>\n\t\t<\/section>\n\t\t<div class=\"elementor-element elementor-element-22800d5c e-flex e-con-boxed e-con e-parent\" data-id=\"22800d5c\" data-element_type=\"container\">\n\t\t\t\t\t<div class=\"e-con-inner\">\n\t\t\t\t<div class=\"elementor-element elementor-element-18378403 elementor-widget elementor-widget-text-editor\" data-id=\"18378403\" data-element_type=\"widget\" data-widget_type=\"text-editor.default\">\n\t\t\t\t<div class=\"elementor-widget-container\">\n\t\t\t<style>\/*! elementor - v3.23.0 - 05-08-2024 *\/\n.elementor-widget-text-editor.elementor-drop-cap-view-stacked .elementor-drop-cap{background-color:#69727d;color:#fff}.elementor-widget-text-editor.elementor-drop-cap-view-framed .elementor-drop-cap{color:#69727d;border:3px solid;background-color:transparent}.elementor-widget-text-editor:not(.elementor-drop-cap-view-default) .elementor-drop-cap{margin-top:8px}.elementor-widget-text-editor:not(.elementor-drop-cap-view-default) .elementor-drop-cap-letter{width:1em;height:1em}.elementor-widget-text-editor .elementor-drop-cap{float:left;text-align:center;line-height:1;font-size:50px}.elementor-widget-text-editor .elementor-drop-cap-letter{display:inline-block}<\/style>\t\t\t\t<p>\u00a0<\/p>\n<p><strong>Maccion OCR<\/strong> es una herramienta avanzada de <strong>Reconocimiento \u00d3ptico de Caracteres (OCR)<\/strong> que permite automatizar la captura de informaci\u00f3n en etiquetas, documentos y productos, reduciendo los errores humanos y agilizando los procesos de registro de datos. Con <strong>Maccion OCR<\/strong>, puedes optimizar la gesti\u00f3n de <strong>albaranes, etiquetas de productos<\/strong> y otros documentos, mejorando la eficiencia operativa de tu planta.<\/p>\n\t\t\t\t\t\t<\/div>\n\t\t\t\t<\/div>\n\t\t\t\t<div class=\"elementor-element elementor-element-46a5f385 elementor-widget elementor-widget-text-editor\" data-id=\"46a5f385\" data-element_type=\"widget\" data-widget_type=\"text-editor.default\">\n\t\t\t\t<div class=\"elementor-widget-container\">\n\t\t\t\t\t\t\t<p>Caracter\u00edsticas principales:<\/p>\n<ul>\n<li><strong>Reconocimiento autom\u00e1tico de campos<\/strong> en etiquetas, albaranes y otros documentos.<\/li>\n<li><strong>Integraci\u00f3n con sistemas de gesti\u00f3n (ERP)<\/strong> para automatizar el registro de entradas y salidas de materiales.<\/li>\n<li><strong>Reducci\u00f3n de errores manuales<\/strong> en el proceso de captura de datos.<\/li>\n<li><strong>Procesamiento en tiempo real<\/strong> de la informaci\u00f3n para mejorar la trazabilidad y el control de stock.<\/li>\n<\/ul>\n\t\t\t\t\t\t<\/div>\n\t\t\t\t<\/div>\n\t\t\t\t<div class=\"elementor-element elementor-element-d402a16 elementor-widget elementor-widget-text-editor\" data-id=\"d402a16\" data-element_type=\"widget\" data-widget_type=\"text-editor.default\">\n\t\t\t\t<div class=\"elementor-widget-container\">\n\t\t\t\t\t\t\t<h4>\u00a0<\/h4>\n<p><strong>Maccion OCR<\/strong> est\u00e1 dise\u00f1ado para adaptarse a las necesidades de cualquier entorno productivo, garantizando una <strong>mayor precisi\u00f3n en la captura de datos<\/strong> y optimizando los procesos de documentaci\u00f3n. Al eliminar la necesidad de introducir manualmente los datos, las empresas pueden reducir errores y mejorar la trazabilidad de sus productos.<\/p>\n\t\t\t\t\t\t<\/div>\n\t\t\t\t<\/div>\n\t\t\t\t\t<\/div>\n\t\t\t\t<\/div>\n\t\t<div class=\"elementor-element elementor-element-4bf3fdbc e-flex e-con-boxed e-con e-parent\" data-id=\"4bf3fdbc\" data-element_type=\"container\">\n\t\t\t\t\t<div class=\"e-con-inner\">\n\t\t\t\t<div class=\"elementor-element elementor-element-40bdf206 elementor-cta--skin-classic elementor-animated-content elementor-bg-transform elementor-bg-transform-zoom-in elementor-widget elementor-widget-call-to-action\" data-id=\"40bdf206\" data-element_type=\"widget\" data-widget_type=\"call-to-action.default\">\n\t\t\t\t<div class=\"elementor-widget-container\">\n\t\t\t<link rel=\"stylesheet\" href=\"https:\/\/maccion.com\/wp-content\/plugins\/pro-elements\/assets\/css\/widget-call-to-action.min.css?ver=1724751992\">\t\t<div class=\"elementor-cta\">\n\t\t\t\t\t<div class=\"elementor-cta__bg-wrapper\">\n\t\t\t\t<div class=\"elementor-cta__bg elementor-bg\" style=\"background-image: url(https:\/\/maccion.com\/wp-content\/uploads\/2024\/09\/ocr_p-2-1024x384.webp);\" role=\"img\" aria-label=\"ocr_p-2\"><\/div>\n\t\t\t\t<div class=\"elementor-cta__bg-overlay\"><\/div>\n\t\t\t<\/div>\n\t\t\t\t\t\t\t<div class=\"elementor-cta__content\">\n\t\t\t\t\n\t\t\t\t\t\t\t\t\t<h2 class=\"elementor-cta__title elementor-cta__content-item elementor-content-item\">\n\t\t\t\t\t\tOptimiza la eficiencia de tu planta con Maccion OCR\t\t\t\t\t<\/h2>\n\t\t\t\t\n\t\t\t\t\t\t\t\t\t<div class=\"elementor-cta__description elementor-cta__content-item elementor-content-item\">\n\t\t\t\t\t\t<p>Descubre c\u00f3mo <strong>Maccion OCR<\/strong> puede mejorar la <strong>captura de datos<\/strong> en tu planta, reduciendo los errores humanos y agilizando el registro de informaci\u00f3n clave. Con la capacidad de <strong>reconocer autom\u00e1ticamente los campos en etiquetas y documentos<\/strong>, puedes automatizar procesos cr\u00edticos y <strong>mejorar la trazabilidad<\/strong>. \u00a1Obt\u00e9n m\u00e1s detalles en nuestro folleto informativo y empieza a optimizar tu captura de datos hoy mismo!<\/p>\n\t\t\t\t\t<\/div>\n\t\t\t\t\n\t\t\t\t\t\t\t\t\t<div class=\"elementor-cta__button-wrapper elementor-cta__content-item elementor-content-item \">\n\t\t\t\t\t<a class=\"elementor-cta__button elementor-button elementor-size-\" href=\"https:\/\/forms.office.com\/e\/NH95VrbSvv\">\n\t\t\t\t\t\tDescargar\t\t\t\t\t<\/a>\n\t\t\t\t\t<\/div>\n\t\t\t\t\t\t\t<\/div>\n\t\t\t\t\t\t<\/div>\n\t\t\t\t<\/div>\n\t\t\t\t<\/div>\n\t\t\t\t\t<\/div>\n\t\t\t\t<\/div>\n\t\t\t\t<\/div>\n\t\t","protected":false},"excerpt":{"rendered":"<p>Automatitzaci\u00f3 de Dades amb Macci\u00f3 OCR Captura Autom\u00e0tica de Dades i Reconeixement d&#8217;Etiquetes amb Maccion OCR \u00a0 Maccion OCR es una herramienta avanzada de [&hellip;]<\/p>\n","protected":false},"author":1,"featured_media":0,"parent":0,"menu_order":0,"comment_status":"closed","ping_status":"closed","template":"page-custom.php","meta":{"_acf_changed":false,"_monsterinsights_skip_tracking":false,"_monsterinsights_sitenote_active":false,"_monsterinsights_sitenote_note":"","_monsterinsights_sitenote_category":0,"footnotes":""},"class_list":["post-5001","page","type-page","status-publish","hentry"],"acf":{"full_width":false,"header_transparent":false,"header_white":false},"yoast_head":"<!-- This site is optimized with the Yoast SEO plugin v23.6 - https:\/\/yoast.com\/wordpress\/plugins\/seo\/ -->\n<title>Automatitzaci\u00f3 de Dades amb Maccion OCR - Maccion Lean Solutions: Solucions per Optimitzar la Ind\u00fastria i la F\u00e0brica<\/title>\n<meta name=\"robots\" content=\"index, follow, max-snippet:-1, max-image-preview:large, max-video-preview:-1\" \/>\n<link rel=\"canonical\" href=\"https:\/\/maccion.com\/ca\/automatitzacio-de-dades-amb-maccion-ocr\/\" \/>\n<meta property=\"og:locale\" content=\"ca_ES\" \/>\n<meta property=\"og:type\" content=\"article\" \/>\n<meta property=\"og:title\" content=\"Automatitzaci\u00f3 de Dades amb Maccion OCR - Maccion Lean Solutions: Solucions per Optimitzar la Ind\u00fastria i la F\u00e0brica\" \/>\n<meta property=\"og:description\" content=\"Automatitzaci\u00f3 de Dades amb Macci\u00f3 OCR Captura Autom\u00e0tica de Dades i Reconeixement d&#8217;Etiquetes amb Maccion OCR \u00a0 Maccion OCR es una herramienta avanzada de [&hellip;]\" \/>\n<meta property=\"og:url\" content=\"https:\/\/maccion.com\/ca\/automatitzacio-de-dades-amb-maccion-ocr\/\" \/>\n<meta property=\"og:site_name\" content=\"Maccion Lean Solutions: Solucions per Optimitzar la Ind\u00fastria i la F\u00e0brica\" \/>\n<meta property=\"article:modified_time\" content=\"2025-06-22T14:47:53+00:00\" \/>\n<meta property=\"og:image\" content=\"https:\/\/demo.maccion.com\/wp-content\/uploads\/2024\/09\/ocr_p-1.webp\" \/>\n<meta name=\"twitter:card\" content=\"summary_large_image\" \/>\n<meta name=\"twitter:label1\" content=\"Temps estimat de lectura\" \/>\n\t<meta name=\"twitter:data1\" content=\"2 minuts\" \/>\n<script type=\"application\/ld+json\" class=\"yoast-schema-graph\">{\"@context\":\"https:\/\/schema.org\",\"@graph\":[{\"@type\":\"WebPage\",\"@id\":\"https:\/\/maccion.com\/ca\/automatitzacio-de-dades-amb-maccion-ocr\/\",\"url\":\"https:\/\/maccion.com\/ca\/automatitzacio-de-dades-amb-maccion-ocr\/\",\"name\":\"Automatitzaci\u00f3 de Dades amb Maccion OCR - Maccion Lean Solutions: Solucions per Optimitzar la Ind\u00fastria i la F\u00e0brica\",\"isPartOf\":{\"@id\":\"https:\/\/maccion.com\/ca\/#website\"},\"primaryImageOfPage\":{\"@id\":\"https:\/\/maccion.com\/ca\/automatitzacio-de-dades-amb-maccion-ocr\/#primaryimage\"},\"image\":{\"@id\":\"https:\/\/maccion.com\/ca\/automatitzacio-de-dades-amb-maccion-ocr\/#primaryimage\"},\"thumbnailUrl\":\"https:\/\/demo.maccion.com\/wp-content\/uploads\/2024\/09\/ocr_p-1.webp\",\"datePublished\":\"2024-09-10T08:04:47+00:00\",\"dateModified\":\"2025-06-22T14:47:53+00:00\",\"breadcrumb\":{\"@id\":\"https:\/\/maccion.com\/ca\/automatitzacio-de-dades-amb-maccion-ocr\/#breadcrumb\"},\"inLanguage\":\"ca\",\"potentialAction\":[{\"@type\":\"ReadAction\",\"target\":[\"https:\/\/maccion.com\/ca\/automatitzacio-de-dades-amb-maccion-ocr\/\"]}]},{\"@type\":\"ImageObject\",\"inLanguage\":\"ca\",\"@id\":\"https:\/\/maccion.com\/ca\/automatitzacio-de-dades-amb-maccion-ocr\/#primaryimage\",\"url\":\"https:\/\/demo.maccion.com\/wp-content\/uploads\/2024\/09\/ocr_p-1.webp\",\"contentUrl\":\"https:\/\/demo.maccion.com\/wp-content\/uploads\/2024\/09\/ocr_p-1.webp\"},{\"@type\":\"BreadcrumbList\",\"@id\":\"https:\/\/maccion.com\/ca\/automatitzacio-de-dades-amb-maccion-ocr\/#breadcrumb\",\"itemListElement\":[{\"@type\":\"ListItem\",\"position\":1,\"name\":\"Home\",\"item\":\"https:\/\/maccion.com\/ca\/\"},{\"@type\":\"ListItem\",\"position\":2,\"name\":\"Automatitzaci\u00f3 de Dades amb Maccion OCR\"}]},{\"@type\":\"WebSite\",\"@id\":\"https:\/\/maccion.com\/ca\/#website\",\"url\":\"https:\/\/maccion.com\/ca\/\",\"name\":\"Maccion Lean Solutions: Solucions per Optimitzar la Ind\u00fastria i la F\u00e0brica\",\"description\":\"Descobreix les solucions de Maccion Lean per transformar la teva ind\u00fastria amb tecnologia avan\u00e7ada i optimitzaci\u00f3 de processos.\",\"potentialAction\":[{\"@type\":\"SearchAction\",\"target\":{\"@type\":\"EntryPoint\",\"urlTemplate\":\"https:\/\/maccion.com\/ca\/?s={search_term_string}\"},\"query-input\":{\"@type\":\"PropertyValueSpecification\",\"valueRequired\":true,\"valueName\":\"search_term_string\"}}],\"inLanguage\":\"ca\"}]}<\/script>\n<!-- \/ Yoast SEO plugin. -->","yoast_head_json":{"title":"Automatitzaci\u00f3 de Dades amb Maccion OCR - Maccion Lean Solutions: Solucions per Optimitzar la Ind\u00fastria i la F\u00e0brica","robots":{"index":"index","follow":"follow","max-snippet":"max-snippet:-1","max-image-preview":"max-image-preview:large","max-video-preview":"max-video-preview:-1"},"canonical":"https:\/\/maccion.com\/ca\/automatitzacio-de-dades-amb-maccion-ocr\/","og_locale":"ca_ES","og_type":"article","og_title":"Automatitzaci\u00f3 de Dades amb Maccion OCR - Maccion Lean Solutions: Solucions per Optimitzar la Ind\u00fastria i la F\u00e0brica","og_description":"Automatitzaci\u00f3 de Dades amb Macci\u00f3 OCR Captura Autom\u00e0tica de Dades i Reconeixement d&#8217;Etiquetes amb Maccion OCR \u00a0 Maccion OCR es una herramienta avanzada de [&hellip;]","og_url":"https:\/\/maccion.com\/ca\/automatitzacio-de-dades-amb-maccion-ocr\/","og_site_name":"Maccion Lean Solutions: Solucions per Optimitzar la Ind\u00fastria i la F\u00e0brica","article_modified_time":"2025-06-22T14:47:53+00:00","og_image":[{"url":"https:\/\/demo.maccion.com\/wp-content\/uploads\/2024\/09\/ocr_p-1.webp"}],"twitter_card":"summary_large_image","twitter_misc":{"Temps estimat de lectura":"2 minuts"},"schema":{"@context":"https:\/\/schema.org","@graph":[{"@type":"WebPage","@id":"https:\/\/maccion.com\/ca\/automatitzacio-de-dades-amb-maccion-ocr\/","url":"https:\/\/maccion.com\/ca\/automatitzacio-de-dades-amb-maccion-ocr\/","name":"Automatitzaci\u00f3 de Dades amb Maccion OCR - Maccion Lean Solutions: Solucions per Optimitzar la Ind\u00fastria i la F\u00e0brica","isPartOf":{"@id":"https:\/\/maccion.com\/ca\/#website"},"primaryImageOfPage":{"@id":"https:\/\/maccion.com\/ca\/automatitzacio-de-dades-amb-maccion-ocr\/#primaryimage"},"image":{"@id":"https:\/\/maccion.com\/ca\/automatitzacio-de-dades-amb-maccion-ocr\/#primaryimage"},"thumbnailUrl":"https:\/\/demo.maccion.com\/wp-content\/uploads\/2024\/09\/ocr_p-1.webp","datePublished":"2024-09-10T08:04:47+00:00","dateModified":"2025-06-22T14:47:53+00:00","breadcrumb":{"@id":"https:\/\/maccion.com\/ca\/automatitzacio-de-dades-amb-maccion-ocr\/#breadcrumb"},"inLanguage":"ca","potentialAction":[{"@type":"ReadAction","target":["https:\/\/maccion.com\/ca\/automatitzacio-de-dades-amb-maccion-ocr\/"]}]},{"@type":"ImageObject","inLanguage":"ca","@id":"https:\/\/maccion.com\/ca\/automatitzacio-de-dades-amb-maccion-ocr\/#primaryimage","url":"https:\/\/demo.maccion.com\/wp-content\/uploads\/2024\/09\/ocr_p-1.webp","contentUrl":"https:\/\/demo.maccion.com\/wp-content\/uploads\/2024\/09\/ocr_p-1.webp"},{"@type":"BreadcrumbList","@id":"https:\/\/maccion.com\/ca\/automatitzacio-de-dades-amb-maccion-ocr\/#breadcrumb","itemListElement":[{"@type":"ListItem","position":1,"name":"Home","item":"https:\/\/maccion.com\/ca\/"},{"@type":"ListItem","position":2,"name":"Automatitzaci\u00f3 de Dades amb Maccion OCR"}]},{"@type":"WebSite","@id":"https:\/\/maccion.com\/ca\/#website","url":"https:\/\/maccion.com\/ca\/","name":"Maccion Lean Solutions: Solucions per Optimitzar la Ind\u00fastria i la F\u00e0brica","description":"Descobreix les solucions de Maccion Lean per transformar la teva ind\u00fastria amb tecnologia avan\u00e7ada i optimitzaci\u00f3 de processos.","potentialAction":[{"@type":"SearchAction","target":{"@type":"EntryPoint","urlTemplate":"https:\/\/maccion.com\/ca\/?s={search_term_string}"},"query-input":{"@type":"PropertyValueSpecification","valueRequired":true,"valueName":"search_term_string"}}],"inLanguage":"ca"}]}},"_links":{"self":[{"href":"https:\/\/maccion.com\/ca\/wp-json\/wp\/v2\/pages\/5001","targetHints":{"allow":["GET"]}}],"collection":[{"href":"https:\/\/maccion.com\/ca\/wp-json\/wp\/v2\/pages"}],"about":[{"href":"https:\/\/maccion.com\/ca\/wp-json\/wp\/v2\/types\/page"}],"author":[{"embeddable":true,"href":"https:\/\/maccion.com\/ca\/wp-json\/wp\/v2\/users\/1"}],"replies":[{"embeddable":true,"href":"https:\/\/maccion.com\/ca\/wp-json\/wp\/v2\/comments?post=5001"}],"version-history":[{"count":7,"href":"https:\/\/maccion.com\/ca\/wp-json\/wp\/v2\/pages\/5001\/revisions"}],"predecessor-version":[{"id":6117,"href":"https:\/\/maccion.com\/ca\/wp-json\/wp\/v2\/pages\/5001\/revisions\/6117"}],"wp:attachment":[{"href":"https:\/\/maccion.com\/ca\/wp-json\/wp\/v2\/media?parent=5001"}],"curies":[{"name":"wp","href":"https:\/\/api.w.org\/{rel}","templated":true}]}}