{"id":5035,"date":"2024-09-10T06:19:40","date_gmt":"2024-09-10T06:19:40","guid":{"rendered":"https:\/\/maccion.com\/control-de-qualitat-i-tracabilitat-amb-maccion-vision\/"},"modified":"2025-06-22T14:50:34","modified_gmt":"2025-06-22T14:50:34","slug":"control-de-qualitat-i-tracabilitat-amb-maccion-vision","status":"publish","type":"page","link":"https:\/\/maccion.com\/ca\/control-de-qualitat-i-tracabilitat-amb-maccion-vision\/","title":{"rendered":"Control de Qualitat i Tra\u00e7abilitat amb Maccion Vision"},"content":{"rendered":"\t\t<div data-elementor-type=\"wp-page\" data-elementor-id=\"5035\" class=\"elementor elementor-5035 elementor-3802\" data-elementor-post-type=\"page\">\n\t\t\t\t\t\t<section class=\"elementor-section elementor-top-section elementor-element elementor-element-51ea4f5 elementor-section-full_width elementor-section-height-default elementor-section-height-default\" data-id=\"51ea4f5\" data-element_type=\"section\">\n\t\t\t\t\t\t<div class=\"elementor-container elementor-column-gap-no\">\n\t\t\t\t\t<div class=\"elementor-column elementor-col-100 elementor-top-column elementor-element elementor-element-3c625d57\" data-id=\"3c625d57\" data-element_type=\"column\">\n\t\t\t<div class=\"elementor-widget-wrap elementor-element-populated\">\n\t\t\t\t\t\t<div class=\"elementor-element elementor-element-51edbc66 elementor-widget elementor-widget-ms-hero\" data-id=\"51edbc66\" data-element_type=\"widget\" data-widget_type=\"ms-hero.default\">\n\t\t\t\t<div class=\"elementor-widget-container\">\n\t\t\t\r\n        <section class=\"ms-hero\" id=\"51edbc66\">\r\n\r\n            \r\n                            <div class=\"ms-parallax\" data-speed=\"0.7\" data-type=\"scroll\">\r\n                                            <img decoding=\"async\" class=\"jarallax-img\" src=\"https:\/\/demo.maccion.com\/wp-content\/uploads\/2024\/09\/macvis_p-1.webp\" alt=\"\">\r\n                                                        <\/div>\r\n            \r\n            \r\n                \r\n                    <div class=\"ms-hc\">\r\n                        <div class=\"ms-hc--inner\">\r\n                                                            <h1 class=\"ms-hero-title\">Control de Qualitat i Tra\u00e7abilitat amb Maccion Vision<\/h1>\r\n                                                                                        <p class=\"ms-hero-subtitle\">Visi\u00f3 Artificial per a la Qualitat i Tra\u00e7abilitat en Temps Real\n\n<\/p>\r\n                                                    <\/div>\r\n                    <\/div>\r\n\r\n                \r\n                \r\n            \r\n        <\/section>\r\n\r\n    \t\t<\/div>\n\t\t\t\t<\/div>\n\t\t\t\t<div class=\"elementor-element elementor-element-6af6d8c9 elementor-widget elementor-widget-spacer\" data-id=\"6af6d8c9\" data-element_type=\"widget\" data-widget_type=\"spacer.default\">\n\t\t\t\t<div class=\"elementor-widget-container\">\n\t\t\t<style>\/*! elementor - v3.23.0 - 05-08-2024 *\/\n.elementor-column .elementor-spacer-inner{height:var(--spacer-size)}.e-con{--container-widget-width:100%}.e-con-inner>.elementor-widget-spacer,.e-con>.elementor-widget-spacer{width:var(--container-widget-width,var(--spacer-size));--align-self:var(--container-widget-align-self,initial);--flex-shrink:0}.e-con-inner>.elementor-widget-spacer>.elementor-widget-container,.e-con>.elementor-widget-spacer>.elementor-widget-container{height:100%;width:100%}.e-con-inner>.elementor-widget-spacer>.elementor-widget-container>.elementor-spacer,.e-con>.elementor-widget-spacer>.elementor-widget-container>.elementor-spacer{height:100%}.e-con-inner>.elementor-widget-spacer>.elementor-widget-container>.elementor-spacer>.elementor-spacer-inner,.e-con>.elementor-widget-spacer>.elementor-widget-container>.elementor-spacer>.elementor-spacer-inner{height:var(--container-widget-height,var(--spacer-size))}.e-con-inner>.elementor-widget-spacer.elementor-widget-empty,.e-con>.elementor-widget-spacer.elementor-widget-empty{position:relative;min-height:22px;min-width:22px}.e-con-inner>.elementor-widget-spacer.elementor-widget-empty .elementor-widget-empty-icon,.e-con>.elementor-widget-spacer.elementor-widget-empty .elementor-widget-empty-icon{position:absolute;top:0;bottom:0;left:0;right:0;margin:auto;padding:0;width:22px;height:22px}<\/style>\t\t<div class=\"elementor-spacer\">\n\t\t\t<div class=\"elementor-spacer-inner\"><\/div>\n\t\t<\/div>\n\t\t\t\t<\/div>\n\t\t\t\t<\/div>\n\t\t\t\t\t<\/div>\n\t\t<\/div>\n\t\t\t\t\t<\/div>\n\t\t<\/section>\n\t\t<div class=\"elementor-element elementor-element-3493dc94 e-flex e-con-boxed e-con e-parent\" data-id=\"3493dc94\" data-element_type=\"container\">\n\t\t\t\t\t<div class=\"e-con-inner\">\n\t\t\t\t<div class=\"elementor-element elementor-element-55ecc74a elementor-widget elementor-widget-text-editor\" data-id=\"55ecc74a\" data-element_type=\"widget\" data-widget_type=\"text-editor.default\">\n\t\t\t\t<div class=\"elementor-widget-container\">\n\t\t\t<style>\/*! elementor - v3.23.0 - 05-08-2024 *\/\n.elementor-widget-text-editor.elementor-drop-cap-view-stacked .elementor-drop-cap{background-color:#69727d;color:#fff}.elementor-widget-text-editor.elementor-drop-cap-view-framed .elementor-drop-cap{color:#69727d;border:3px solid;background-color:transparent}.elementor-widget-text-editor:not(.elementor-drop-cap-view-default) .elementor-drop-cap{margin-top:8px}.elementor-widget-text-editor:not(.elementor-drop-cap-view-default) .elementor-drop-cap-letter{width:1em;height:1em}.elementor-widget-text-editor .elementor-drop-cap{float:left;text-align:center;line-height:1;font-size:50px}.elementor-widget-text-editor .elementor-drop-cap-letter{display:inline-block}<\/style>\t\t\t\t<p><strong><span style=\"vertical-align: inherit;\"><span style=\"vertical-align: inherit;\">Maccion Vision<\/span><\/span><\/strong><span style=\"vertical-align: inherit;\"><span style=\"vertical-align: inherit;\"> \u00e9s una soluci\u00f3 avan\u00e7ada de <\/span><\/span><strong><span style=\"vertical-align: inherit;\"><span style=\"vertical-align: inherit;\">visi\u00f3 artificial<\/span><\/span><\/strong><span style=\"vertical-align: inherit;\"><span style=\"vertical-align: inherit;\"> dissenyada per millorar la <\/span><\/span><strong><span style=\"vertical-align: inherit;\"><span style=\"vertical-align: inherit;\">qualitat dels processos productius<\/span><\/span><\/strong><span style=\"vertical-align: inherit;\"><span style=\"vertical-align: inherit;\"> i garantir una <\/span><\/span><strong><span style=\"vertical-align: inherit;\"><span style=\"vertical-align: inherit;\">tra\u00e7abilitat completa<\/span><\/span><\/strong><span style=\"vertical-align: inherit;\"><span style=\"vertical-align: inherit;\"> a tota la l\u00ednia de producci\u00f3. Utilitzant <\/span><\/span><strong><span style=\"vertical-align: inherit;\"><span style=\"vertical-align: inherit;\">tecnologia de reconeixement d&#8217;imatges<\/span><\/span><\/strong><span style=\"vertical-align: inherit;\"><span style=\"vertical-align: inherit;\"> i <\/span><\/span><strong><span style=\"vertical-align: inherit;\"><span style=\"vertical-align: inherit;\">sistemes OCR<\/span><\/span><\/strong><span style=\"vertical-align: inherit;\"><span style=\"vertical-align: inherit;\"> , <\/span><\/span><strong><span style=\"vertical-align: inherit;\"><span style=\"vertical-align: inherit;\">Maccion Vision<\/span><\/span><\/strong><span style=\"vertical-align: inherit;\"><span style=\"vertical-align: inherit;\"> permet la inspecci\u00f3 autom\u00e0tica i en temps real de productes, assegurant que cada article compleixi els m\u00e9s alts est\u00e0ndards de qualitat.<\/span><\/span><\/p>\n\t\t\t\t\t\t<\/div>\n\t\t\t\t<\/div>\n\t\t\t\t<div class=\"elementor-element elementor-element-588e31db elementor-widget elementor-widget-text-editor\" data-id=\"588e31db\" data-element_type=\"widget\" data-widget_type=\"text-editor.default\">\n\t\t\t\t<div class=\"elementor-widget-container\">\n\t\t\t\t\t\t\t<p><span style=\"vertical-align: inherit;\"><span style=\"vertical-align: inherit;\">Caracter\u00edstiques principals:<\/span><\/span><\/p>\n<ul>\n<li><strong><span style=\"vertical-align: inherit;\"><span style=\"vertical-align: inherit;\">Sistemes dinspecci\u00f3 autom\u00e0tica<\/span><\/span><\/strong><span style=\"vertical-align: inherit;\"><span style=\"vertical-align: inherit;\"> mitjan\u00e7ant <\/span><\/span><strong><span style=\"vertical-align: inherit;\"><span style=\"vertical-align: inherit;\">visi\u00f3 artificial<\/span><\/span><\/strong><span style=\"vertical-align: inherit;\"><span style=\"vertical-align: inherit;\"> que garanteixen una detecci\u00f3 precisa de defectes.<\/span><\/span><\/li>\n<li><strong><span style=\"vertical-align: inherit;\"><span style=\"vertical-align: inherit;\">OCR (Reconeixement \u00d2ptic de Car\u00e0cters)<\/span><\/span><\/strong><span style=\"vertical-align: inherit;\"><span style=\"vertical-align: inherit;\"> per a la captura i verificaci\u00f3 de dades en etiquetes i documents.<\/span><\/span><\/li>\n<li><strong><span style=\"vertical-align: inherit;\"><span style=\"vertical-align: inherit;\">Control de qualitat en temps real<\/span><\/span><\/strong><span style=\"vertical-align: inherit;\"><span style=\"vertical-align: inherit;\"> per detectar defectes abans que arribin al seg\u00fcent pas de la producci\u00f3.<\/span><\/span><\/li>\n<li><strong><span style=\"vertical-align: inherit;\"><span style=\"vertical-align: inherit;\">Tra\u00e7abilitat completa<\/span><\/span><\/strong><span style=\"vertical-align: inherit;\"><span style=\"vertical-align: inherit;\"> mitjan\u00e7ant la integraci\u00f3 amb sistemes de seguiment com <\/span><\/span><strong><span style=\"vertical-align: inherit;\"><span style=\"vertical-align: inherit;\">BiTrace<\/span><\/span><\/strong><span style=\"vertical-align: inherit;\"><span style=\"vertical-align: inherit;\"> .<\/span><\/span><\/li>\n<\/ul>\n\t\t\t\t\t\t<\/div>\n\t\t\t\t<\/div>\n\t\t\t\t<div class=\"elementor-element elementor-element-708cf54 elementor-widget elementor-widget-text-editor\" data-id=\"708cf54\" data-element_type=\"widget\" data-widget_type=\"text-editor.default\">\n\t\t\t\t<div class=\"elementor-widget-container\">\n\t\t\t\t\t\t\t<h4><\/h4>\n<p><span style=\"vertical-align: inherit;\"><span style=\"vertical-align: inherit;\">Amb <\/span><\/span><strong><span style=\"vertical-align: inherit;\"><span style=\"vertical-align: inherit;\">Maccion Vision<\/span><\/span><\/strong><span style=\"vertical-align: inherit;\"><span style=\"vertical-align: inherit;\"> , pots assegurar que cada producte que surt de la teva planta compleix els requisits de qualitat, reduint al m\u00ednim els errors humans i els productes defectuosos. A m\u00e9s, la capacitat de capturar informaci\u00f3 mitjan\u00e7ant <\/span><\/span><strong><span style=\"vertical-align: inherit;\"><span style=\"vertical-align: inherit;\">OCR<\/span><\/span><\/strong><span style=\"vertical-align: inherit;\"><span style=\"vertical-align: inherit;\"> et permet automatitzar i optimitzar la gesti\u00f3 d&#8217;etiquetes, registres i tra\u00e7abilitat.<\/span><\/span><\/p>\n\t\t\t\t\t\t<\/div>\n\t\t\t\t<\/div>\n\t\t\t\t\t<\/div>\n\t\t\t\t<\/div>\n\t\t<div class=\"elementor-element elementor-element-3b376d98 e-flex e-con-boxed e-con e-parent\" data-id=\"3b376d98\" data-element_type=\"container\">\n\t\t\t\t\t<div class=\"e-con-inner\">\n\t\t\t\t<div class=\"elementor-element elementor-element-5fa647ff elementor-cta--skin-classic elementor-animated-content elementor-bg-transform elementor-bg-transform-zoom-in elementor-widget elementor-widget-call-to-action\" data-id=\"5fa647ff\" data-element_type=\"widget\" data-widget_type=\"call-to-action.default\">\n\t\t\t\t<div class=\"elementor-widget-container\">\n\t\t\t<link rel=\"stylesheet\" href=\"https:\/\/maccion.com\/wp-content\/plugins\/pro-elements\/assets\/css\/widget-call-to-action.min.css?ver=1724751992\">\t\t<div class=\"elementor-cta\">\n\t\t\t\t\t<div class=\"elementor-cta__bg-wrapper\">\n\t\t\t\t<div class=\"elementor-cta__bg elementor-bg\" style=\"background-image: url(https:\/\/maccion.com\/wp-content\/uploads\/2024\/09\/macvis_p-2-1024x682.webp);\" role=\"img\" aria-label=\"macvis_p-2\"><\/div>\n\t\t\t\t<div class=\"elementor-cta__bg-overlay\"><\/div>\n\t\t\t<\/div>\n\t\t\t\t\t\t\t<div class=\"elementor-cta__content\">\n\t\t\t\t\n\t\t\t\t\t\t\t\t\t<h2 class=\"elementor-cta__title elementor-cta__content-item elementor-content-item\">\n\t\t\t\t\t\tOptimiza la eficiencia de tu planta con Maccion Vision\t\t\t\t\t<\/h2>\n\t\t\t\t\n\t\t\t\t\t\t\t\t\t<div class=\"elementor-cta__description elementor-cta__content-item elementor-content-item\">\n\t\t\t\t\t\t<p><span style=\"vertical-align: inherit;\"><span style=\"vertical-align: inherit;\">Descobreix com <\/span><\/span><strong><span style=\"vertical-align: inherit;\"><span style=\"vertical-align: inherit;\">Maccion Vision<\/span><\/span><\/strong><span style=\"vertical-align: inherit;\"><span style=\"vertical-align: inherit;\"> pot millorar la <\/span><\/span><strong><span style=\"vertical-align: inherit;\"><span style=\"vertical-align: inherit;\">qualitat<\/span><\/span><\/strong><span style=\"vertical-align: inherit;\"><span style=\"vertical-align: inherit;\"> i la <\/span><\/span><strong><span style=\"vertical-align: inherit;\"><span style=\"vertical-align: inherit;\">tra\u00e7abilitat<\/span><\/span><\/strong><span style=\"vertical-align: inherit;\"><span style=\"vertical-align: inherit;\"> dels teus productes a temps real. Amb sistemes de <\/span><\/span><strong><span style=\"vertical-align: inherit;\"><span style=\"vertical-align: inherit;\">visi\u00f3 artificial<\/span><\/span><\/strong><span style=\"vertical-align: inherit;\"><span style=\"vertical-align: inherit;\"> i <\/span><\/span><strong><span style=\"vertical-align: inherit;\"><span style=\"vertical-align: inherit;\">OCR<\/span><\/span><\/strong><span style=\"vertical-align: inherit;\"><span style=\"vertical-align: inherit;\"> , pots detectar defectes, automatitzar la inspecci\u00f3 de qualitat i millorar la tra\u00e7abilitat al llarg de tota la l\u00ednia de producci\u00f3. Descarrega el nostre fullet\u00f3 informatiu i comen\u00e7a a optimitzar els teus processos avui mateix!<\/span><\/span><\/p>\n\t\t\t\t\t<\/div>\n\t\t\t\t\n\t\t\t\t\t\t\t\t\t<div class=\"elementor-cta__button-wrapper elementor-cta__content-item elementor-content-item \">\n\t\t\t\t\t<a class=\"elementor-cta__button elementor-button elementor-size-\" href=\"https:\/\/forms.office.com\/e\/NH95VrbSvv\">\n\t\t\t\t\t\tDescargar\t\t\t\t\t<\/a>\n\t\t\t\t\t<\/div>\n\t\t\t\t\t\t\t<\/div>\n\t\t\t\t\t\t<\/div>\n\t\t\t\t<\/div>\n\t\t\t\t<\/div>\n\t\t\t\t\t<\/div>\n\t\t\t\t<\/div>\n\t\t\t\t<\/div>\n\t\t","protected":false},"excerpt":{"rendered":"<p>Control de Qualitat i Tra\u00e7abilitat amb Maccion Vision Visi\u00f3 Artificial per a la Qualitat i Tra\u00e7abilitat en Temps Real Maccion Vision \u00e9s una soluci\u00f3 [&hellip;]<\/p>\n","protected":false},"author":1,"featured_media":0,"parent":0,"menu_order":0,"comment_status":"closed","ping_status":"closed","template":"page-custom.php","meta":{"_acf_changed":false,"_monsterinsights_skip_tracking":false,"_monsterinsights_sitenote_active":false,"_monsterinsights_sitenote_note":"","_monsterinsights_sitenote_category":0,"footnotes":""},"class_list":["post-5035","page","type-page","status-publish","hentry"],"acf":{"full_width":false,"header_transparent":false,"header_white":false},"yoast_head":"<!-- This site is optimized with the Yoast SEO plugin v23.6 - https:\/\/yoast.com\/wordpress\/plugins\/seo\/ -->\n<title>Control de Qualitat i Tra\u00e7abilitat amb Maccion Vision - Maccion Lean Solutions: Solucions per Optimitzar la Ind\u00fastria i la F\u00e0brica<\/title>\n<meta name=\"robots\" content=\"index, follow, max-snippet:-1, max-image-preview:large, max-video-preview:-1\" \/>\n<link rel=\"canonical\" href=\"https:\/\/maccion.com\/ca\/control-de-qualitat-i-tracabilitat-amb-maccion-vision\/\" \/>\n<meta property=\"og:locale\" content=\"ca_ES\" \/>\n<meta property=\"og:type\" content=\"article\" \/>\n<meta property=\"og:title\" content=\"Control de Qualitat i Tra\u00e7abilitat amb Maccion Vision - Maccion Lean Solutions: Solucions per Optimitzar la Ind\u00fastria i la F\u00e0brica\" \/>\n<meta property=\"og:description\" content=\"Control de Qualitat i Tra\u00e7abilitat amb Maccion Vision Visi\u00f3 Artificial per a la Qualitat i Tra\u00e7abilitat en Temps Real Maccion Vision \u00e9s una soluci\u00f3 [&hellip;]\" \/>\n<meta property=\"og:url\" content=\"https:\/\/maccion.com\/ca\/control-de-qualitat-i-tracabilitat-amb-maccion-vision\/\" \/>\n<meta property=\"og:site_name\" content=\"Maccion Lean Solutions: Solucions per Optimitzar la Ind\u00fastria i la F\u00e0brica\" \/>\n<meta property=\"article:modified_time\" content=\"2025-06-22T14:50:34+00:00\" \/>\n<meta property=\"og:image\" content=\"https:\/\/demo.maccion.com\/wp-content\/uploads\/2024\/09\/macvis_p-1.webp\" \/>\n<meta name=\"twitter:card\" content=\"summary_large_image\" \/>\n<meta name=\"twitter:label1\" content=\"Temps estimat de lectura\" \/>\n\t<meta name=\"twitter:data1\" content=\"2 minuts\" \/>\n<script type=\"application\/ld+json\" class=\"yoast-schema-graph\">{\"@context\":\"https:\/\/schema.org\",\"@graph\":[{\"@type\":\"WebPage\",\"@id\":\"https:\/\/maccion.com\/ca\/control-de-qualitat-i-tracabilitat-amb-maccion-vision\/\",\"url\":\"https:\/\/maccion.com\/ca\/control-de-qualitat-i-tracabilitat-amb-maccion-vision\/\",\"name\":\"Control de Qualitat i Tra\u00e7abilitat amb Maccion Vision - Maccion Lean Solutions: Solucions per Optimitzar la Ind\u00fastria i la F\u00e0brica\",\"isPartOf\":{\"@id\":\"https:\/\/maccion.com\/ca\/#website\"},\"primaryImageOfPage\":{\"@id\":\"https:\/\/maccion.com\/ca\/control-de-qualitat-i-tracabilitat-amb-maccion-vision\/#primaryimage\"},\"image\":{\"@id\":\"https:\/\/maccion.com\/ca\/control-de-qualitat-i-tracabilitat-amb-maccion-vision\/#primaryimage\"},\"thumbnailUrl\":\"https:\/\/demo.maccion.com\/wp-content\/uploads\/2024\/09\/macvis_p-1.webp\",\"datePublished\":\"2024-09-10T06:19:40+00:00\",\"dateModified\":\"2025-06-22T14:50:34+00:00\",\"breadcrumb\":{\"@id\":\"https:\/\/maccion.com\/ca\/control-de-qualitat-i-tracabilitat-amb-maccion-vision\/#breadcrumb\"},\"inLanguage\":\"ca\",\"potentialAction\":[{\"@type\":\"ReadAction\",\"target\":[\"https:\/\/maccion.com\/ca\/control-de-qualitat-i-tracabilitat-amb-maccion-vision\/\"]}]},{\"@type\":\"ImageObject\",\"inLanguage\":\"ca\",\"@id\":\"https:\/\/maccion.com\/ca\/control-de-qualitat-i-tracabilitat-amb-maccion-vision\/#primaryimage\",\"url\":\"https:\/\/demo.maccion.com\/wp-content\/uploads\/2024\/09\/macvis_p-1.webp\",\"contentUrl\":\"https:\/\/demo.maccion.com\/wp-content\/uploads\/2024\/09\/macvis_p-1.webp\"},{\"@type\":\"BreadcrumbList\",\"@id\":\"https:\/\/maccion.com\/ca\/control-de-qualitat-i-tracabilitat-amb-maccion-vision\/#breadcrumb\",\"itemListElement\":[{\"@type\":\"ListItem\",\"position\":1,\"name\":\"Home\",\"item\":\"https:\/\/maccion.com\/ca\/\"},{\"@type\":\"ListItem\",\"position\":2,\"name\":\"Control de Qualitat i Tra\u00e7abilitat amb Maccion Vision\"}]},{\"@type\":\"WebSite\",\"@id\":\"https:\/\/maccion.com\/ca\/#website\",\"url\":\"https:\/\/maccion.com\/ca\/\",\"name\":\"Maccion Lean Solutions: Solucions per Optimitzar la Ind\u00fastria i la F\u00e0brica\",\"description\":\"Descobreix les solucions de Maccion Lean per transformar la teva ind\u00fastria amb tecnologia avan\u00e7ada i optimitzaci\u00f3 de processos.\",\"potentialAction\":[{\"@type\":\"SearchAction\",\"target\":{\"@type\":\"EntryPoint\",\"urlTemplate\":\"https:\/\/maccion.com\/ca\/?s={search_term_string}\"},\"query-input\":{\"@type\":\"PropertyValueSpecification\",\"valueRequired\":true,\"valueName\":\"search_term_string\"}}],\"inLanguage\":\"ca\"}]}<\/script>\n<!-- \/ Yoast SEO plugin. -->","yoast_head_json":{"title":"Control de Qualitat i Tra\u00e7abilitat amb Maccion Vision - Maccion Lean Solutions: Solucions per Optimitzar la Ind\u00fastria i la F\u00e0brica","robots":{"index":"index","follow":"follow","max-snippet":"max-snippet:-1","max-image-preview":"max-image-preview:large","max-video-preview":"max-video-preview:-1"},"canonical":"https:\/\/maccion.com\/ca\/control-de-qualitat-i-tracabilitat-amb-maccion-vision\/","og_locale":"ca_ES","og_type":"article","og_title":"Control de Qualitat i Tra\u00e7abilitat amb Maccion Vision - Maccion Lean Solutions: Solucions per Optimitzar la Ind\u00fastria i la F\u00e0brica","og_description":"Control de Qualitat i Tra\u00e7abilitat amb Maccion Vision Visi\u00f3 Artificial per a la Qualitat i Tra\u00e7abilitat en Temps Real Maccion Vision \u00e9s una soluci\u00f3 [&hellip;]","og_url":"https:\/\/maccion.com\/ca\/control-de-qualitat-i-tracabilitat-amb-maccion-vision\/","og_site_name":"Maccion Lean Solutions: Solucions per Optimitzar la Ind\u00fastria i la F\u00e0brica","article_modified_time":"2025-06-22T14:50:34+00:00","og_image":[{"url":"https:\/\/demo.maccion.com\/wp-content\/uploads\/2024\/09\/macvis_p-1.webp"}],"twitter_card":"summary_large_image","twitter_misc":{"Temps estimat de lectura":"2 minuts"},"schema":{"@context":"https:\/\/schema.org","@graph":[{"@type":"WebPage","@id":"https:\/\/maccion.com\/ca\/control-de-qualitat-i-tracabilitat-amb-maccion-vision\/","url":"https:\/\/maccion.com\/ca\/control-de-qualitat-i-tracabilitat-amb-maccion-vision\/","name":"Control de Qualitat i Tra\u00e7abilitat amb Maccion Vision - Maccion Lean Solutions: Solucions per Optimitzar la Ind\u00fastria i la F\u00e0brica","isPartOf":{"@id":"https:\/\/maccion.com\/ca\/#website"},"primaryImageOfPage":{"@id":"https:\/\/maccion.com\/ca\/control-de-qualitat-i-tracabilitat-amb-maccion-vision\/#primaryimage"},"image":{"@id":"https:\/\/maccion.com\/ca\/control-de-qualitat-i-tracabilitat-amb-maccion-vision\/#primaryimage"},"thumbnailUrl":"https:\/\/demo.maccion.com\/wp-content\/uploads\/2024\/09\/macvis_p-1.webp","datePublished":"2024-09-10T06:19:40+00:00","dateModified":"2025-06-22T14:50:34+00:00","breadcrumb":{"@id":"https:\/\/maccion.com\/ca\/control-de-qualitat-i-tracabilitat-amb-maccion-vision\/#breadcrumb"},"inLanguage":"ca","potentialAction":[{"@type":"ReadAction","target":["https:\/\/maccion.com\/ca\/control-de-qualitat-i-tracabilitat-amb-maccion-vision\/"]}]},{"@type":"ImageObject","inLanguage":"ca","@id":"https:\/\/maccion.com\/ca\/control-de-qualitat-i-tracabilitat-amb-maccion-vision\/#primaryimage","url":"https:\/\/demo.maccion.com\/wp-content\/uploads\/2024\/09\/macvis_p-1.webp","contentUrl":"https:\/\/demo.maccion.com\/wp-content\/uploads\/2024\/09\/macvis_p-1.webp"},{"@type":"BreadcrumbList","@id":"https:\/\/maccion.com\/ca\/control-de-qualitat-i-tracabilitat-amb-maccion-vision\/#breadcrumb","itemListElement":[{"@type":"ListItem","position":1,"name":"Home","item":"https:\/\/maccion.com\/ca\/"},{"@type":"ListItem","position":2,"name":"Control de Qualitat i Tra\u00e7abilitat amb Maccion Vision"}]},{"@type":"WebSite","@id":"https:\/\/maccion.com\/ca\/#website","url":"https:\/\/maccion.com\/ca\/","name":"Maccion Lean Solutions: Solucions per Optimitzar la Ind\u00fastria i la F\u00e0brica","description":"Descobreix les solucions de Maccion Lean per transformar la teva ind\u00fastria amb tecnologia avan\u00e7ada i optimitzaci\u00f3 de processos.","potentialAction":[{"@type":"SearchAction","target":{"@type":"EntryPoint","urlTemplate":"https:\/\/maccion.com\/ca\/?s={search_term_string}"},"query-input":{"@type":"PropertyValueSpecification","valueRequired":true,"valueName":"search_term_string"}}],"inLanguage":"ca"}]}},"_links":{"self":[{"href":"https:\/\/maccion.com\/ca\/wp-json\/wp\/v2\/pages\/5035","targetHints":{"allow":["GET"]}}],"collection":[{"href":"https:\/\/maccion.com\/ca\/wp-json\/wp\/v2\/pages"}],"about":[{"href":"https:\/\/maccion.com\/ca\/wp-json\/wp\/v2\/types\/page"}],"author":[{"embeddable":true,"href":"https:\/\/maccion.com\/ca\/wp-json\/wp\/v2\/users\/1"}],"replies":[{"embeddable":true,"href":"https:\/\/maccion.com\/ca\/wp-json\/wp\/v2\/comments?post=5035"}],"version-history":[{"count":7,"href":"https:\/\/maccion.com\/ca\/wp-json\/wp\/v2\/pages\/5035\/revisions"}],"predecessor-version":[{"id":6126,"href":"https:\/\/maccion.com\/ca\/wp-json\/wp\/v2\/pages\/5035\/revisions\/6126"}],"wp:attachment":[{"href":"https:\/\/maccion.com\/ca\/wp-json\/wp\/v2\/media?parent=5035"}],"curies":[{"name":"wp","href":"https:\/\/api.w.org\/{rel}","templated":true}]}}