{"id":5052,"date":"2022-10-11T14:01:20","date_gmt":"2022-10-11T14:01:20","guid":{"rendered":"https:\/\/maccion.com\/home-portfolio\/"},"modified":"2024-10-18T15:45:51","modified_gmt":"2024-10-18T15:45:51","slug":"home-portfolio","status":"publish","type":"page","link":"https:\/\/maccion.com\/ca\/home-portfolio\/","title":{"rendered":"Home Portfolio"},"content":{"rendered":"\t\t<div data-elementor-type=\"wp-page\" data-elementor-id=\"5052\" class=\"elementor elementor-5052 elementor-850\" data-elementor-post-type=\"page\">\n\t\t\t\t\t\t<section class=\"elementor-section elementor-top-section elementor-element elementor-element-77c2b7e elementor-section-full_width elementor-section-height-default elementor-section-height-default\" data-id=\"77c2b7e\" data-element_type=\"section\">\n\t\t\t\t\t\t<div class=\"elementor-container elementor-column-gap-no\">\n\t\t\t\t\t<div class=\"elementor-column elementor-col-100 elementor-top-column elementor-element elementor-element-dd1f3d0\" data-id=\"dd1f3d0\" data-element_type=\"column\">\n\t\t\t<div class=\"elementor-widget-wrap elementor-element-populated\">\n\t\t\t\t\t\t<div class=\"elementor-element elementor-element-e088d9e elementor-widget elementor-widget-ms_projects\" data-id=\"e088d9e\" data-element_type=\"widget\" data-widget_type=\"ms_projects.default\">\n\t\t\t\t<div class=\"elementor-widget-container\">\n\t\t\t\r\n\t\t<div class=\"portfolio_wrap\" id=\"e088d9e\">\r\n\r\n\t\t\t\t\t\t\t\t\t\t\t\r\n\t\t\t\t<div class=\"portfolio-feed ms-p--d row\">\r\n\t\t\t\t\t<span class=\"load_filter\">\r\n\t\t\t\t\t\t<svg class=\"load-filter-icon\" width=\"100%\" height=\"100%\" viewBox=\"0 0 100 100\" preserveAspectRatio=\"xMidYMid\">\r\n\t\t\t\t\t\t\t<circle cx=\"50\" cy=\"50\" r=\"30\" stroke-width=\"6\" stroke-linecap=\"round\" fill=\"none\">\r\n\t\t\t\t\t\t\t\t<animateTransform attributeName=\"transform\" type=\"rotate\" repeatCount=\"indefinite\" dur=\"1s\" values=\"0 50 50;180 50 50;720 50 50\" keyTimes=\"0;0.5;1\"><\/animateTransform>\r\n\t\t\t\t\t\t\t\t<animate attributeName=\"stroke-dasharray\" repeatCount=\"indefinite\" dur=\"1s\" values=\"18.84955592153876 169.64600329384882;94.2477796076938 94.24777960769377;18.84955592153876 169.64600329384882\" keyTimes=\"0;0.5;1\"><\/animate>\r\n\t\t\t\t\t\t\t<\/circle>\r\n\t\t\t\t\t\t<\/svg>\r\n\t\t\t\t\t<\/span>\r\n\r\n\t\t\t\t\t\r\n\t\t\t\t\t<div class=\"grid-sizer col-md-4\"><\/div>\r\n\t\t\t\t\t\t\t\t\t\t\t\r\n\t\t\t\t\t\t<div class=\"below flash grid-item-p col-md-4 post-5385 portfolios type-portfolios status-publish has-post-thumbnail hentry portfolios_categories-automocion-y-metal portfolios_categories-bicaptor portfolios_categories-bitrace portfolios_categories-kanban-4-0 portfolios_categories-logistica\">\r\n\r\n\t\t\t\t\t\t\t<div class=\"item--inner\">\r\n\r\n\t\t\t\t\t\t\t\t<a href=\"https:\/\/maccion.com\/ca\/portfolios\/kanban-4-0-per-a-ubicacions-especials-a-gedia\/\" aria-label=\"Kanban 4.0 per a Ubicacions Especials a Gedia\">\r\n\t\t\t\t\t\t\t\t\t\t\t\t\t\t\t\t\t\t\t<figure class=\"ms-p-img media-wrapper media-wrapper--4:3\">\r\n\t\t\t\t\t\t\t\t\t\t\t<img decoding=\"async\" src=\"https:\/\/maccion.com\/wp-content\/uploads\/2024\/09\/gedia-6-1120x630.webp\" alt=\"Kanban 4.0 per a Ubicacions Especials a Gedia\">\r\n\t\t\t\t\t\t\t\t\t\t<\/figure>\r\n\t\t\t\t\t\t\t\t\t\r\n\t\t\t\t\t\t\t\t\t<div class=\"ms-p-content\">\r\n\t\t\t\t\t\t\t\t\t\t<h3>Kanban 4.0 per a Ubicacions Especials a Gedia<\/h3>\r\n\t\t\t\t\t\t\t\t\t\t\t\t\t\t\t\t\t\t\t\t\t<h4 class=\"ms-p-cat\">automocion y metal, bicaptor, bitrace, kanban 4 0, logistica<\/h4>\r\n\t\t\t\t\t\t\t\t\t\t\t\t\t\t\t\t\t\t\t<\/div>\r\n\t\t\t\t\t\t\t\t<\/a>\r\n\r\n\t\t\t\t\t\t\t<\/div>\r\n\r\n\t\t\t\t\t\t<\/div>\r\n\t\t\t\t\t\t\t\t\t\t\t\r\n\t\t\t\t\t\t<div class=\"below flash grid-item-p col-md-4 post-5384 portfolios type-portfolios status-publish has-post-thumbnail hentry portfolios_categories-automocion-y-metal portfolios_categories-bicaptor portfolios_categories-bitrace portfolios_categories-kanban-4-0 portfolios_categories-logistica portfolios_categories-produccion\">\r\n\r\n\t\t\t\t\t\t\t<div class=\"item--inner\">\r\n\r\n\t\t\t\t\t\t\t\t<a href=\"https:\/\/maccion.com\/ca\/portfolios\/kanban-4-0-integrated-with-sap-at-continental\/\" aria-label=\"Kanban 4.0 Integrated with SAP at Continental\">\r\n\t\t\t\t\t\t\t\t\t\t\t\t\t\t\t\t\t\t\t<figure class=\"ms-p-img media-wrapper media-wrapper--4:3\">\r\n\t\t\t\t\t\t\t\t\t\t\t<img decoding=\"async\" src=\"https:\/\/maccion.com\/wp-content\/uploads\/2024\/09\/con-5.webp\" alt=\"Kanban 4.0 Integrated with SAP at Continental\">\r\n\t\t\t\t\t\t\t\t\t\t<\/figure>\r\n\t\t\t\t\t\t\t\t\t\r\n\t\t\t\t\t\t\t\t\t<div class=\"ms-p-content\">\r\n\t\t\t\t\t\t\t\t\t\t<h3>Kanban 4.0 Integrated with SAP at Continental<\/h3>\r\n\t\t\t\t\t\t\t\t\t\t\t\t\t\t\t\t\t\t\t\t\t<h4 class=\"ms-p-cat\">automocion y metal, bicaptor, bitrace, kanban 4 0, logistica, produccion<\/h4>\r\n\t\t\t\t\t\t\t\t\t\t\t\t\t\t\t\t\t\t\t<\/div>\r\n\t\t\t\t\t\t\t\t<\/a>\r\n\r\n\t\t\t\t\t\t\t<\/div>\r\n\r\n\t\t\t\t\t\t<\/div>\r\n\t\t\t\t\t\t\t\t\t\t\t\r\n\t\t\t\t\t\t<div class=\"below flash grid-item-p col-md-4 post-5382 portfolios type-portfolios status-publish has-post-thumbnail hentry portfolios_categories-automocion-y-metal portfolios_categories-bicaptor portfolios_categories-bidoc portfolios_categories-logistica portfolios_categories-oee portfolios_categories-produccion portfolios_categories-smac100\">\r\n\r\n\t\t\t\t\t\t\t<div class=\"item--inner\">\r\n\r\n\t\t\t\t\t\t\t\t<a href=\"https:\/\/maccion.com\/ca\/portfolios\/cellula-4-0-per-a-formacio-en-industria-4-0-al-cfp-de-manresa\/\" aria-label=\"C\u00e8l\u00b7lula 4.0 per a Formaci\u00f3 en Ind\u00fastria 4.0 al CFP de Manresa\">\r\n\t\t\t\t\t\t\t\t\t\t\t\t\t\t\t\t\t\t\t<figure class=\"ms-p-img media-wrapper media-wrapper--4:3\">\r\n\t\t\t\t\t\t\t\t\t\t\t<img decoding=\"async\" src=\"https:\/\/maccion.com\/wp-content\/uploads\/2024\/09\/cfp-5.webp\" alt=\"C\u00e8l\u00b7lula 4.0 per a Formaci\u00f3 en Ind\u00fastria 4.0 al CFP de Manresa\">\r\n\t\t\t\t\t\t\t\t\t\t<\/figure>\r\n\t\t\t\t\t\t\t\t\t\r\n\t\t\t\t\t\t\t\t\t<div class=\"ms-p-content\">\r\n\t\t\t\t\t\t\t\t\t\t<h3>C\u00e8l\u00b7lula 4.0 per a Formaci\u00f3 en Ind\u00fastria 4.0 al CFP de Manresa<\/h3>\r\n\t\t\t\t\t\t\t\t\t\t\t\t\t\t\t\t\t\t\t\t\t<h4 class=\"ms-p-cat\">automocion y metal, bicaptor, bidoc, logistica, oee, produccion, smac100<\/h4>\r\n\t\t\t\t\t\t\t\t\t\t\t\t\t\t\t\t\t\t\t<\/div>\r\n\t\t\t\t\t\t\t\t<\/a>\r\n\r\n\t\t\t\t\t\t\t<\/div>\r\n\r\n\t\t\t\t\t\t<\/div>\r\n\t\t\t\t\t\t\t\t\t\t\t\r\n\t\t\t\t\t\t<div class=\"below flash grid-item-p col-md-4 post-5380 portfolios type-portfolios status-publish has-post-thumbnail hentry portfolios_categories-automocion-y-metal portfolios_categories-bicaptor portfolios_categories-bitrace portfolios_categories-kanban-4-0 portfolios_categories-logistica portfolios_categories-produccion portfolios_categories-smac100\">\r\n\r\n\t\t\t\t\t\t\t<div class=\"item--inner\">\r\n\r\n\t\t\t\t\t\t\t\t<a href=\"https:\/\/maccion.com\/ca\/portfolios\/innovacio-logistica-a-seat-participacio-a-la-ii-jornada-dinnovacio\/\" aria-label=\"Innovaci\u00f3 Log\u00edstica a SEAT: Participaci\u00f3 a la II Jornada d&#8217;Innovaci\u00f3\">\r\n\t\t\t\t\t\t\t\t\t\t\t\t\t\t\t\t\t\t\t<figure class=\"ms-p-img media-wrapper media-wrapper--4:3\">\r\n\t\t\t\t\t\t\t\t\t\t\t<img decoding=\"async\" src=\"https:\/\/maccion.com\/wp-content\/uploads\/2024\/09\/seat-6.jpg\" alt=\"Innovaci\u00f3 Log\u00edstica a SEAT: Participaci\u00f3 a la II Jornada d&#8217;Innovaci\u00f3\">\r\n\t\t\t\t\t\t\t\t\t\t<\/figure>\r\n\t\t\t\t\t\t\t\t\t\r\n\t\t\t\t\t\t\t\t\t<div class=\"ms-p-content\">\r\n\t\t\t\t\t\t\t\t\t\t<h3>Innovaci\u00f3 Log\u00edstica a SEAT: Participaci\u00f3 a la II Jornada d&#8217;Innovaci\u00f3<\/h3>\r\n\t\t\t\t\t\t\t\t\t\t\t\t\t\t\t\t\t\t\t\t\t<h4 class=\"ms-p-cat\">automocion y metal, bicaptor, bitrace, kanban 4 0, logistica, produccion, smac100<\/h4>\r\n\t\t\t\t\t\t\t\t\t\t\t\t\t\t\t\t\t\t\t<\/div>\r\n\t\t\t\t\t\t\t\t<\/a>\r\n\r\n\t\t\t\t\t\t\t<\/div>\r\n\r\n\t\t\t\t\t\t<\/div>\r\n\t\t\t\t\t\t\t\t\t\t\t\r\n\t\t\t\t\t\t<div class=\"below flash grid-item-p col-md-4 post-5377 portfolios type-portfolios status-publish has-post-thumbnail hentry portfolios_categories-automocion-y-metal portfolios_categories-bicaptor portfolios_categories-bitrace portfolios_categories-kanban-4-0 portfolios_categories-logistica portfolios_categories-smac100\">\r\n\r\n\t\t\t\t\t\t\t<div class=\"item--inner\">\r\n\r\n\t\t\t\t\t\t\t\t<a href=\"https:\/\/maccion.com\/ca\/portfolios\/kanban-4-0-amb-sensors-intelligents-per-a-optimitzacio-logistica-a-magneti-marelli\/\" aria-label=\"Kanban 4.0 amb Sensors Intel\u00b7ligents per a Optimitzaci\u00f3 Log\u00edstica a Magneti Marelli\">\r\n\t\t\t\t\t\t\t\t\t\t\t\t\t\t\t\t\t\t\t<figure class=\"ms-p-img media-wrapper media-wrapper--4:3\">\r\n\t\t\t\t\t\t\t\t\t\t\t<img decoding=\"async\" src=\"https:\/\/maccion.com\/wp-content\/uploads\/2024\/09\/Marelli_Kanban_P-1120x595.webp\" alt=\"Kanban 4.0 amb Sensors Intel\u00b7ligents per a Optimitzaci\u00f3 Log\u00edstica a Magneti Marelli\">\r\n\t\t\t\t\t\t\t\t\t\t<\/figure>\r\n\t\t\t\t\t\t\t\t\t\r\n\t\t\t\t\t\t\t\t\t<div class=\"ms-p-content\">\r\n\t\t\t\t\t\t\t\t\t\t<h3>Kanban 4.0 amb Sensors Intel\u00b7ligents per a Optimitzaci\u00f3 Log\u00edstica a Magneti Marelli<\/h3>\r\n\t\t\t\t\t\t\t\t\t\t\t\t\t\t\t\t\t\t\t\t\t<h4 class=\"ms-p-cat\">automocion y metal, bicaptor, bitrace, kanban 4 0, logistica, smac100<\/h4>\r\n\t\t\t\t\t\t\t\t\t\t\t\t\t\t\t\t\t\t\t<\/div>\r\n\t\t\t\t\t\t\t\t<\/a>\r\n\r\n\t\t\t\t\t\t\t<\/div>\r\n\r\n\t\t\t\t\t\t<\/div>\r\n\t\t\t\t\t\t\t\t\t\t\t\r\n\t\t\t\t\t\t<div class=\"below flash grid-item-p col-md-4 post-5375 portfolios type-portfolios status-publish has-post-thumbnail hentry portfolios_categories-automocion-y-metal portfolios_categories-bicaptor portfolios_categories-bitrace portfolios_categories-logistica\">\r\n\r\n\t\t\t\t\t\t\t<div class=\"item--inner\">\r\n\r\n\t\t\t\t\t\t\t\t<a href=\"https:\/\/maccion.com\/ca\/portfolios\/tracabilitat-en-temps-reial-amb-rfid-a-la-cadena-de-subministrament-de-nissan\/\" aria-label=\"Tra\u00e7abilitat en Temps Reial amb RFID a la Cadena de Subministrament de Nissan\">\r\n\t\t\t\t\t\t\t\t\t\t\t\t\t\t\t\t\t\t\t<figure class=\"ms-p-img media-wrapper media-wrapper--4:3\">\r\n\t\t\t\t\t\t\t\t\t\t\t<img decoding=\"async\" src=\"https:\/\/maccion.com\/wp-content\/uploads\/2024\/09\/niss-2.webp\" alt=\"Tra\u00e7abilitat en Temps Reial amb RFID a la Cadena de Subministrament de Nissan\">\r\n\t\t\t\t\t\t\t\t\t\t<\/figure>\r\n\t\t\t\t\t\t\t\t\t\r\n\t\t\t\t\t\t\t\t\t<div class=\"ms-p-content\">\r\n\t\t\t\t\t\t\t\t\t\t<h3>Tra\u00e7abilitat en Temps Reial amb RFID a la Cadena de Subministrament de Nissan<\/h3>\r\n\t\t\t\t\t\t\t\t\t\t\t\t\t\t\t\t\t\t\t\t\t<h4 class=\"ms-p-cat\">automocion y metal, bicaptor, bitrace, logistica<\/h4>\r\n\t\t\t\t\t\t\t\t\t\t\t\t\t\t\t\t\t\t\t<\/div>\r\n\t\t\t\t\t\t\t\t<\/a>\r\n\r\n\t\t\t\t\t\t\t<\/div>\r\n\r\n\t\t\t\t\t\t<\/div>\r\n\t\t\t\t\t\t\t\t\t\t\t\r\n\t\t\t\t\t\t<div class=\"below flash grid-item-p col-md-4 post-5374 portfolios type-portfolios status-publish has-post-thumbnail hentry portfolios_categories-automocion-y-metal portfolios_categories-bicaptor portfolios_categories-bitrace portfolios_categories-logistica portfolios_categories-produccion\">\r\n\r\n\t\t\t\t\t\t\t<div class=\"item--inner\">\r\n\r\n\t\t\t\t\t\t\t\t<a href=\"https:\/\/maccion.com\/ca\/portfolios\/prestatgeria-intelligent-per-a-control-dinventari-en-temps-real-a-fae\/\" aria-label=\"Prestatgeria Intel\u00b7ligent per a Control d&#8217;Inventari en Temps Real a FAE\">\r\n\t\t\t\t\t\t\t\t\t\t\t\t\t\t\t\t\t\t\t<figure class=\"ms-p-img media-wrapper media-wrapper--4:3\">\r\n\t\t\t\t\t\t\t\t\t\t\t<img decoding=\"async\" src=\"https:\/\/maccion.com\/wp-content\/uploads\/2024\/09\/fae-1-1120x539.webp\" alt=\"Prestatgeria Intel\u00b7ligent per a Control d&#8217;Inventari en Temps Real a FAE\">\r\n\t\t\t\t\t\t\t\t\t\t<\/figure>\r\n\t\t\t\t\t\t\t\t\t\r\n\t\t\t\t\t\t\t\t\t<div class=\"ms-p-content\">\r\n\t\t\t\t\t\t\t\t\t\t<h3>Prestatgeria Intel\u00b7ligent per a Control d&#8217;Inventari en Temps Real a FAE<\/h3>\r\n\t\t\t\t\t\t\t\t\t\t\t\t\t\t\t\t\t\t\t\t\t<h4 class=\"ms-p-cat\">automocion y metal, bicaptor, bitrace, logistica, produccion<\/h4>\r\n\t\t\t\t\t\t\t\t\t\t\t\t\t\t\t\t\t\t\t<\/div>\r\n\t\t\t\t\t\t\t\t<\/a>\r\n\r\n\t\t\t\t\t\t\t<\/div>\r\n\r\n\t\t\t\t\t\t<\/div>\r\n\t\t\t\t\t\t\t\t\t\t\t\r\n\t\t\t\t\t\t<div class=\"below flash grid-item-p col-md-4 post-5371 portfolios type-portfolios status-publish has-post-thumbnail hentry portfolios_categories-automocion-y-metal portfolios_categories-bicaptor portfolios_categories-bitrace portfolios_categories-kanban-4-0 portfolios_categories-logistica portfolios_categories-produccion\">\r\n\r\n\t\t\t\t\t\t\t<div class=\"item--inner\">\r\n\r\n\t\t\t\t\t\t\t\t<a href=\"https:\/\/maccion.com\/ca\/portfolios\/prestatgeria-intelligent-amb-kanban-4-0-i-integracio-robotica-a-magneti-marelli\/\" aria-label=\"Prestatgeria Intel\u00b7ligent amb Kanban 4.0 i Integraci\u00f3 Rob\u00f2tica a Magneti Marelli\">\r\n\t\t\t\t\t\t\t\t\t\t\t\t\t\t\t\t\t\t\t<figure class=\"ms-p-img media-wrapper media-wrapper--4:3\">\r\n\t\t\t\t\t\t\t\t\t\t\t<img decoding=\"async\" src=\"https:\/\/maccion.com\/wp-content\/uploads\/2024\/09\/magneit_b2-1120x746.webp\" alt=\"Prestatgeria Intel\u00b7ligent amb Kanban 4.0 i Integraci\u00f3 Rob\u00f2tica a Magneti Marelli\">\r\n\t\t\t\t\t\t\t\t\t\t<\/figure>\r\n\t\t\t\t\t\t\t\t\t\r\n\t\t\t\t\t\t\t\t\t<div class=\"ms-p-content\">\r\n\t\t\t\t\t\t\t\t\t\t<h3>Prestatgeria Intel\u00b7ligent amb Kanban 4.0 i Integraci\u00f3 Rob\u00f2tica a Magneti Marelli<\/h3>\r\n\t\t\t\t\t\t\t\t\t\t\t\t\t\t\t\t\t\t\t\t\t<h4 class=\"ms-p-cat\">automocion y metal, bicaptor, bitrace, kanban 4 0, logistica, produccion<\/h4>\r\n\t\t\t\t\t\t\t\t\t\t\t\t\t\t\t\t\t\t\t<\/div>\r\n\t\t\t\t\t\t\t\t<\/a>\r\n\r\n\t\t\t\t\t\t\t<\/div>\r\n\r\n\t\t\t\t\t\t<\/div>\r\n\t\t\t\t\t\t\t\t\t\t\t\r\n\t\t\t\t\t\t<div class=\"below flash grid-item-p col-md-4 post-5370 portfolios type-portfolios status-publish has-post-thumbnail hentry portfolios_categories-oee portfolios_categories-produccion portfolios_categories-smac100 portfolios_categories-textil\">\r\n\r\n\t\t\t\t\t\t\t<div class=\"item--inner\">\r\n\r\n\t\t\t\t\t\t\t\t<a href=\"https:\/\/maccion.com\/ca\/portfolios\/control-i-monitoritzacio-amb-sensoritzacio-no-intrusiva-a-la-industria-textil\/\" aria-label=\"Control i Monitoritzaci\u00f3 amb Sensoritzaci\u00f3 No Intrusiva a la Ind\u00fastria T\u00e8xtil\">\r\n\t\t\t\t\t\t\t\t\t\t\t\t\t\t\t\t\t\t\t<figure class=\"ms-p-img media-wrapper media-wrapper--4:3\">\r\n\t\t\t\t\t\t\t\t\t\t\t<img decoding=\"async\" src=\"https:\/\/maccion.com\/wp-content\/uploads\/2024\/09\/textil_b2-1120x746.webp\" alt=\"Control i Monitoritzaci\u00f3 amb Sensoritzaci\u00f3 No Intrusiva a la Ind\u00fastria T\u00e8xtil\">\r\n\t\t\t\t\t\t\t\t\t\t<\/figure>\r\n\t\t\t\t\t\t\t\t\t\r\n\t\t\t\t\t\t\t\t\t<div class=\"ms-p-content\">\r\n\t\t\t\t\t\t\t\t\t\t<h3>Control i Monitoritzaci\u00f3 amb Sensoritzaci\u00f3 No Intrusiva a la Ind\u00fastria T\u00e8xtil<\/h3>\r\n\t\t\t\t\t\t\t\t\t\t\t\t\t\t\t\t\t\t\t\t\t<h4 class=\"ms-p-cat\">oee, produccion, smac100, textil<\/h4>\r\n\t\t\t\t\t\t\t\t\t\t\t\t\t\t\t\t\t\t\t<\/div>\r\n\t\t\t\t\t\t\t\t<\/a>\r\n\r\n\t\t\t\t\t\t\t<\/div>\r\n\r\n\t\t\t\t\t\t<\/div>\r\n\t\t\t\t\t\r\n\t\t\t\t\t\r\n\t\t\t\t<\/div>\r\n\r\n\t\t\t\t\r\n\t\t\t\t\t\t\r\n\t\t\t\r\n\t\t<\/div>\r\n\r\n\t\t\t\t<\/div>\n\t\t\t\t<\/div>\n\t\t\t\t\t<\/div>\n\t\t<\/div>\n\t\t\t\t\t<\/div>\n\t\t<\/section>\n\t\t\t\t<\/div>\n\t\t","protected":false},"excerpt":{"rendered":"<p>Freezing Birthday creative Stream Shop design Random Risk photo Share Spark style Wiggly Finger creative Subsequent Sneeze design Color Current photo Justice Robot style [&hellip;]<\/p>\n","protected":false},"author":1,"featured_media":0,"parent":0,"menu_order":0,"comment_status":"closed","ping_status":"closed","template":"page-custom.php","meta":{"_acf_changed":false,"_monsterinsights_skip_tracking":false,"_monsterinsights_sitenote_active":false,"_monsterinsights_sitenote_note":"","_monsterinsights_sitenote_category":0,"footnotes":""},"class_list":["post-5052","page","type-page","status-publish","hentry"],"acf":{"full_width":false,"header_transparent":false,"header_white":false},"yoast_head":"<!-- This site is optimized with the Yoast SEO plugin v23.6 - https:\/\/yoast.com\/wordpress\/plugins\/seo\/ -->\n<title>Home Portfolio - Maccion Lean Solutions: Solucions per Optimitzar la Ind\u00fastria i la F\u00e0brica<\/title>\n<meta name=\"robots\" content=\"index, follow, max-snippet:-1, max-image-preview:large, max-video-preview:-1\" \/>\n<link rel=\"canonical\" href=\"https:\/\/maccion.com\/ca\/home-portfolio\/\" \/>\n<meta property=\"og:locale\" content=\"ca_ES\" \/>\n<meta property=\"og:type\" content=\"article\" \/>\n<meta property=\"og:title\" content=\"Home Portfolio - Maccion Lean Solutions: Solucions per Optimitzar la Ind\u00fastria i la F\u00e0brica\" \/>\n<meta property=\"og:description\" content=\"Freezing Birthday creative Stream Shop design Random Risk photo Share Spark style Wiggly Finger creative Subsequent Sneeze design Color Current photo Justice Robot style [&hellip;]\" \/>\n<meta property=\"og:url\" content=\"https:\/\/maccion.com\/ca\/home-portfolio\/\" \/>\n<meta property=\"og:site_name\" content=\"Maccion Lean Solutions: Solucions per Optimitzar la Ind\u00fastria i la F\u00e0brica\" \/>\n<meta property=\"article:modified_time\" content=\"2024-10-18T15:45:51+00:00\" \/>\n<meta property=\"og:image\" content=\"https:\/\/maccion.com\/wp-content\/uploads\/2022\/08\/vishwajeet-nishad-pc21vhOv-Uo-unsplash-1.jpg\" \/>\n<meta name=\"twitter:card\" content=\"summary_large_image\" \/>\n<script type=\"application\/ld+json\" class=\"yoast-schema-graph\">{\"@context\":\"https:\/\/schema.org\",\"@graph\":[{\"@type\":\"WebPage\",\"@id\":\"https:\/\/maccion.com\/ca\/home-portfolio\/\",\"url\":\"https:\/\/maccion.com\/ca\/home-portfolio\/\",\"name\":\"Home Portfolio - Maccion Lean Solutions: Solucions per Optimitzar la Ind\u00fastria i la F\u00e0brica\",\"isPartOf\":{\"@id\":\"https:\/\/maccion.com\/ca\/#website\"},\"primaryImageOfPage\":{\"@id\":\"https:\/\/maccion.com\/ca\/home-portfolio\/#primaryimage\"},\"image\":{\"@id\":\"https:\/\/maccion.com\/ca\/home-portfolio\/#primaryimage\"},\"thumbnailUrl\":\"https:\/\/maccion.com\/wp-content\/uploads\/2022\/08\/vishwajeet-nishad-pc21vhOv-Uo-unsplash-1.jpg\",\"datePublished\":\"2022-10-11T14:01:20+00:00\",\"dateModified\":\"2024-10-18T15:45:51+00:00\",\"breadcrumb\":{\"@id\":\"https:\/\/maccion.com\/ca\/home-portfolio\/#breadcrumb\"},\"inLanguage\":\"ca\",\"potentialAction\":[{\"@type\":\"ReadAction\",\"target\":[\"https:\/\/maccion.com\/ca\/home-portfolio\/\"]}]},{\"@type\":\"ImageObject\",\"inLanguage\":\"ca\",\"@id\":\"https:\/\/maccion.com\/ca\/home-portfolio\/#primaryimage\",\"url\":\"https:\/\/maccion.com\/wp-content\/uploads\/2022\/08\/vishwajeet-nishad-pc21vhOv-Uo-unsplash-1.jpg\",\"contentUrl\":\"https:\/\/maccion.com\/wp-content\/uploads\/2022\/08\/vishwajeet-nishad-pc21vhOv-Uo-unsplash-1.jpg\"},{\"@type\":\"BreadcrumbList\",\"@id\":\"https:\/\/maccion.com\/ca\/home-portfolio\/#breadcrumb\",\"itemListElement\":[{\"@type\":\"ListItem\",\"position\":1,\"name\":\"Home\",\"item\":\"https:\/\/maccion.com\/ca\/\"},{\"@type\":\"ListItem\",\"position\":2,\"name\":\"Home Portfolio\"}]},{\"@type\":\"WebSite\",\"@id\":\"https:\/\/maccion.com\/ca\/#website\",\"url\":\"https:\/\/maccion.com\/ca\/\",\"name\":\"Maccion Lean Solutions: Solucions per Optimitzar la Ind\u00fastria i la F\u00e0brica\",\"description\":\"Descobreix les solucions de Maccion Lean per transformar la teva ind\u00fastria amb tecnologia avan\u00e7ada i optimitzaci\u00f3 de processos.\",\"potentialAction\":[{\"@type\":\"SearchAction\",\"target\":{\"@type\":\"EntryPoint\",\"urlTemplate\":\"https:\/\/maccion.com\/ca\/?s={search_term_string}\"},\"query-input\":{\"@type\":\"PropertyValueSpecification\",\"valueRequired\":true,\"valueName\":\"search_term_string\"}}],\"inLanguage\":\"ca\"}]}<\/script>\n<!-- \/ Yoast SEO plugin. -->","yoast_head_json":{"title":"Home Portfolio - Maccion Lean Solutions: Solucions per Optimitzar la Ind\u00fastria i la F\u00e0brica","robots":{"index":"index","follow":"follow","max-snippet":"max-snippet:-1","max-image-preview":"max-image-preview:large","max-video-preview":"max-video-preview:-1"},"canonical":"https:\/\/maccion.com\/ca\/home-portfolio\/","og_locale":"ca_ES","og_type":"article","og_title":"Home Portfolio - Maccion Lean Solutions: Solucions per Optimitzar la Ind\u00fastria i la F\u00e0brica","og_description":"Freezing Birthday creative Stream Shop design Random Risk photo Share Spark style Wiggly Finger creative Subsequent Sneeze design Color Current photo Justice Robot style [&hellip;]","og_url":"https:\/\/maccion.com\/ca\/home-portfolio\/","og_site_name":"Maccion Lean Solutions: Solucions per Optimitzar la Ind\u00fastria i la F\u00e0brica","article_modified_time":"2024-10-18T15:45:51+00:00","og_image":[{"url":"https:\/\/maccion.com\/wp-content\/uploads\/2022\/08\/vishwajeet-nishad-pc21vhOv-Uo-unsplash-1.jpg"}],"twitter_card":"summary_large_image","schema":{"@context":"https:\/\/schema.org","@graph":[{"@type":"WebPage","@id":"https:\/\/maccion.com\/ca\/home-portfolio\/","url":"https:\/\/maccion.com\/ca\/home-portfolio\/","name":"Home Portfolio - Maccion Lean Solutions: Solucions per Optimitzar la Ind\u00fastria i la F\u00e0brica","isPartOf":{"@id":"https:\/\/maccion.com\/ca\/#website"},"primaryImageOfPage":{"@id":"https:\/\/maccion.com\/ca\/home-portfolio\/#primaryimage"},"image":{"@id":"https:\/\/maccion.com\/ca\/home-portfolio\/#primaryimage"},"thumbnailUrl":"https:\/\/maccion.com\/wp-content\/uploads\/2022\/08\/vishwajeet-nishad-pc21vhOv-Uo-unsplash-1.jpg","datePublished":"2022-10-11T14:01:20+00:00","dateModified":"2024-10-18T15:45:51+00:00","breadcrumb":{"@id":"https:\/\/maccion.com\/ca\/home-portfolio\/#breadcrumb"},"inLanguage":"ca","potentialAction":[{"@type":"ReadAction","target":["https:\/\/maccion.com\/ca\/home-portfolio\/"]}]},{"@type":"ImageObject","inLanguage":"ca","@id":"https:\/\/maccion.com\/ca\/home-portfolio\/#primaryimage","url":"https:\/\/maccion.com\/wp-content\/uploads\/2022\/08\/vishwajeet-nishad-pc21vhOv-Uo-unsplash-1.jpg","contentUrl":"https:\/\/maccion.com\/wp-content\/uploads\/2022\/08\/vishwajeet-nishad-pc21vhOv-Uo-unsplash-1.jpg"},{"@type":"BreadcrumbList","@id":"https:\/\/maccion.com\/ca\/home-portfolio\/#breadcrumb","itemListElement":[{"@type":"ListItem","position":1,"name":"Home","item":"https:\/\/maccion.com\/ca\/"},{"@type":"ListItem","position":2,"name":"Home Portfolio"}]},{"@type":"WebSite","@id":"https:\/\/maccion.com\/ca\/#website","url":"https:\/\/maccion.com\/ca\/","name":"Maccion Lean Solutions: Solucions per Optimitzar la Ind\u00fastria i la F\u00e0brica","description":"Descobreix les solucions de Maccion Lean per transformar la teva ind\u00fastria amb tecnologia avan\u00e7ada i optimitzaci\u00f3 de processos.","potentialAction":[{"@type":"SearchAction","target":{"@type":"EntryPoint","urlTemplate":"https:\/\/maccion.com\/ca\/?s={search_term_string}"},"query-input":{"@type":"PropertyValueSpecification","valueRequired":true,"valueName":"search_term_string"}}],"inLanguage":"ca"}]}},"_links":{"self":[{"href":"https:\/\/maccion.com\/ca\/wp-json\/wp\/v2\/pages\/5052","targetHints":{"allow":["GET"]}}],"collection":[{"href":"https:\/\/maccion.com\/ca\/wp-json\/wp\/v2\/pages"}],"about":[{"href":"https:\/\/maccion.com\/ca\/wp-json\/wp\/v2\/types\/page"}],"author":[{"embeddable":true,"href":"https:\/\/maccion.com\/ca\/wp-json\/wp\/v2\/users\/1"}],"replies":[{"embeddable":true,"href":"https:\/\/maccion.com\/ca\/wp-json\/wp\/v2\/comments?post=5052"}],"version-history":[{"count":1,"href":"https:\/\/maccion.com\/ca\/wp-json\/wp\/v2\/pages\/5052\/revisions"}],"predecessor-version":[{"id":5053,"href":"https:\/\/maccion.com\/ca\/wp-json\/wp\/v2\/pages\/5052\/revisions\/5053"}],"wp:attachment":[{"href":"https:\/\/maccion.com\/ca\/wp-json\/wp\/v2\/media?parent=5052"}],"curies":[{"name":"wp","href":"https:\/\/api.w.org\/{rel}","templated":true}]}}