{"id":5056,"date":"2024-09-10T08:26:32","date_gmt":"2024-09-10T08:26:32","guid":{"rendered":"https:\/\/maccion.com\/integra-ia-dultima-generacio-amb-maccion-gpt\/"},"modified":"2025-06-22T14:51:53","modified_gmt":"2025-06-22T14:51:53","slug":"integra-ia-dultima-generacio-amb-maccion-gpt","status":"publish","type":"page","link":"https:\/\/maccion.com\/ca\/integra-ia-dultima-generacio-amb-maccion-gpt\/","title":{"rendered":"Integra IA d&#8217;\u00daltima Generaci\u00f3 amb Maccion GPT"},"content":{"rendered":"\t\t<div data-elementor-type=\"wp-page\" data-elementor-id=\"5056\" class=\"elementor elementor-5056 elementor-3860\" data-elementor-post-type=\"page\">\n\t\t\t\t\t\t<section class=\"elementor-section elementor-top-section elementor-element elementor-element-60692b76 elementor-section-full_width elementor-section-height-default elementor-section-height-default\" data-id=\"60692b76\" data-element_type=\"section\">\n\t\t\t\t\t\t<div class=\"elementor-container elementor-column-gap-no\">\n\t\t\t\t\t<div class=\"elementor-column elementor-col-100 elementor-top-column elementor-element elementor-element-7c1b4520\" data-id=\"7c1b4520\" data-element_type=\"column\">\n\t\t\t<div class=\"elementor-widget-wrap elementor-element-populated\">\n\t\t\t\t\t\t<div class=\"elementor-element elementor-element-377b223c elementor-widget elementor-widget-ms-hero\" data-id=\"377b223c\" data-element_type=\"widget\" data-widget_type=\"ms-hero.default\">\n\t\t\t\t<div class=\"elementor-widget-container\">\n\t\t\t\r\n        <section class=\"ms-hero\" id=\"377b223c\">\r\n\r\n            \r\n                            <div class=\"ms-parallax\" data-speed=\"0.7\" data-type=\"scroll\">\r\n                                            <img decoding=\"async\" class=\"jarallax-img\" src=\"https:\/\/demo.maccion.com\/wp-content\/uploads\/2024\/09\/gpt_p-1.webp\" alt=\"\">\r\n                                                        <\/div>\r\n            \r\n            \r\n                \r\n                    <div class=\"ms-hc\">\r\n                        <div class=\"ms-hc--inner\">\r\n                                                            <h1 class=\"ms-hero-title\">Integra IA d'\u00daltima Generaci\u00f3 amb Macci\u00f3 GPT<\/h1>\r\n                                                                                        <p class=\"ms-hero-subtitle\">Optimitza Processos Industrials amb la Intel\u00b7lig\u00e8ncia Artificial de Macci\u00f3 GPT\n<\/p>\r\n                                                    <\/div>\r\n                    <\/div>\r\n\r\n                \r\n                \r\n            \r\n        <\/section>\r\n\r\n    \t\t<\/div>\n\t\t\t\t<\/div>\n\t\t\t\t<div class=\"elementor-element elementor-element-388bcc0f elementor-widget elementor-widget-spacer\" data-id=\"388bcc0f\" data-element_type=\"widget\" data-widget_type=\"spacer.default\">\n\t\t\t\t<div class=\"elementor-widget-container\">\n\t\t\t<style>\/*! elementor - v3.23.0 - 05-08-2024 *\/\n.elementor-column .elementor-spacer-inner{height:var(--spacer-size)}.e-con{--container-widget-width:100%}.e-con-inner>.elementor-widget-spacer,.e-con>.elementor-widget-spacer{width:var(--container-widget-width,var(--spacer-size));--align-self:var(--container-widget-align-self,initial);--flex-shrink:0}.e-con-inner>.elementor-widget-spacer>.elementor-widget-container,.e-con>.elementor-widget-spacer>.elementor-widget-container{height:100%;width:100%}.e-con-inner>.elementor-widget-spacer>.elementor-widget-container>.elementor-spacer,.e-con>.elementor-widget-spacer>.elementor-widget-container>.elementor-spacer{height:100%}.e-con-inner>.elementor-widget-spacer>.elementor-widget-container>.elementor-spacer>.elementor-spacer-inner,.e-con>.elementor-widget-spacer>.elementor-widget-container>.elementor-spacer>.elementor-spacer-inner{height:var(--container-widget-height,var(--spacer-size))}.e-con-inner>.elementor-widget-spacer.elementor-widget-empty,.e-con>.elementor-widget-spacer.elementor-widget-empty{position:relative;min-height:22px;min-width:22px}.e-con-inner>.elementor-widget-spacer.elementor-widget-empty .elementor-widget-empty-icon,.e-con>.elementor-widget-spacer.elementor-widget-empty .elementor-widget-empty-icon{position:absolute;top:0;bottom:0;left:0;right:0;margin:auto;padding:0;width:22px;height:22px}<\/style>\t\t<div class=\"elementor-spacer\">\n\t\t\t<div class=\"elementor-spacer-inner\"><\/div>\n\t\t<\/div>\n\t\t\t\t<\/div>\n\t\t\t\t<\/div>\n\t\t\t\t\t<\/div>\n\t\t<\/div>\n\t\t\t\t\t<\/div>\n\t\t<\/section>\n\t\t<div class=\"elementor-element elementor-element-169f9b7e e-flex e-con-boxed e-con e-parent\" data-id=\"169f9b7e\" data-element_type=\"container\">\n\t\t\t\t\t<div class=\"e-con-inner\">\n\t\t\t\t<div class=\"elementor-element elementor-element-250e99a1 elementor-widget elementor-widget-text-editor\" data-id=\"250e99a1\" data-element_type=\"widget\" data-widget_type=\"text-editor.default\">\n\t\t\t\t<div class=\"elementor-widget-container\">\n\t\t\t<style>\/*! elementor - v3.23.0 - 05-08-2024 *\/\n.elementor-widget-text-editor.elementor-drop-cap-view-stacked .elementor-drop-cap{background-color:#69727d;color:#fff}.elementor-widget-text-editor.elementor-drop-cap-view-framed .elementor-drop-cap{color:#69727d;border:3px solid;background-color:transparent}.elementor-widget-text-editor:not(.elementor-drop-cap-view-default) .elementor-drop-cap{margin-top:8px}.elementor-widget-text-editor:not(.elementor-drop-cap-view-default) .elementor-drop-cap-letter{width:1em;height:1em}.elementor-widget-text-editor .elementor-drop-cap{float:left;text-align:center;line-height:1;font-size:50px}.elementor-widget-text-editor .elementor-drop-cap-letter{display:inline-block}<\/style>\t\t\t\t<p><strong><span style=\"vertical-align: inherit;\"><span style=\"vertical-align: inherit;\">Maccion GPT<\/span><\/span><\/strong><span style=\"vertical-align: inherit;\"><span style=\"vertical-align: inherit;\"> \u00e9s una soluci\u00f3 innovadora que integra les principals plataformes d&#8217; <\/span><\/span><strong><span style=\"vertical-align: inherit;\"><span style=\"vertical-align: inherit;\">intel\u00b7lig\u00e8ncia artificial<\/span><\/span><\/strong><span style=\"vertical-align: inherit;\"><span style=\"vertical-align: inherit;\"> (IA) del mercat per millorar els <\/span><\/span><strong><span style=\"vertical-align: inherit;\"><span style=\"vertical-align: inherit;\">processos productius<\/span><\/span><\/strong><span style=\"vertical-align: inherit;\"><span style=\"vertical-align: inherit;\"> , <\/span><\/span><strong><span style=\"vertical-align: inherit;\"><span style=\"vertical-align: inherit;\">la presa de decisions<\/span><\/span><\/strong><span style=\"vertical-align: inherit;\"><span style=\"vertical-align: inherit;\"> i <\/span><\/span><strong><span style=\"vertical-align: inherit;\"><span style=\"vertical-align: inherit;\">l&#8217;efici\u00e8ncia operativa<\/span><\/span><\/strong><span style=\"vertical-align: inherit;\"><span style=\"vertical-align: inherit;\"> . Amb <\/span><\/span><strong><span style=\"vertical-align: inherit;\"><span style=\"vertical-align: inherit;\">Maccion GPT<\/span><\/span><\/strong><span style=\"vertical-align: inherit;\"><span style=\"vertical-align: inherit;\"> , pots aprofitar el poder de la IA per automatitzar tasques, generar informes intel\u00b7ligents i optimitzar l&#8217;an\u00e0lisi de dades, adaptant-se a les necessitats espec\u00edfiques de la teva ind\u00fastria.<\/span><\/span><\/p>\n\t\t\t\t\t\t<\/div>\n\t\t\t\t<\/div>\n\t\t\t\t<div class=\"elementor-element elementor-element-1f3bd913 elementor-widget elementor-widget-text-editor\" data-id=\"1f3bd913\" data-element_type=\"widget\" data-widget_type=\"text-editor.default\">\n\t\t\t\t<div class=\"elementor-widget-container\">\n\t\t\t\t\t\t\t<p><span style=\"vertical-align: inherit;\"><span style=\"vertical-align: inherit;\">Caracter\u00edstiques principals:<\/span><\/span><\/p>\n<ul>\n<li><strong><span style=\"vertical-align: inherit;\"><span style=\"vertical-align: inherit;\">Integraci\u00f3 amb plataformes de l\u00edders IA<\/span><\/span><\/strong><span style=\"vertical-align: inherit;\"><span style=\"vertical-align: inherit;\"> per facilitar l&#8217;automatitzaci\u00f3 de processos i l&#8217;an\u00e0lisi de grans volums de dades.<\/span><\/span><\/li>\n<li><strong><span style=\"vertical-align: inherit;\"><span style=\"vertical-align: inherit;\">Generaci\u00f3 autom\u00e0tica d&#8217;informes i an\u00e0lisis predictives<\/span><\/span><\/strong><span style=\"vertical-align: inherit;\"><span style=\"vertical-align: inherit;\"> per a una presa de decisions millor.<\/span><\/span><\/li>\n<li><strong><span style=\"vertical-align: inherit;\"><span style=\"vertical-align: inherit;\">Assistents intel\u00b7ligents<\/span><\/span><\/strong><span style=\"vertical-align: inherit;\"><span style=\"vertical-align: inherit;\"> que milloren la comunicaci\u00f3 interna i externa dins de la planta.<\/span><\/span><\/li>\n<li><strong><span style=\"vertical-align: inherit;\"><span style=\"vertical-align: inherit;\">Capacitat de personalitzaci\u00f3<\/span><\/span><\/strong><span style=\"vertical-align: inherit;\"><span style=\"vertical-align: inherit;\"> per ajustar-se a les necessitats operatives espec\u00edfiques de cada client.<\/span><\/span><\/li>\n<\/ul>\n\t\t\t\t\t\t<\/div>\n\t\t\t\t<\/div>\n\t\t\t\t<div class=\"elementor-element elementor-element-31e1c08 elementor-widget elementor-widget-text-editor\" data-id=\"31e1c08\" data-element_type=\"widget\" data-widget_type=\"text-editor.default\">\n\t\t\t\t<div class=\"elementor-widget-container\">\n\t\t\t\t\t\t\t<h4><\/h4>\n<p><strong><span style=\"vertical-align: inherit;\"><span style=\"vertical-align: inherit;\">Maccion GPT<\/span><\/span><\/strong><span style=\"vertical-align: inherit;\"><span style=\"vertical-align: inherit;\"> \u00e9s una eina potent que permet a les empreses industrialitzar la presa de decisions, facilitant <\/span><\/span><strong><span style=\"vertical-align: inherit;\"><span style=\"vertical-align: inherit;\">an\u00e0lisis predictives<\/span><\/span><\/strong><span style=\"vertical-align: inherit;\"><span style=\"vertical-align: inherit;\"> , la generaci\u00f3 d&#8217; <\/span><\/span><strong><span style=\"vertical-align: inherit;\"><span style=\"vertical-align: inherit;\">informes autom\u00e0tics<\/span><\/span><\/strong><span style=\"vertical-align: inherit;\"><span style=\"vertical-align: inherit;\"> i millorant la <\/span><\/span><strong><span style=\"vertical-align: inherit;\"><span style=\"vertical-align: inherit;\">productivitat<\/span><\/span><\/strong><span style=\"vertical-align: inherit;\"><span style=\"vertical-align: inherit;\"> en alliberar els equips de tasques repetitives o de baixa complexitat.<\/span><\/span><\/p>\n\t\t\t\t\t\t<\/div>\n\t\t\t\t<\/div>\n\t\t\t\t\t<\/div>\n\t\t\t\t<\/div>\n\t\t<div class=\"elementor-element elementor-element-769877c1 e-flex e-con-boxed e-con e-parent\" data-id=\"769877c1\" data-element_type=\"container\">\n\t\t\t\t\t<div class=\"e-con-inner\">\n\t\t\t\t<div class=\"elementor-element elementor-element-522dad78 elementor-cta--skin-classic elementor-animated-content elementor-bg-transform elementor-bg-transform-zoom-in elementor-widget elementor-widget-call-to-action\" data-id=\"522dad78\" data-element_type=\"widget\" data-widget_type=\"call-to-action.default\">\n\t\t\t\t<div class=\"elementor-widget-container\">\n\t\t\t<link rel=\"stylesheet\" href=\"https:\/\/maccion.com\/wp-content\/plugins\/pro-elements\/assets\/css\/widget-call-to-action.min.css?ver=1724751992\">\t\t<div class=\"elementor-cta\">\n\t\t\t\t\t<div class=\"elementor-cta__bg-wrapper\">\n\t\t\t\t<div class=\"elementor-cta__bg elementor-bg\" style=\"background-image: url(https:\/\/maccion.com\/wp-content\/uploads\/2024\/09\/gpt_p-2-1024x681.webp);\" role=\"img\" aria-label=\"gpt_p-2\"><\/div>\n\t\t\t\t<div class=\"elementor-cta__bg-overlay\"><\/div>\n\t\t\t<\/div>\n\t\t\t\t\t\t\t<div class=\"elementor-cta__content\">\n\t\t\t\t\n\t\t\t\t\t\t\t\t\t<h2 class=\"elementor-cta__title elementor-cta__content-item elementor-content-item\">\n\t\t\t\t\t\tOptimitza l'efici\u00e8ncia de la teva planta amb Maccion GPT\t\t\t\t\t<\/h2>\n\t\t\t\t\n\t\t\t\t\t\t\t\t\t<div class=\"elementor-cta__description elementor-cta__content-item elementor-content-item\">\n\t\t\t\t\t\t<p><span style=\"vertical-align: inherit;\"><span style=\"vertical-align: inherit;\">Descobreix com <\/span><\/span><strong><span style=\"vertical-align: inherit;\"><span style=\"vertical-align: inherit;\">Maccion GPT<\/span><\/span><\/strong><span style=\"vertical-align: inherit;\"><span style=\"vertical-align: inherit;\"> pot transformar la <\/span><\/span><strong><span style=\"vertical-align: inherit;\"><span style=\"vertical-align: inherit;\">gesti\u00f3 de processos<\/span><\/span><\/strong><span style=\"vertical-align: inherit;\"><span style=\"vertical-align: inherit;\"> a la teva planta mitjan\u00e7ant l'\u00fas d' <\/span><\/span><strong><span style=\"vertical-align: inherit;\"><span style=\"vertical-align: inherit;\">intel\u00b7lig\u00e8ncia artificial<\/span><\/span><\/strong><span style=\"vertical-align: inherit;\"><span style=\"vertical-align: inherit;\"> . Amb la capacitat d' <\/span><\/span><strong><span style=\"vertical-align: inherit;\"><span style=\"vertical-align: inherit;\">automatitzar tasques<\/span><\/span><\/strong><span style=\"vertical-align: inherit;\"><span style=\"vertical-align: inherit;\"> , generar an\u00e0lisis i <\/span><\/span><strong><span style=\"vertical-align: inherit;\"><span style=\"vertical-align: inherit;\">predir problemes potencials<\/span><\/span><\/strong><span style=\"vertical-align: inherit;\"><span style=\"vertical-align: inherit;\"> , <\/span><\/span><strong><span style=\"vertical-align: inherit;\"><span style=\"vertical-align: inherit;\">Maccion GPT<\/span><\/span><\/strong><span style=\"vertical-align: inherit;\"><span style=\"vertical-align: inherit;\"> \u00e9s la soluci\u00f3 perfecta per millorar l' <\/span><\/span><strong><span style=\"vertical-align: inherit;\"><span style=\"vertical-align: inherit;\">efici\u00e8ncia operativa<\/span><\/span><\/strong><span style=\"vertical-align: inherit;\"><span style=\"vertical-align: inherit;\"> i <\/span><\/span><strong><span style=\"vertical-align: inherit;\"><span style=\"vertical-align: inherit;\">reduir els temps d'inactivitat<\/span><\/span><\/strong><span style=\"vertical-align: inherit;\"><span style=\"vertical-align: inherit;\"> . Descarrega el nostre fullet\u00f3 informatiu i comen\u00e7a a aprofitar el poder de la IA a la teva planta avui mateix!<\/span><\/span><\/p>\n\t\t\t\t\t<\/div>\n\t\t\t\t\n\t\t\t\t\t\t\t\t\t<div class=\"elementor-cta__button-wrapper elementor-cta__content-item elementor-content-item \">\n\t\t\t\t\t<a class=\"elementor-cta__button elementor-button elementor-size-\" href=\"https:\/\/forms.office.com\/e\/NH95VrbSvv\">\n\t\t\t\t\t\tDescarregar\t\t\t\t\t<\/a>\n\t\t\t\t\t<\/div>\n\t\t\t\t\t\t\t<\/div>\n\t\t\t\t\t\t<\/div>\n\t\t\t\t<\/div>\n\t\t\t\t<\/div>\n\t\t\t\t\t<\/div>\n\t\t\t\t<\/div>\n\t\t\t\t<\/div>\n\t\t","protected":false},"excerpt":{"rendered":"<p>Integra IA d&#8217;\u00daltima Generaci\u00f3 amb Macci\u00f3 GPT Optimitza Processos Industrials amb la Intel\u00b7lig\u00e8ncia Artificial de Macci\u00f3 GPT Maccion GPT \u00e9s una soluci\u00f3 innovadora que [&hellip;]<\/p>\n","protected":false},"author":1,"featured_media":0,"parent":0,"menu_order":0,"comment_status":"closed","ping_status":"closed","template":"page-custom.php","meta":{"_acf_changed":false,"_monsterinsights_skip_tracking":false,"_monsterinsights_sitenote_active":false,"_monsterinsights_sitenote_note":"","_monsterinsights_sitenote_category":0,"footnotes":""},"class_list":["post-5056","page","type-page","status-publish","hentry"],"acf":{"full_width":false,"header_transparent":false,"header_white":false},"yoast_head":"<!-- This site is optimized with the Yoast SEO plugin v23.6 - https:\/\/yoast.com\/wordpress\/plugins\/seo\/ -->\n<title>Integra IA d&#039;\u00daltima Generaci\u00f3 amb Maccion GPT - Maccion Lean Solutions: Solucions per Optimitzar la Ind\u00fastria i la F\u00e0brica<\/title>\n<meta name=\"robots\" content=\"index, follow, max-snippet:-1, max-image-preview:large, max-video-preview:-1\" \/>\n<link rel=\"canonical\" href=\"https:\/\/maccion.com\/ca\/integra-ia-dultima-generacio-amb-maccion-gpt\/\" \/>\n<meta property=\"og:locale\" content=\"ca_ES\" \/>\n<meta property=\"og:type\" content=\"article\" \/>\n<meta property=\"og:title\" content=\"Integra IA d&#039;\u00daltima Generaci\u00f3 amb Maccion GPT - Maccion Lean Solutions: Solucions per Optimitzar la Ind\u00fastria i la F\u00e0brica\" \/>\n<meta property=\"og:description\" content=\"Integra IA d&#8217;\u00daltima Generaci\u00f3 amb Macci\u00f3 GPT Optimitza Processos Industrials amb la Intel\u00b7lig\u00e8ncia Artificial de Macci\u00f3 GPT Maccion GPT \u00e9s una soluci\u00f3 innovadora que [&hellip;]\" \/>\n<meta property=\"og:url\" content=\"https:\/\/maccion.com\/ca\/integra-ia-dultima-generacio-amb-maccion-gpt\/\" \/>\n<meta property=\"og:site_name\" content=\"Maccion Lean Solutions: Solucions per Optimitzar la Ind\u00fastria i la F\u00e0brica\" \/>\n<meta property=\"article:modified_time\" content=\"2025-06-22T14:51:53+00:00\" \/>\n<meta property=\"og:image\" content=\"https:\/\/demo.maccion.com\/wp-content\/uploads\/2024\/09\/gpt_p-1.webp\" \/>\n<meta name=\"twitter:card\" content=\"summary_large_image\" \/>\n<meta name=\"twitter:label1\" content=\"Temps estimat de lectura\" \/>\n\t<meta name=\"twitter:data1\" content=\"2 minuts\" \/>\n<script type=\"application\/ld+json\" class=\"yoast-schema-graph\">{\"@context\":\"https:\/\/schema.org\",\"@graph\":[{\"@type\":\"WebPage\",\"@id\":\"https:\/\/maccion.com\/ca\/integra-ia-dultima-generacio-amb-maccion-gpt\/\",\"url\":\"https:\/\/maccion.com\/ca\/integra-ia-dultima-generacio-amb-maccion-gpt\/\",\"name\":\"Integra IA d'\u00daltima Generaci\u00f3 amb Maccion GPT - Maccion Lean Solutions: Solucions per Optimitzar la Ind\u00fastria i la F\u00e0brica\",\"isPartOf\":{\"@id\":\"https:\/\/maccion.com\/ca\/#website\"},\"primaryImageOfPage\":{\"@id\":\"https:\/\/maccion.com\/ca\/integra-ia-dultima-generacio-amb-maccion-gpt\/#primaryimage\"},\"image\":{\"@id\":\"https:\/\/maccion.com\/ca\/integra-ia-dultima-generacio-amb-maccion-gpt\/#primaryimage\"},\"thumbnailUrl\":\"https:\/\/demo.maccion.com\/wp-content\/uploads\/2024\/09\/gpt_p-1.webp\",\"datePublished\":\"2024-09-10T08:26:32+00:00\",\"dateModified\":\"2025-06-22T14:51:53+00:00\",\"breadcrumb\":{\"@id\":\"https:\/\/maccion.com\/ca\/integra-ia-dultima-generacio-amb-maccion-gpt\/#breadcrumb\"},\"inLanguage\":\"ca\",\"potentialAction\":[{\"@type\":\"ReadAction\",\"target\":[\"https:\/\/maccion.com\/ca\/integra-ia-dultima-generacio-amb-maccion-gpt\/\"]}]},{\"@type\":\"ImageObject\",\"inLanguage\":\"ca\",\"@id\":\"https:\/\/maccion.com\/ca\/integra-ia-dultima-generacio-amb-maccion-gpt\/#primaryimage\",\"url\":\"https:\/\/demo.maccion.com\/wp-content\/uploads\/2024\/09\/gpt_p-1.webp\",\"contentUrl\":\"https:\/\/demo.maccion.com\/wp-content\/uploads\/2024\/09\/gpt_p-1.webp\"},{\"@type\":\"BreadcrumbList\",\"@id\":\"https:\/\/maccion.com\/ca\/integra-ia-dultima-generacio-amb-maccion-gpt\/#breadcrumb\",\"itemListElement\":[{\"@type\":\"ListItem\",\"position\":1,\"name\":\"Home\",\"item\":\"https:\/\/maccion.com\/ca\/\"},{\"@type\":\"ListItem\",\"position\":2,\"name\":\"Integra IA d&#8217;\u00daltima Generaci\u00f3 amb Maccion GPT\"}]},{\"@type\":\"WebSite\",\"@id\":\"https:\/\/maccion.com\/ca\/#website\",\"url\":\"https:\/\/maccion.com\/ca\/\",\"name\":\"Maccion Lean Solutions: Solucions per Optimitzar la Ind\u00fastria i la F\u00e0brica\",\"description\":\"Descobreix les solucions de Maccion Lean per transformar la teva ind\u00fastria amb tecnologia avan\u00e7ada i optimitzaci\u00f3 de processos.\",\"potentialAction\":[{\"@type\":\"SearchAction\",\"target\":{\"@type\":\"EntryPoint\",\"urlTemplate\":\"https:\/\/maccion.com\/ca\/?s={search_term_string}\"},\"query-input\":{\"@type\":\"PropertyValueSpecification\",\"valueRequired\":true,\"valueName\":\"search_term_string\"}}],\"inLanguage\":\"ca\"}]}<\/script>\n<!-- \/ Yoast SEO plugin. -->","yoast_head_json":{"title":"Integra IA d'\u00daltima Generaci\u00f3 amb Maccion GPT - Maccion Lean Solutions: Solucions per Optimitzar la Ind\u00fastria i la F\u00e0brica","robots":{"index":"index","follow":"follow","max-snippet":"max-snippet:-1","max-image-preview":"max-image-preview:large","max-video-preview":"max-video-preview:-1"},"canonical":"https:\/\/maccion.com\/ca\/integra-ia-dultima-generacio-amb-maccion-gpt\/","og_locale":"ca_ES","og_type":"article","og_title":"Integra IA d'\u00daltima Generaci\u00f3 amb Maccion GPT - Maccion Lean Solutions: Solucions per Optimitzar la Ind\u00fastria i la F\u00e0brica","og_description":"Integra IA d&#8217;\u00daltima Generaci\u00f3 amb Macci\u00f3 GPT Optimitza Processos Industrials amb la Intel\u00b7lig\u00e8ncia Artificial de Macci\u00f3 GPT Maccion GPT \u00e9s una soluci\u00f3 innovadora que [&hellip;]","og_url":"https:\/\/maccion.com\/ca\/integra-ia-dultima-generacio-amb-maccion-gpt\/","og_site_name":"Maccion Lean Solutions: Solucions per Optimitzar la Ind\u00fastria i la F\u00e0brica","article_modified_time":"2025-06-22T14:51:53+00:00","og_image":[{"url":"https:\/\/demo.maccion.com\/wp-content\/uploads\/2024\/09\/gpt_p-1.webp"}],"twitter_card":"summary_large_image","twitter_misc":{"Temps estimat de lectura":"2 minuts"},"schema":{"@context":"https:\/\/schema.org","@graph":[{"@type":"WebPage","@id":"https:\/\/maccion.com\/ca\/integra-ia-dultima-generacio-amb-maccion-gpt\/","url":"https:\/\/maccion.com\/ca\/integra-ia-dultima-generacio-amb-maccion-gpt\/","name":"Integra IA d'\u00daltima Generaci\u00f3 amb Maccion GPT - Maccion Lean Solutions: Solucions per Optimitzar la Ind\u00fastria i la F\u00e0brica","isPartOf":{"@id":"https:\/\/maccion.com\/ca\/#website"},"primaryImageOfPage":{"@id":"https:\/\/maccion.com\/ca\/integra-ia-dultima-generacio-amb-maccion-gpt\/#primaryimage"},"image":{"@id":"https:\/\/maccion.com\/ca\/integra-ia-dultima-generacio-amb-maccion-gpt\/#primaryimage"},"thumbnailUrl":"https:\/\/demo.maccion.com\/wp-content\/uploads\/2024\/09\/gpt_p-1.webp","datePublished":"2024-09-10T08:26:32+00:00","dateModified":"2025-06-22T14:51:53+00:00","breadcrumb":{"@id":"https:\/\/maccion.com\/ca\/integra-ia-dultima-generacio-amb-maccion-gpt\/#breadcrumb"},"inLanguage":"ca","potentialAction":[{"@type":"ReadAction","target":["https:\/\/maccion.com\/ca\/integra-ia-dultima-generacio-amb-maccion-gpt\/"]}]},{"@type":"ImageObject","inLanguage":"ca","@id":"https:\/\/maccion.com\/ca\/integra-ia-dultima-generacio-amb-maccion-gpt\/#primaryimage","url":"https:\/\/demo.maccion.com\/wp-content\/uploads\/2024\/09\/gpt_p-1.webp","contentUrl":"https:\/\/demo.maccion.com\/wp-content\/uploads\/2024\/09\/gpt_p-1.webp"},{"@type":"BreadcrumbList","@id":"https:\/\/maccion.com\/ca\/integra-ia-dultima-generacio-amb-maccion-gpt\/#breadcrumb","itemListElement":[{"@type":"ListItem","position":1,"name":"Home","item":"https:\/\/maccion.com\/ca\/"},{"@type":"ListItem","position":2,"name":"Integra IA d&#8217;\u00daltima Generaci\u00f3 amb Maccion GPT"}]},{"@type":"WebSite","@id":"https:\/\/maccion.com\/ca\/#website","url":"https:\/\/maccion.com\/ca\/","name":"Maccion Lean Solutions: Solucions per Optimitzar la Ind\u00fastria i la F\u00e0brica","description":"Descobreix les solucions de Maccion Lean per transformar la teva ind\u00fastria amb tecnologia avan\u00e7ada i optimitzaci\u00f3 de processos.","potentialAction":[{"@type":"SearchAction","target":{"@type":"EntryPoint","urlTemplate":"https:\/\/maccion.com\/ca\/?s={search_term_string}"},"query-input":{"@type":"PropertyValueSpecification","valueRequired":true,"valueName":"search_term_string"}}],"inLanguage":"ca"}]}},"_links":{"self":[{"href":"https:\/\/maccion.com\/ca\/wp-json\/wp\/v2\/pages\/5056","targetHints":{"allow":["GET"]}}],"collection":[{"href":"https:\/\/maccion.com\/ca\/wp-json\/wp\/v2\/pages"}],"about":[{"href":"https:\/\/maccion.com\/ca\/wp-json\/wp\/v2\/types\/page"}],"author":[{"embeddable":true,"href":"https:\/\/maccion.com\/ca\/wp-json\/wp\/v2\/users\/1"}],"replies":[{"embeddable":true,"href":"https:\/\/maccion.com\/ca\/wp-json\/wp\/v2\/comments?post=5056"}],"version-history":[{"count":7,"href":"https:\/\/maccion.com\/ca\/wp-json\/wp\/v2\/pages\/5056\/revisions"}],"predecessor-version":[{"id":6132,"href":"https:\/\/maccion.com\/ca\/wp-json\/wp\/v2\/pages\/5056\/revisions\/6132"}],"wp:attachment":[{"href":"https:\/\/maccion.com\/ca\/wp-json\/wp\/v2\/media?parent=5056"}],"curies":[{"name":"wp","href":"https:\/\/api.w.org\/{rel}","templated":true}]}}