{"id":5058,"date":"2024-09-10T07:39:43","date_gmt":"2024-09-10T07:39:43","guid":{"rendered":"https:\/\/maccion.com\/intelligencia-artificial-per-a-la-industria-amb-maccion-ia\/"},"modified":"2025-06-22T14:51:16","modified_gmt":"2025-06-22T14:51:16","slug":"intelligencia-artificial-per-a-la-industria-amb-maccion-ia","status":"publish","type":"page","link":"https:\/\/maccion.com\/ca\/intelligencia-artificial-per-a-la-industria-amb-maccion-ia\/","title":{"rendered":"Intel\u00b7lig\u00e8ncia Artificial per a la Ind\u00fastria amb Maccion IA"},"content":{"rendered":"\t\t<div data-elementor-type=\"wp-page\" data-elementor-id=\"5058\" class=\"elementor elementor-5058 elementor-3837\" data-elementor-post-type=\"page\">\n\t\t\t\t\t\t<section class=\"elementor-section elementor-top-section elementor-element elementor-element-23014103 elementor-section-full_width elementor-section-height-default elementor-section-height-default\" data-id=\"23014103\" data-element_type=\"section\">\n\t\t\t\t\t\t<div class=\"elementor-container elementor-column-gap-no\">\n\t\t\t\t\t<div class=\"elementor-column elementor-col-100 elementor-top-column elementor-element elementor-element-5fbaecd\" data-id=\"5fbaecd\" data-element_type=\"column\">\n\t\t\t<div class=\"elementor-widget-wrap elementor-element-populated\">\n\t\t\t\t\t\t<div class=\"elementor-element elementor-element-acd5f68 elementor-widget elementor-widget-ms-hero\" data-id=\"acd5f68\" data-element_type=\"widget\" data-widget_type=\"ms-hero.default\">\n\t\t\t\t<div class=\"elementor-widget-container\">\n\t\t\t\r\n        <section class=\"ms-hero\" id=\"acd5f68\">\r\n\r\n            \r\n                            <div class=\"ms-parallax\" data-speed=\"0.7\" data-type=\"scroll\">\r\n                                            <img decoding=\"async\" class=\"jarallax-img\" src=\"https:\/\/demo.maccion.com\/wp-content\/uploads\/2024\/09\/mai_p-1.webp\" alt=\"\">\r\n                                                        <\/div>\r\n            \r\n            \r\n                \r\n                    <div class=\"ms-hc\">\r\n                        <div class=\"ms-hc--inner\">\r\n                                                            <h1 class=\"ms-hero-title\">Intel\u00b7lig\u00e8ncia Artificial per a la Ind\u00fastria amb Maccion IA<\/h1>\r\n                                                                                        <p class=\"ms-hero-subtitle\">Optimitza la Planificaci\u00f3 i Presa de Decisions amb Macci\u00f3 IA<\/p>\r\n                                                    <\/div>\r\n                    <\/div>\r\n\r\n                \r\n                \r\n            \r\n        <\/section>\r\n\r\n    \t\t<\/div>\n\t\t\t\t<\/div>\n\t\t\t\t<div class=\"elementor-element elementor-element-1715f4c5 elementor-widget elementor-widget-spacer\" data-id=\"1715f4c5\" data-element_type=\"widget\" data-widget_type=\"spacer.default\">\n\t\t\t\t<div class=\"elementor-widget-container\">\n\t\t\t<style>\/*! elementor - v3.23.0 - 05-08-2024 *\/\n.elementor-column .elementor-spacer-inner{height:var(--spacer-size)}.e-con{--container-widget-width:100%}.e-con-inner>.elementor-widget-spacer,.e-con>.elementor-widget-spacer{width:var(--container-widget-width,var(--spacer-size));--align-self:var(--container-widget-align-self,initial);--flex-shrink:0}.e-con-inner>.elementor-widget-spacer>.elementor-widget-container,.e-con>.elementor-widget-spacer>.elementor-widget-container{height:100%;width:100%}.e-con-inner>.elementor-widget-spacer>.elementor-widget-container>.elementor-spacer,.e-con>.elementor-widget-spacer>.elementor-widget-container>.elementor-spacer{height:100%}.e-con-inner>.elementor-widget-spacer>.elementor-widget-container>.elementor-spacer>.elementor-spacer-inner,.e-con>.elementor-widget-spacer>.elementor-widget-container>.elementor-spacer>.elementor-spacer-inner{height:var(--container-widget-height,var(--spacer-size))}.e-con-inner>.elementor-widget-spacer.elementor-widget-empty,.e-con>.elementor-widget-spacer.elementor-widget-empty{position:relative;min-height:22px;min-width:22px}.e-con-inner>.elementor-widget-spacer.elementor-widget-empty .elementor-widget-empty-icon,.e-con>.elementor-widget-spacer.elementor-widget-empty .elementor-widget-empty-icon{position:absolute;top:0;bottom:0;left:0;right:0;margin:auto;padding:0;width:22px;height:22px}<\/style>\t\t<div class=\"elementor-spacer\">\n\t\t\t<div class=\"elementor-spacer-inner\"><\/div>\n\t\t<\/div>\n\t\t\t\t<\/div>\n\t\t\t\t<\/div>\n\t\t\t\t\t<\/div>\n\t\t<\/div>\n\t\t\t\t\t<\/div>\n\t\t<\/section>\n\t\t<div class=\"elementor-element elementor-element-1c697921 e-flex e-con-boxed e-con e-parent\" data-id=\"1c697921\" data-element_type=\"container\">\n\t\t\t\t\t<div class=\"e-con-inner\">\n\t\t\t\t<div class=\"elementor-element elementor-element-3f27a301 elementor-widget elementor-widget-text-editor\" data-id=\"3f27a301\" data-element_type=\"widget\" data-widget_type=\"text-editor.default\">\n\t\t\t\t<div class=\"elementor-widget-container\">\n\t\t\t<style>\/*! elementor - v3.23.0 - 05-08-2024 *\/\n.elementor-widget-text-editor.elementor-drop-cap-view-stacked .elementor-drop-cap{background-color:#69727d;color:#fff}.elementor-widget-text-editor.elementor-drop-cap-view-framed .elementor-drop-cap{color:#69727d;border:3px solid;background-color:transparent}.elementor-widget-text-editor:not(.elementor-drop-cap-view-default) .elementor-drop-cap{margin-top:8px}.elementor-widget-text-editor:not(.elementor-drop-cap-view-default) .elementor-drop-cap-letter{width:1em;height:1em}.elementor-widget-text-editor .elementor-drop-cap{float:left;text-align:center;line-height:1;font-size:50px}.elementor-widget-text-editor .elementor-drop-cap-letter{display:inline-block}<\/style>\t\t\t\t<p><strong><span style=\"vertical-align: inherit;\"><span style=\"vertical-align: inherit;\">Maccion IA<\/span><\/span><\/strong><span style=\"vertical-align: inherit;\"><span style=\"vertical-align: inherit;\"> \u00e9s una soluci\u00f3 basada en <\/span><\/span><strong><span style=\"vertical-align: inherit;\"><span style=\"vertical-align: inherit;\">intel\u00b7lig\u00e8ncia artificial (IA)<\/span><\/span><\/strong><span style=\"vertical-align: inherit;\"><span style=\"vertical-align: inherit;\"> que permet a les empreses industrials <\/span><\/span><strong><span style=\"vertical-align: inherit;\"><span style=\"vertical-align: inherit;\">optimitzar la planificaci\u00f3<\/span><\/span><\/strong><span style=\"vertical-align: inherit;\"><span style=\"vertical-align: inherit;\"> , <\/span><\/span><strong><span style=\"vertical-align: inherit;\"><span style=\"vertical-align: inherit;\">gestionar par\u00e0metres de fabricaci\u00f3<\/span><\/span><\/strong><span style=\"vertical-align: inherit;\"><span style=\"vertical-align: inherit;\"> i <\/span><\/span><strong><span style=\"vertical-align: inherit;\"><span style=\"vertical-align: inherit;\">anticipar-se al manteniment<\/span><\/span><\/strong><span style=\"vertical-align: inherit;\"><span style=\"vertical-align: inherit;\"> . En integrar algorismes avan\u00e7ats d&#8217;IA, <\/span><\/span><strong><span style=\"vertical-align: inherit;\"><span style=\"vertical-align: inherit;\">Maccion IA<\/span><\/span><\/strong><span style=\"vertical-align: inherit;\"><span style=\"vertical-align: inherit;\"> transforma la presa de decisions operatives, permetent una producci\u00f3 m\u00e9s eficient i reduint els temps d&#8217;inactivitat.<\/span><\/span><\/p>\n\t\t\t\t\t\t<\/div>\n\t\t\t\t<\/div>\n\t\t\t\t<div class=\"elementor-element elementor-element-1b1e6561 elementor-widget elementor-widget-text-editor\" data-id=\"1b1e6561\" data-element_type=\"widget\" data-widget_type=\"text-editor.default\">\n\t\t\t\t<div class=\"elementor-widget-container\">\n\t\t\t\t\t\t\t<p><span style=\"vertical-align: inherit;\"><span style=\"vertical-align: inherit;\">Caracter\u00edstiques principals:<\/span><\/span><\/p>\n<ul>\n<li><strong><span style=\"vertical-align: inherit;\"><span style=\"vertical-align: inherit;\">Planificaci\u00f3 avan\u00e7ada<\/span><\/span><\/strong><span style=\"vertical-align: inherit;\"><span style=\"vertical-align: inherit;\"> amb algorismes d&#8217;IA que optimitzen els temps de producci\u00f3 i \u00fas de recursos.<\/span><\/span><\/li>\n<li><strong><span style=\"vertical-align: inherit;\"><span style=\"vertical-align: inherit;\">Manteniment predictiu<\/span><\/span><\/strong><span style=\"vertical-align: inherit;\"><span style=\"vertical-align: inherit;\"> que anticipa les necessitats d&#8217;intervenci\u00f3 abans que es produeixin errors a la maquin\u00e0ria.<\/span><\/span><\/li>\n<li><strong><span style=\"vertical-align: inherit;\"><span style=\"vertical-align: inherit;\">Gesti\u00f3 de par\u00e0metres de fabricaci\u00f3<\/span><\/span><\/strong><span style=\"vertical-align: inherit;\"><span style=\"vertical-align: inherit;\"> a temps real per millorar l&#8217;efici\u00e8ncia dels processos productius.<\/span><\/span><\/li>\n<li><strong><span style=\"vertical-align: inherit;\"><span style=\"vertical-align: inherit;\">An\u00e0lisi de dades hist\u00f2riques<\/span><\/span><\/strong><span style=\"vertical-align: inherit;\"><span style=\"vertical-align: inherit;\"> per preveure demandes futures i ajustar la producci\u00f3 de manera \u00f2ptima.<\/span><\/span><\/li>\n<\/ul>\n\t\t\t\t\t\t<\/div>\n\t\t\t\t<\/div>\n\t\t\t\t\t<\/div>\n\t\t\t\t<\/div>\n\t\t<div class=\"elementor-element elementor-element-604fdec5 e-flex e-con-boxed e-con e-parent\" data-id=\"604fdec5\" data-element_type=\"container\">\n\t\t\t\t\t<div class=\"e-con-inner\">\n\t\t\t\t<div class=\"elementor-element elementor-element-621effb2 elementor-cta--skin-classic elementor-animated-content elementor-bg-transform elementor-bg-transform-zoom-in elementor-widget elementor-widget-call-to-action\" data-id=\"621effb2\" data-element_type=\"widget\" data-widget_type=\"call-to-action.default\">\n\t\t\t\t<div class=\"elementor-widget-container\">\n\t\t\t<link rel=\"stylesheet\" href=\"https:\/\/maccion.com\/wp-content\/plugins\/pro-elements\/assets\/css\/widget-call-to-action.min.css?ver=1724751992\">\t\t<div class=\"elementor-cta\">\n\t\t\t\t\t<div class=\"elementor-cta__bg-wrapper\">\n\t\t\t\t<div class=\"elementor-cta__bg elementor-bg\" style=\"background-image: url(https:\/\/maccion.com\/wp-content\/uploads\/2024\/09\/mai_p-2-1024x682.webp);\" role=\"img\" aria-label=\"mai_p-2\"><\/div>\n\t\t\t\t<div class=\"elementor-cta__bg-overlay\"><\/div>\n\t\t\t<\/div>\n\t\t\t\t\t\t\t<div class=\"elementor-cta__content\">\n\t\t\t\t\n\t\t\t\t\t\t\t\t\t<h2 class=\"elementor-cta__title elementor-cta__content-item elementor-content-item\">\n\t\t\t\t\t\tOptimitza l'efici\u00e8ncia de la teva planta amb Maccion IA\t\t\t\t\t<\/h2>\n\t\t\t\t\n\t\t\t\t\t\t\t\t\t<div class=\"elementor-cta__description elementor-cta__content-item elementor-content-item\">\n\t\t\t\t\t\t<p><span style=\"vertical-align: inherit;\"><span style=\"vertical-align: inherit;\">Descobreix com <\/span><\/span><strong><span style=\"vertical-align: inherit;\"><span style=\"vertical-align: inherit;\">Maccion IA<\/span><\/span><\/strong><span style=\"vertical-align: inherit;\"><span style=\"vertical-align: inherit;\"> pot transformar la <\/span><\/span><strong><span style=\"vertical-align: inherit;\"><span style=\"vertical-align: inherit;\">planificaci\u00f3<\/span><\/span><\/strong><span style=\"vertical-align: inherit;\"><span style=\"vertical-align: inherit;\"> i la <\/span><\/span><strong><span style=\"vertical-align: inherit;\"><span style=\"vertical-align: inherit;\">presa de decisions<\/span><\/span><\/strong><span style=\"vertical-align: inherit;\"><span style=\"vertical-align: inherit;\"> a la teva planta. Amb algorismes avan\u00e7ats d' <\/span><\/span><strong><span style=\"vertical-align: inherit;\"><span style=\"vertical-align: inherit;\">intel\u00b7lig\u00e8ncia artificial<\/span><\/span><\/strong><span style=\"vertical-align: inherit;\"><span style=\"vertical-align: inherit;\"> , pots optimitzar la producci\u00f3, anticipar-ne el manteniment i prendre decisions basades en dades en temps real. Descarrega el nostre fullet\u00f3 informatiu i comen\u00e7a a aprofitar el poder de la IA en els teus processos productius avui mateix!<\/span><\/span><\/p>\n\t\t\t\t\t<\/div>\n\t\t\t\t\n\t\t\t\t\t\t\t\t\t<div class=\"elementor-cta__button-wrapper elementor-cta__content-item elementor-content-item \">\n\t\t\t\t\t<a class=\"elementor-cta__button elementor-button elementor-size-\" href=\"https:\/\/forms.office.com\/e\/NH95VrbSvv\">\n\t\t\t\t\t\tDescarregar\t\t\t\t\t<\/a>\n\t\t\t\t\t<\/div>\n\t\t\t\t\t\t\t<\/div>\n\t\t\t\t\t\t<\/div>\n\t\t\t\t<\/div>\n\t\t\t\t<\/div>\n\t\t\t\t\t<\/div>\n\t\t\t\t<\/div>\n\t\t<div class=\"elementor-element elementor-element-0eee289 e-flex e-con-boxed e-con e-parent\" data-id=\"0eee289\" data-element_type=\"container\">\n\t\t\t\t\t<div class=\"e-con-inner\">\n\t\t\t\t<div class=\"elementor-element elementor-element-4f97df8 elementor-widget elementor-widget-ms_projects\" data-id=\"4f97df8\" data-element_type=\"widget\" data-widget_type=\"ms_projects.default\">\n\t\t\t\t<div class=\"elementor-widget-container\">\n\t\t\t\r\n\t\t<div class=\"portfolio_wrap\" id=\"4f97df8\">\r\n\r\n\t\t\t\t\t\t\t\t\t\t\t\r\n\t\t\t\t<div class=\"portfolio-feed ms-p--d row\">\r\n\t\t\t\t\t<span class=\"load_filter\">\r\n\t\t\t\t\t\t<svg class=\"load-filter-icon\" width=\"100%\" height=\"100%\" viewBox=\"0 0 100 100\" preserveAspectRatio=\"xMidYMid\">\r\n\t\t\t\t\t\t\t<circle cx=\"50\" cy=\"50\" r=\"30\" stroke-width=\"6\" stroke-linecap=\"round\" fill=\"none\">\r\n\t\t\t\t\t\t\t\t<animateTransform attributeName=\"transform\" type=\"rotate\" repeatCount=\"indefinite\" dur=\"1s\" values=\"0 50 50;180 50 50;720 50 50\" keyTimes=\"0;0.5;1\"><\/animateTransform>\r\n\t\t\t\t\t\t\t\t<animate attributeName=\"stroke-dasharray\" repeatCount=\"indefinite\" dur=\"1s\" values=\"18.84955592153876 169.64600329384882;94.2477796076938 94.24777960769377;18.84955592153876 169.64600329384882\" keyTimes=\"0;0.5;1\"><\/animate>\r\n\t\t\t\t\t\t\t<\/circle>\r\n\t\t\t\t\t\t<\/svg>\r\n\t\t\t\t\t<\/span>\r\n\r\n\t\t\t\t\t\r\n\t\t\t\t\t<div class=\"grid-sizer col-md-4\"><\/div>\r\n\t\t\t\t\t\t\t\t\t\t\t\r\n\t\t\t\t\t\t<div class=\"below none grid-item-p col-md-4 post-5363 portfolios type-portfolios status-publish has-post-thumbnail hentry portfolios_categories-bicaptor portfolios_categories-maccion-ia portfolios_categories-produccion portfolios_categories-textil\">\r\n\r\n\t\t\t\t\t\t\t<div class=\"item--inner\">\r\n\r\n\t\t\t\t\t\t\t\t<a href=\"https:\/\/maccion.com\/ca\/portfolios\/transformacio-digital-a-la-sastreria-a-mesura-amb-ia\/\" aria-label=\"Transformaci\u00f3 Digital a la Sastreria a Mesura amb IA\">\r\n\t\t\t\t\t\t\t\t\t\t\t\t\t\t\t\t\t\t\t<figure class=\"ms-p-img media-wrapper media-wrapper--16:9\">\r\n\t\t\t\t\t\t\t\t\t\t\t<img decoding=\"async\" src=\"https:\/\/maccion.com\/wp-content\/uploads\/2024\/09\/mai_p-2-1120x746.webp\" alt=\"Transformaci\u00f3 Digital a la Sastreria a Mesura amb IA\">\r\n\t\t\t\t\t\t\t\t\t\t<\/figure>\r\n\t\t\t\t\t\t\t\t\t\r\n\t\t\t\t\t\t\t\t\t<div class=\"ms-p-content\">\r\n\t\t\t\t\t\t\t\t\t\t<h3>Transformaci\u00f3 Digital a la Sastreria a Mesura amb IA<\/h3>\r\n\t\t\t\t\t\t\t\t\t\t\t\t\t\t\t\t\t\t\t\t\t<h4 class=\"ms-p-cat\">bicaptor, maccion ia, produccion, textil<\/h4>\r\n\t\t\t\t\t\t\t\t\t\t\t\t\t\t\t\t\t\t\t<\/div>\r\n\t\t\t\t\t\t\t\t<\/a>\r\n\r\n\t\t\t\t\t\t\t<\/div>\r\n\r\n\t\t\t\t\t\t<\/div>\r\n\t\t\t\t\t\r\n\t\t\t\t\t\r\n\t\t\t\t<\/div>\r\n\r\n\t\t\t\t\r\n\t\t\t\t\t\t\r\n\t\t\t\r\n\t\t<\/div>\r\n\r\n\t\t\t\t<\/div>\n\t\t\t\t<\/div>\n\t\t\t\t\t<\/div>\n\t\t\t\t<\/div>\n\t\t\t\t<\/div>\n\t\t","protected":false},"excerpt":{"rendered":"<p>Intel\u00b7lig\u00e8ncia Artificial per a la Ind\u00fastria amb Maccion IA Optimitza la Planificaci\u00f3 i Presa de Decisions amb Macci\u00f3 IA Maccion IA \u00e9s una soluci\u00f3 [&hellip;]<\/p>\n","protected":false},"author":1,"featured_media":0,"parent":0,"menu_order":0,"comment_status":"closed","ping_status":"closed","template":"page-custom.php","meta":{"_acf_changed":false,"_monsterinsights_skip_tracking":false,"_monsterinsights_sitenote_active":false,"_monsterinsights_sitenote_note":"","_monsterinsights_sitenote_category":0,"footnotes":""},"class_list":["post-5058","page","type-page","status-publish","hentry"],"acf":{"full_width":false,"header_transparent":false,"header_white":false},"yoast_head":"<!-- This site is optimized with the Yoast SEO plugin v23.6 - https:\/\/yoast.com\/wordpress\/plugins\/seo\/ -->\n<title>Intel\u00b7lig\u00e8ncia Artificial per a la Ind\u00fastria amb Maccion IA - Maccion Lean Solutions: Solucions per Optimitzar la Ind\u00fastria i la F\u00e0brica<\/title>\n<meta name=\"robots\" content=\"index, follow, max-snippet:-1, max-image-preview:large, max-video-preview:-1\" \/>\n<link rel=\"canonical\" href=\"https:\/\/maccion.com\/ca\/intelligencia-artificial-per-a-la-industria-amb-maccion-ia\/\" \/>\n<meta property=\"og:locale\" content=\"ca_ES\" \/>\n<meta property=\"og:type\" content=\"article\" \/>\n<meta property=\"og:title\" content=\"Intel\u00b7lig\u00e8ncia Artificial per a la Ind\u00fastria amb Maccion IA - Maccion Lean Solutions: Solucions per Optimitzar la Ind\u00fastria i la F\u00e0brica\" \/>\n<meta property=\"og:description\" content=\"Intel\u00b7lig\u00e8ncia Artificial per a la Ind\u00fastria amb Maccion IA Optimitza la Planificaci\u00f3 i Presa de Decisions amb Macci\u00f3 IA Maccion IA \u00e9s una soluci\u00f3 [&hellip;]\" \/>\n<meta property=\"og:url\" content=\"https:\/\/maccion.com\/ca\/intelligencia-artificial-per-a-la-industria-amb-maccion-ia\/\" \/>\n<meta property=\"og:site_name\" content=\"Maccion Lean Solutions: Solucions per Optimitzar la Ind\u00fastria i la F\u00e0brica\" \/>\n<meta property=\"article:modified_time\" content=\"2025-06-22T14:51:16+00:00\" \/>\n<meta property=\"og:image\" content=\"https:\/\/demo.maccion.com\/wp-content\/uploads\/2024\/09\/mai_p-1.webp\" \/>\n<meta name=\"twitter:card\" content=\"summary_large_image\" \/>\n<meta name=\"twitter:label1\" content=\"Temps estimat de lectura\" \/>\n\t<meta name=\"twitter:data1\" content=\"2 minuts\" \/>\n<script type=\"application\/ld+json\" class=\"yoast-schema-graph\">{\"@context\":\"https:\/\/schema.org\",\"@graph\":[{\"@type\":\"WebPage\",\"@id\":\"https:\/\/maccion.com\/ca\/intelligencia-artificial-per-a-la-industria-amb-maccion-ia\/\",\"url\":\"https:\/\/maccion.com\/ca\/intelligencia-artificial-per-a-la-industria-amb-maccion-ia\/\",\"name\":\"Intel\u00b7lig\u00e8ncia Artificial per a la Ind\u00fastria amb Maccion IA - Maccion Lean Solutions: Solucions per Optimitzar la Ind\u00fastria i la F\u00e0brica\",\"isPartOf\":{\"@id\":\"https:\/\/maccion.com\/ca\/#website\"},\"primaryImageOfPage\":{\"@id\":\"https:\/\/maccion.com\/ca\/intelligencia-artificial-per-a-la-industria-amb-maccion-ia\/#primaryimage\"},\"image\":{\"@id\":\"https:\/\/maccion.com\/ca\/intelligencia-artificial-per-a-la-industria-amb-maccion-ia\/#primaryimage\"},\"thumbnailUrl\":\"https:\/\/demo.maccion.com\/wp-content\/uploads\/2024\/09\/mai_p-1.webp\",\"datePublished\":\"2024-09-10T07:39:43+00:00\",\"dateModified\":\"2025-06-22T14:51:16+00:00\",\"breadcrumb\":{\"@id\":\"https:\/\/maccion.com\/ca\/intelligencia-artificial-per-a-la-industria-amb-maccion-ia\/#breadcrumb\"},\"inLanguage\":\"ca\",\"potentialAction\":[{\"@type\":\"ReadAction\",\"target\":[\"https:\/\/maccion.com\/ca\/intelligencia-artificial-per-a-la-industria-amb-maccion-ia\/\"]}]},{\"@type\":\"ImageObject\",\"inLanguage\":\"ca\",\"@id\":\"https:\/\/maccion.com\/ca\/intelligencia-artificial-per-a-la-industria-amb-maccion-ia\/#primaryimage\",\"url\":\"https:\/\/demo.maccion.com\/wp-content\/uploads\/2024\/09\/mai_p-1.webp\",\"contentUrl\":\"https:\/\/demo.maccion.com\/wp-content\/uploads\/2024\/09\/mai_p-1.webp\"},{\"@type\":\"BreadcrumbList\",\"@id\":\"https:\/\/maccion.com\/ca\/intelligencia-artificial-per-a-la-industria-amb-maccion-ia\/#breadcrumb\",\"itemListElement\":[{\"@type\":\"ListItem\",\"position\":1,\"name\":\"Home\",\"item\":\"https:\/\/maccion.com\/ca\/\"},{\"@type\":\"ListItem\",\"position\":2,\"name\":\"Intel\u00b7lig\u00e8ncia Artificial per a la Ind\u00fastria amb Maccion IA\"}]},{\"@type\":\"WebSite\",\"@id\":\"https:\/\/maccion.com\/ca\/#website\",\"url\":\"https:\/\/maccion.com\/ca\/\",\"name\":\"Maccion Lean Solutions: Solucions per Optimitzar la Ind\u00fastria i la F\u00e0brica\",\"description\":\"Descobreix les solucions de Maccion Lean per transformar la teva ind\u00fastria amb tecnologia avan\u00e7ada i optimitzaci\u00f3 de processos.\",\"potentialAction\":[{\"@type\":\"SearchAction\",\"target\":{\"@type\":\"EntryPoint\",\"urlTemplate\":\"https:\/\/maccion.com\/ca\/?s={search_term_string}\"},\"query-input\":{\"@type\":\"PropertyValueSpecification\",\"valueRequired\":true,\"valueName\":\"search_term_string\"}}],\"inLanguage\":\"ca\"}]}<\/script>\n<!-- \/ Yoast SEO plugin. -->","yoast_head_json":{"title":"Intel\u00b7lig\u00e8ncia Artificial per a la Ind\u00fastria amb Maccion IA - Maccion Lean Solutions: Solucions per Optimitzar la Ind\u00fastria i la F\u00e0brica","robots":{"index":"index","follow":"follow","max-snippet":"max-snippet:-1","max-image-preview":"max-image-preview:large","max-video-preview":"max-video-preview:-1"},"canonical":"https:\/\/maccion.com\/ca\/intelligencia-artificial-per-a-la-industria-amb-maccion-ia\/","og_locale":"ca_ES","og_type":"article","og_title":"Intel\u00b7lig\u00e8ncia Artificial per a la Ind\u00fastria amb Maccion IA - Maccion Lean Solutions: Solucions per Optimitzar la Ind\u00fastria i la F\u00e0brica","og_description":"Intel\u00b7lig\u00e8ncia Artificial per a la Ind\u00fastria amb Maccion IA Optimitza la Planificaci\u00f3 i Presa de Decisions amb Macci\u00f3 IA Maccion IA \u00e9s una soluci\u00f3 [&hellip;]","og_url":"https:\/\/maccion.com\/ca\/intelligencia-artificial-per-a-la-industria-amb-maccion-ia\/","og_site_name":"Maccion Lean Solutions: Solucions per Optimitzar la Ind\u00fastria i la F\u00e0brica","article_modified_time":"2025-06-22T14:51:16+00:00","og_image":[{"url":"https:\/\/demo.maccion.com\/wp-content\/uploads\/2024\/09\/mai_p-1.webp"}],"twitter_card":"summary_large_image","twitter_misc":{"Temps estimat de lectura":"2 minuts"},"schema":{"@context":"https:\/\/schema.org","@graph":[{"@type":"WebPage","@id":"https:\/\/maccion.com\/ca\/intelligencia-artificial-per-a-la-industria-amb-maccion-ia\/","url":"https:\/\/maccion.com\/ca\/intelligencia-artificial-per-a-la-industria-amb-maccion-ia\/","name":"Intel\u00b7lig\u00e8ncia Artificial per a la Ind\u00fastria amb Maccion IA - Maccion Lean Solutions: Solucions per Optimitzar la Ind\u00fastria i la F\u00e0brica","isPartOf":{"@id":"https:\/\/maccion.com\/ca\/#website"},"primaryImageOfPage":{"@id":"https:\/\/maccion.com\/ca\/intelligencia-artificial-per-a-la-industria-amb-maccion-ia\/#primaryimage"},"image":{"@id":"https:\/\/maccion.com\/ca\/intelligencia-artificial-per-a-la-industria-amb-maccion-ia\/#primaryimage"},"thumbnailUrl":"https:\/\/demo.maccion.com\/wp-content\/uploads\/2024\/09\/mai_p-1.webp","datePublished":"2024-09-10T07:39:43+00:00","dateModified":"2025-06-22T14:51:16+00:00","breadcrumb":{"@id":"https:\/\/maccion.com\/ca\/intelligencia-artificial-per-a-la-industria-amb-maccion-ia\/#breadcrumb"},"inLanguage":"ca","potentialAction":[{"@type":"ReadAction","target":["https:\/\/maccion.com\/ca\/intelligencia-artificial-per-a-la-industria-amb-maccion-ia\/"]}]},{"@type":"ImageObject","inLanguage":"ca","@id":"https:\/\/maccion.com\/ca\/intelligencia-artificial-per-a-la-industria-amb-maccion-ia\/#primaryimage","url":"https:\/\/demo.maccion.com\/wp-content\/uploads\/2024\/09\/mai_p-1.webp","contentUrl":"https:\/\/demo.maccion.com\/wp-content\/uploads\/2024\/09\/mai_p-1.webp"},{"@type":"BreadcrumbList","@id":"https:\/\/maccion.com\/ca\/intelligencia-artificial-per-a-la-industria-amb-maccion-ia\/#breadcrumb","itemListElement":[{"@type":"ListItem","position":1,"name":"Home","item":"https:\/\/maccion.com\/ca\/"},{"@type":"ListItem","position":2,"name":"Intel\u00b7lig\u00e8ncia Artificial per a la Ind\u00fastria amb Maccion IA"}]},{"@type":"WebSite","@id":"https:\/\/maccion.com\/ca\/#website","url":"https:\/\/maccion.com\/ca\/","name":"Maccion Lean Solutions: Solucions per Optimitzar la Ind\u00fastria i la F\u00e0brica","description":"Descobreix les solucions de Maccion Lean per transformar la teva ind\u00fastria amb tecnologia avan\u00e7ada i optimitzaci\u00f3 de processos.","potentialAction":[{"@type":"SearchAction","target":{"@type":"EntryPoint","urlTemplate":"https:\/\/maccion.com\/ca\/?s={search_term_string}"},"query-input":{"@type":"PropertyValueSpecification","valueRequired":true,"valueName":"search_term_string"}}],"inLanguage":"ca"}]}},"_links":{"self":[{"href":"https:\/\/maccion.com\/ca\/wp-json\/wp\/v2\/pages\/5058","targetHints":{"allow":["GET"]}}],"collection":[{"href":"https:\/\/maccion.com\/ca\/wp-json\/wp\/v2\/pages"}],"about":[{"href":"https:\/\/maccion.com\/ca\/wp-json\/wp\/v2\/types\/page"}],"author":[{"embeddable":true,"href":"https:\/\/maccion.com\/ca\/wp-json\/wp\/v2\/users\/1"}],"replies":[{"embeddable":true,"href":"https:\/\/maccion.com\/ca\/wp-json\/wp\/v2\/comments?post=5058"}],"version-history":[{"count":10,"href":"https:\/\/maccion.com\/ca\/wp-json\/wp\/v2\/pages\/5058\/revisions"}],"predecessor-version":[{"id":6129,"href":"https:\/\/maccion.com\/ca\/wp-json\/wp\/v2\/pages\/5058\/revisions\/6129"}],"wp:attachment":[{"href":"https:\/\/maccion.com\/ca\/wp-json\/wp\/v2\/media?parent=5058"}],"curies":[{"name":"wp","href":"https:\/\/api.w.org\/{rel}","templated":true}]}}