{"id":5074,"date":"2024-09-12T07:15:30","date_gmt":"2024-09-12T07:15:30","guid":{"rendered":"https:\/\/maccion.com\/politica-de-privacitat\/"},"modified":"2024-10-18T15:53:10","modified_gmt":"2024-10-18T15:53:10","slug":"politica-de-privacitat","status":"publish","type":"page","link":"https:\/\/maccion.com\/ca\/politica-de-privacitat\/","title":{"rendered":"Pol\u00edtica de privacitat"},"content":{"rendered":"\t\t<div data-elementor-type=\"wp-page\" data-elementor-id=\"5074\" class=\"elementor elementor-5074 elementor-4069\" data-elementor-post-type=\"page\">\n\t\t\t\t<div class=\"elementor-element elementor-element-3260dfb6 e-flex e-con-boxed e-con e-parent\" data-id=\"3260dfb6\" data-element_type=\"container\">\n\t\t\t\t\t<div class=\"e-con-inner\">\n\t\t\t\t<div class=\"elementor-element elementor-element-68d9a5a elementor-widget elementor-widget-heading\" data-id=\"68d9a5a\" data-element_type=\"widget\" data-widget_type=\"heading.default\">\n\t\t\t\t<div class=\"elementor-widget-container\">\n\t\t\t<style>\/*! elementor - v3.23.0 - 05-08-2024 *\/\n.elementor-heading-title{padding:0;margin:0;line-height:1}.elementor-widget-heading .elementor-heading-title[class*=elementor-size-]>a{color:inherit;font-size:inherit;line-height:inherit}.elementor-widget-heading .elementor-heading-title.elementor-size-small{font-size:15px}.elementor-widget-heading .elementor-heading-title.elementor-size-medium{font-size:19px}.elementor-widget-heading .elementor-heading-title.elementor-size-large{font-size:29px}.elementor-widget-heading .elementor-heading-title.elementor-size-xl{font-size:39px}.elementor-widget-heading .elementor-heading-title.elementor-size-xxl{font-size:59px}<\/style><h2 class=\"elementor-heading-title elementor-size-default\">Pol\u00edtica de privacitat<\/h2>\t\t<\/div>\n\t\t\t\t<\/div>\n\t\t\t\t<div class=\"elementor-element elementor-element-33e59613 elementor-widget elementor-widget-text-editor\" data-id=\"33e59613\" data-element_type=\"widget\" data-widget_type=\"text-editor.default\">\n\t\t\t\t<div class=\"elementor-widget-container\">\n\t\t\t<style>\/*! elementor - v3.23.0 - 05-08-2024 *\/\n.elementor-widget-text-editor.elementor-drop-cap-view-stacked .elementor-drop-cap{background-color:#69727d;color:#fff}.elementor-widget-text-editor.elementor-drop-cap-view-framed .elementor-drop-cap{color:#69727d;border:3px solid;background-color:transparent}.elementor-widget-text-editor:not(.elementor-drop-cap-view-default) .elementor-drop-cap{margin-top:8px}.elementor-widget-text-editor:not(.elementor-drop-cap-view-default) .elementor-drop-cap-letter{width:1em;height:1em}.elementor-widget-text-editor .elementor-drop-cap{float:left;text-align:center;line-height:1;font-size:50px}.elementor-widget-text-editor .elementor-drop-cap-letter{display:inline-block}<\/style>\t\t\t\t<h3><strong><span style=\"vertical-align: inherit;\"><span style=\"vertical-align: inherit;\">INFORMACI\u00d3 SOBRE PROTECCI\u00d3 DE DADES<\/span><\/span><\/strong><\/h3>\r\n<h4><strong><span style=\"vertical-align: inherit;\"><span style=\"vertical-align: inherit;\">Dades relatives al responsable<\/span><\/span><\/strong><\/h4>\r\n<strong><span style=\"vertical-align: inherit;\"><span style=\"vertical-align: inherit;\">Responsable Tractament<\/span><\/span><\/strong>\r\n\r\n<span style=\"vertical-align: inherit;\"><span style=\"vertical-align: inherit;\">Entitat: MACCION LEAN SOLUTIONS SL <\/span><\/span>\r\n<span style=\"vertical-align: inherit;\"><span style=\"vertical-align: inherit;\">CIF de l&#8217;entitat: B66663634 <\/span><\/span>\r\n<span style=\"vertical-align: inherit;\"><span style=\"vertical-align: inherit;\">Adre\u00e7a de l&#8217;entitat: C\/ JOSEP URO, 1. 08253, SANT SALVADOR DE GUARDIOLA, BARCELONA <\/span><\/span>\r\n<span style=\"vertical-align: inherit;\"><span style=\"vertical-align: inherit;\">Tel\u00e8fon de l&#8217;entitat: 93 835 28 24 Adre\u00e7a <\/span><\/span>\r\n<span style=\"vertical-align: inherit;\"><span style=\"vertical-align: inherit;\">email de l&#8217;entitat: info@ .com <\/span><\/span>\r\n<span style=\"vertical-align: inherit;\"><span style=\"vertical-align: inherit;\">Lloc web: <\/span><\/span><a href=\"https:\/\/www.maccion.com\/\" target=\"_blank\" rel=\"noopener\"><span style=\"vertical-align: inherit;\"><span style=\"vertical-align: inherit;\">https:\/\/www.maccion.com\/<\/span><\/span><\/a>\r\n\r\n&nbsp;\r\n<h4><strong><span style=\"vertical-align: inherit;\"><span style=\"vertical-align: inherit;\">Finalitats<\/span><\/span><\/strong><\/h4>\r\n<span style=\"vertical-align: inherit;\"><span style=\"vertical-align: inherit;\">En compliment del que disposa el Reglament Europeu 2016\/679 General de Protecci\u00f3 de Dades i la Llei Org\u00e0nica 3\/2018 de Protecci\u00f3 de Dades Personals i Garantia de Drets Digitals, us informem que, depenent de la relaci\u00f3 que tingueu amb nosaltres, a <\/span><\/span><strong><span style=\"vertical-align: inherit;\"><span style=\"vertical-align: inherit;\">MACCION LEAN SOLUTIONS SL<\/span><\/span><\/strong><span style=\"vertical-align: inherit;\"><span style=\"vertical-align: inherit;\"> tractem les dades que ens facilita per a alguna, o totes, les finalitats seg\u00fcents:<\/span><\/span>\r\n<ul>\r\n \t<li><span style=\"vertical-align: inherit;\"><span style=\"vertical-align: inherit;\">Arxiu\/historial de treballadors i extreballadors de l&#8217;empresa<\/span><\/span><\/li>\r\n \t<li><span style=\"vertical-align: inherit;\"><span style=\"vertical-align: inherit;\">Compra\/venda de b\u00e9ns i serveis<\/span><\/span><\/li>\r\n \t<li><span style=\"vertical-align: inherit;\"><span style=\"vertical-align: inherit;\">Compra\/venda de material<\/span><\/span><\/li>\r\n \t<li><span style=\"vertical-align: inherit;\"><span style=\"vertical-align: inherit;\">Control horari<\/span><\/span><\/li>\r\n \t<li><span style=\"vertical-align: inherit;\"><span style=\"vertical-align: inherit;\">Control i supervisi\u00f3 de l&#8217;efici\u00e8ncia i la qualitat de l&#8217;entitat<\/span><\/span><\/li>\r\n \t<li><span style=\"vertical-align: inherit;\"><span style=\"vertical-align: inherit;\">Control i vigil\u00e0ncia d&#8217;acc\u00e9s a llocs<\/span><\/span><\/li>\r\n \t<li><span style=\"vertical-align: inherit;\"><span style=\"vertical-align: inherit;\">Coordinaci\u00f3 d&#8217;activitats empresarials<\/span><\/span><\/li>\r\n \t<li><span style=\"vertical-align: inherit;\"><span style=\"vertical-align: inherit;\">Creaci\u00f3 de contractes, confecci\u00f3 de n\u00f2mines i altres tasques relacionades<\/span><\/span><\/li>\r\n \t<li><span style=\"vertical-align: inherit;\"><span style=\"vertical-align: inherit;\">Creaci\u00f3 de perfil a p\u00e0gina web<\/span><\/span><\/li>\r\n \t<li><span style=\"vertical-align: inherit;\"><span style=\"vertical-align: inherit;\">Enviament d&#8217;informaci\u00f3 comercial de l&#8217;entitat mitjan\u00e7ant correu postal, correu electr\u00f2nic o d&#8217;altres<\/span><\/span><\/li>\r\n \t<li><span style=\"vertical-align: inherit;\"><span style=\"vertical-align: inherit;\">Formaci\u00f3<\/span><\/span><\/li>\r\n \t<li><span style=\"vertical-align: inherit;\"><span style=\"vertical-align: inherit;\">Gesti\u00f3 comptable, administrativa, de facturaci\u00f3 i gesti\u00f3 de cobraments<\/span><\/span><\/li>\r\n \t<li><span style=\"vertical-align: inherit;\"><span style=\"vertical-align: inherit;\">Manteniment de la relaci\u00f3 laboral i contraprestaci\u00f3 pels treballs realitzats<\/span><\/span><\/li>\r\n \t<li><span style=\"vertical-align: inherit;\"><span style=\"vertical-align: inherit;\">Donar-los un servei<\/span><\/span><\/li>\r\n \t<li><span style=\"vertical-align: inherit;\"><span style=\"vertical-align: inherit;\">Publicaci\u00f3 de dades de car\u00e0cter personal a les diferents xarxes socials o altres m\u00e8todes de publicaci\u00f3<\/span><\/span><\/li>\r\n \t<li><span style=\"vertical-align: inherit;\"><span style=\"vertical-align: inherit;\">Realitzar comandes<\/span><\/span><\/li>\r\n \t<li><span style=\"vertical-align: inherit;\"><span style=\"vertical-align: inherit;\">Realitzar un proc\u00e9s de selecci\u00f3 de personal<\/span><\/span><\/li>\r\n \t<li><span style=\"vertical-align: inherit;\"><span style=\"vertical-align: inherit;\">Recepci\u00f3 de la prestaci\u00f3 d&#8217;un servei<\/span><\/span><\/li>\r\n \t<li><span style=\"vertical-align: inherit;\"><span style=\"vertical-align: inherit;\">Reserves<\/span><\/span><\/li>\r\n \t<li><span style=\"vertical-align: inherit;\"><span style=\"vertical-align: inherit;\">Seguretat de l&#8217;entitat<\/span><\/span><\/li>\r\n \t<li><span style=\"vertical-align: inherit;\"><span style=\"vertical-align: inherit;\">Servei postvenda i fidelitzaci\u00f3<\/span><\/span><\/li>\r\n \t<li><span style=\"vertical-align: inherit;\"><span style=\"vertical-align: inherit;\">Presa d&#8217;imatges fotogr\u00e0fiques i de v\u00eddeo<\/span><\/span><\/li>\r\n \t<li><span style=\"vertical-align: inherit;\"><span style=\"vertical-align: inherit;\">Tramitaci\u00f3 d&#8217;alta\/baixa d&#8217;una asseguradora i historial m\u00e8dic<\/span><\/span><\/li>\r\n \t<li><span style=\"vertical-align: inherit;\"><span style=\"vertical-align: inherit;\">Tramitaci\u00f3 de pressupostos<\/span><\/span><\/li>\r\n \t<li><span style=\"vertical-align: inherit;\"><span style=\"vertical-align: inherit;\">Utilitzaci\u00f3 de dades derivades de les activitats de lempresa<\/span><\/span><\/li>\r\n<\/ul>\r\n&nbsp;\r\n<h4><strong><span style=\"vertical-align: inherit;\"><span style=\"vertical-align: inherit;\">Termini de conservaci\u00f3 de les dades<\/span><\/span><\/strong><\/h4>\r\n<span style=\"vertical-align: inherit;\"><span style=\"vertical-align: inherit;\">Les seves dades seran conservades en un temps indefinit, comercial od&#8217;un altre tipus amb la nostra entitat, sol\u00b7liciteu la seva supressi\u00f3, aix\u00ed mateix les dades seran emmagatzemades el temps necessari per complir les obligacions legals.<\/span><\/span>\r\n\r\n&nbsp;\r\n<h4><strong><span style=\"vertical-align: inherit;\"><span style=\"vertical-align: inherit;\">Legitimaci\u00f3<\/span><\/span><\/strong><\/h4>\r\n<span style=\"vertical-align: inherit;\"><span style=\"vertical-align: inherit;\">La base legal per al tractament de les teves dades rau per:<\/span><\/span>\r\n<ul>\r\n \t<li><span style=\"vertical-align: inherit;\"><span style=\"vertical-align: inherit;\">Consentiment inequ\u00edvoc<\/span><\/span><\/li>\r\n \t<li><span style=\"vertical-align: inherit;\"><span style=\"vertical-align: inherit;\">Execuci\u00f3 d&#8217;un contracte<\/span><\/span><\/li>\r\n \t<li><span style=\"vertical-align: inherit;\"><span style=\"vertical-align: inherit;\">Inter\u00e8s leg\u00edtim per part del responsable del tractament<\/span><\/span><\/li>\r\n<\/ul>\r\n&nbsp;\r\n<h4><strong><span style=\"vertical-align: inherit;\"><span style=\"vertical-align: inherit;\">Destinataris<\/span><\/span><\/strong><\/h4>\r\n<span style=\"vertical-align: inherit;\"><span style=\"vertical-align: inherit;\">Les vostres dades personals seran comunicades a tercers en els sup\u00f2sits seg\u00fcents:<\/span><\/span>\r\n<ul>\r\n \t<li><span style=\"vertical-align: inherit;\"><span style=\"vertical-align: inherit;\">A altres responsables del tractament<\/span><\/span><\/li>\r\n \t<li><span style=\"vertical-align: inherit;\"><span style=\"vertical-align: inherit;\">Administraci\u00f3 tribut\u00e0ria<\/span><\/span><\/li>\r\n \t<li><span style=\"vertical-align: inherit;\"><span style=\"vertical-align: inherit;\">Bancs i entitats financeres<\/span><\/span><\/li>\r\n \t<li><span style=\"vertical-align: inherit;\"><span style=\"vertical-align: inherit;\">Entitats de Consultoria\/Auditoria<\/span><\/span><\/li>\r\n \t<li><span style=\"vertical-align: inherit;\"><span style=\"vertical-align: inherit;\">Entitats de publicitat i m\u00e0rqueting<\/span><\/span><\/li>\r\n \t<li><span style=\"vertical-align: inherit;\"><span style=\"vertical-align: inherit;\">Entitats de transport<\/span><\/span><\/li>\r\n \t<li><span style=\"vertical-align: inherit;\"><span style=\"vertical-align: inherit;\">Entitats inform\u00e0tiques de manteniment de programari i maquinari<\/span><\/span><\/li>\r\n \t<li><span style=\"vertical-align: inherit;\"><span style=\"vertical-align: inherit;\">Gestoria\/Assessoria o Seguretat social<\/span><\/span><\/li>\r\n \t<li><span style=\"vertical-align: inherit;\"><span style=\"vertical-align: inherit;\">Servei de Prevenci\u00f3 de Riscos Laborals<\/span><\/span><\/li>\r\n<\/ul>\r\n&nbsp;\r\n<h4><strong><span style=\"vertical-align: inherit;\"><span style=\"vertical-align: inherit;\">Drets<\/span><\/span><\/strong><\/h4>\r\n<span style=\"vertical-align: inherit;\"><span style=\"vertical-align: inherit;\">Teniu dret a obtenir confirmaci\u00f3 sobre si a <\/span><\/span><strong><span style=\"vertical-align: inherit;\"><span style=\"vertical-align: inherit;\">MACCION LEAN SOLUTIONS SL<\/span><\/span><\/strong><span style=\"vertical-align: inherit;\"><span style=\"vertical-align: inherit;\"> estem tractant dades personals que us concerneixin, o no.<\/span><\/span>\r\n\r\n&nbsp;\r\n\r\n<span style=\"vertical-align: inherit;\"><span style=\"vertical-align: inherit;\">Aix\u00ed mateix, teniu dret d&#8217;acc\u00e9s a les vostres dades personals, aix\u00ed com a sol\u00b7licitar la rectificaci\u00f3 de les dades inexactes o, si escau, sol\u00b7licitar-ne la supressi\u00f3 quan, entre altres motius, les dades ja no siguin necess\u00e0ries per als fins que van ser recollides.<\/span><\/span>\r\n\r\n&nbsp;\r\n\r\n<span style=\"vertical-align: inherit;\"><span style=\"vertical-align: inherit;\">En determinades circumst\u00e0ncies, podr\u00e0 sol\u00b7licitar la limitaci\u00f3 del tractament de les seves dades, cas en qu\u00e8 \u00fanicament les conservarem per a l&#8217;exercici o la defensa de reclamacions.<\/span><\/span>\r\n\r\n&nbsp;\r\n\r\n<span style=\"vertical-align: inherit;\"><span style=\"vertical-align: inherit;\">Addicionalment, en determinades circumst\u00e0ncies i per motius relacionats amb la vostra situaci\u00f3 particular, podreu exercir el dret d&#8217;oposici\u00f3 al tractament de les vostres dades. <\/span><\/span><strong><span style=\"vertical-align: inherit;\"><span style=\"vertical-align: inherit;\">MACCION LEAN SOLUTIONS SL<\/span><\/span><\/strong><span style=\"vertical-align: inherit;\"><span style=\"vertical-align: inherit;\"> deixar\u00e0 de tractar les dades, excepte per motius leg\u00edtims imperiosos, o l&#8217;exercici o la defensa de possibles reclamacions.<\/span><\/span>\r\n\r\n&nbsp;\r\n\r\n<span style=\"vertical-align: inherit;\"><span style=\"vertical-align: inherit;\">L&#8217;exercici d&#8217;aquests drets \u00e9s personal i per tant l&#8217;ha d&#8217;exercir directament l&#8217;interessat, sol\u00b7licitant-ho directament al Titular, cosa que significa que qualsevol client, subscriptor o col\u00b7laborador que hagi facilitat les dades en algun moment pot adre\u00e7ar-se al Titular i demanar informaci\u00f3 sobre els dades que t\u00e9 emmagatzemades i com les ha obtingut, sol\u00b7licitar-ne la rectificaci\u00f3, sol\u00b7licitar la portabilitat de les seves dades personals, oposar-se al tractament, limitar-ne l&#8217;\u00fas o sol\u00b7licitar la cancel\u00b7laci\u00f3 d&#8217;aquestes dades als fitxers del Titular.<\/span><\/span>\r\n\r\n&nbsp;\r\n\r\n<span style=\"vertical-align: inherit;\"><span style=\"vertical-align: inherit;\">Per exercitar els vostres drets d&#8217;acc\u00e9s, rectificaci\u00f3, cancel\u00b7laci\u00f3, portabilitat i oposici\u00f3 heu d&#8217;enviar un correu electr\u00f2nic a <\/span><\/span><a href=\"mailto:info@maccion.com\"><span style=\"vertical-align: inherit;\"><span style=\"vertical-align: inherit;\">info@maccion.com<\/span><\/span><\/a><span style=\"vertical-align: inherit;\"><span style=\"vertical-align: inherit;\"> juntament amb una prova v\u00e0lida en dret com una fotoc\u00f2pia del DNI o equivalent.<\/span><\/span>\r\n\r\n&nbsp;\r\n\r\n<span style=\"vertical-align: inherit;\"><span style=\"vertical-align: inherit;\">T\u00e9 dret a la tutela judicial efectiva ia presentar una reclamaci\u00f3 davant l&#8217;autoritat de control, en aquest cas, l&#8217;Ag\u00e8ncia Espanyola de Protecci\u00f3 de Dades, si considera que el tractament de dades personals que concerneixen infringeix el Reglament.<\/span><\/span>\r\n\r\n&nbsp;\r\n\r\n<span style=\"vertical-align: inherit;\"><span style=\"vertical-align: inherit;\">Alternativament, tamb\u00e9 us podeu adre\u00e7ar a nosaltres mitjan\u00e7ant correu postal a la seg\u00fcent adre\u00e7a: C\/ JOSEP URO, 1. 08253, SANT SALVADOR DE GUARDIOLA, BARCELONA, adjuntant una fotoc\u00f2pia del DNI, per a la certesa de la seva identitat. Recordeu facilitar el m\u00e0xim d&#8217;informaci\u00f3 possible sobre la vostra sol\u00b7licitud: Nom i cognoms, adre\u00e7a de correu electr\u00f2nic que utilitza per al vostre compte o portal objecte de la sol\u00b7licitud.<\/span><\/span>\r\n\r\n&nbsp;\r\n\r\n<span style=\"vertical-align: inherit;\"><span style=\"vertical-align: inherit;\">Finalment, us informem que podeu dirigir-vos davant l&#8217;Ag\u00e8ncia Espanyola de Protecci\u00f3 de Dades i altres organismes p\u00fablics competents per a qualsevol reclamaci\u00f3 derivada del tractament de les vostres dades personals.<\/span><\/span>\t\t\t\t\t\t<\/div>\n\t\t\t\t<\/div>\n\t\t\t\t\t<\/div>\n\t\t\t\t<\/div>\n\t\t\t\t<\/div>\n\t\t","protected":false},"excerpt":{"rendered":"<p>Pol\u00edtica de privacitat INFORMACI\u00d3 SOBRE PROTECCI\u00d3 DE DADES Dades relatives al responsable Responsable Tractament Entitat: MACCION LEAN SOLUTIONS SL CIF de l&#8217;entitat: B66663634 Adre\u00e7a [&hellip;]<\/p>\n","protected":false},"author":1,"featured_media":0,"parent":0,"menu_order":0,"comment_status":"closed","ping_status":"closed","template":"","meta":{"_acf_changed":false,"_monsterinsights_skip_tracking":false,"_monsterinsights_sitenote_active":false,"_monsterinsights_sitenote_note":"","_monsterinsights_sitenote_category":0,"footnotes":""},"class_list":["post-5074","page","type-page","status-publish","hentry"],"acf":{"full_width":false,"header_transparent":false,"header_white":false},"yoast_head":"<!-- This site is optimized with the Yoast SEO plugin v23.6 - https:\/\/yoast.com\/wordpress\/plugins\/seo\/ -->\n<title>Pol\u00edtica de privacitat - Maccion Lean Solutions: Solucions per Optimitzar la Ind\u00fastria i la F\u00e0brica<\/title>\n<meta name=\"robots\" content=\"index, follow, max-snippet:-1, max-image-preview:large, max-video-preview:-1\" \/>\n<link rel=\"canonical\" href=\"https:\/\/maccion.com\/ca\/politica-de-privacitat\/\" \/>\n<meta property=\"og:locale\" content=\"ca_ES\" \/>\n<meta property=\"og:type\" content=\"article\" \/>\n<meta property=\"og:title\" content=\"Pol\u00edtica de privacitat - Maccion Lean Solutions: Solucions per Optimitzar la Ind\u00fastria i la F\u00e0brica\" \/>\n<meta property=\"og:description\" content=\"Pol\u00edtica de privacitat INFORMACI\u00d3 SOBRE PROTECCI\u00d3 DE DADES Dades relatives al responsable Responsable Tractament Entitat: MACCION LEAN SOLUTIONS SL CIF de l&#8217;entitat: B66663634 Adre\u00e7a [&hellip;]\" \/>\n<meta property=\"og:url\" content=\"https:\/\/maccion.com\/ca\/politica-de-privacitat\/\" \/>\n<meta property=\"og:site_name\" content=\"Maccion Lean Solutions: Solucions per Optimitzar la Ind\u00fastria i la F\u00e0brica\" \/>\n<meta property=\"article:modified_time\" content=\"2024-10-18T15:53:10+00:00\" \/>\n<meta name=\"twitter:card\" content=\"summary_large_image\" \/>\n<meta name=\"twitter:label1\" content=\"Temps estimat de lectura\" \/>\n\t<meta name=\"twitter:data1\" content=\"4 minuts\" \/>\n<script type=\"application\/ld+json\" class=\"yoast-schema-graph\">{\"@context\":\"https:\/\/schema.org\",\"@graph\":[{\"@type\":\"WebPage\",\"@id\":\"https:\/\/maccion.com\/ca\/politica-de-privacitat\/\",\"url\":\"https:\/\/maccion.com\/ca\/politica-de-privacitat\/\",\"name\":\"Pol\u00edtica de privacitat - Maccion Lean Solutions: Solucions per Optimitzar la Ind\u00fastria i la F\u00e0brica\",\"isPartOf\":{\"@id\":\"https:\/\/maccion.com\/ca\/#website\"},\"datePublished\":\"2024-09-12T07:15:30+00:00\",\"dateModified\":\"2024-10-18T15:53:10+00:00\",\"breadcrumb\":{\"@id\":\"https:\/\/maccion.com\/ca\/politica-de-privacitat\/#breadcrumb\"},\"inLanguage\":\"ca\",\"potentialAction\":[{\"@type\":\"ReadAction\",\"target\":[\"https:\/\/maccion.com\/ca\/politica-de-privacitat\/\"]}]},{\"@type\":\"BreadcrumbList\",\"@id\":\"https:\/\/maccion.com\/ca\/politica-de-privacitat\/#breadcrumb\",\"itemListElement\":[{\"@type\":\"ListItem\",\"position\":1,\"name\":\"Home\",\"item\":\"https:\/\/maccion.com\/ca\/\"},{\"@type\":\"ListItem\",\"position\":2,\"name\":\"Pol\u00edtica de privacitat\"}]},{\"@type\":\"WebSite\",\"@id\":\"https:\/\/maccion.com\/ca\/#website\",\"url\":\"https:\/\/maccion.com\/ca\/\",\"name\":\"Maccion Lean Solutions: Solucions per Optimitzar la Ind\u00fastria i la F\u00e0brica\",\"description\":\"Descobreix les solucions de Maccion Lean per transformar la teva ind\u00fastria amb tecnologia avan\u00e7ada i optimitzaci\u00f3 de processos.\",\"potentialAction\":[{\"@type\":\"SearchAction\",\"target\":{\"@type\":\"EntryPoint\",\"urlTemplate\":\"https:\/\/maccion.com\/ca\/?s={search_term_string}\"},\"query-input\":{\"@type\":\"PropertyValueSpecification\",\"valueRequired\":true,\"valueName\":\"search_term_string\"}}],\"inLanguage\":\"ca\"}]}<\/script>\n<!-- \/ Yoast SEO plugin. -->","yoast_head_json":{"title":"Pol\u00edtica de privacitat - Maccion Lean Solutions: Solucions per Optimitzar la Ind\u00fastria i la F\u00e0brica","robots":{"index":"index","follow":"follow","max-snippet":"max-snippet:-1","max-image-preview":"max-image-preview:large","max-video-preview":"max-video-preview:-1"},"canonical":"https:\/\/maccion.com\/ca\/politica-de-privacitat\/","og_locale":"ca_ES","og_type":"article","og_title":"Pol\u00edtica de privacitat - Maccion Lean Solutions: Solucions per Optimitzar la Ind\u00fastria i la F\u00e0brica","og_description":"Pol\u00edtica de privacitat INFORMACI\u00d3 SOBRE PROTECCI\u00d3 DE DADES Dades relatives al responsable Responsable Tractament Entitat: MACCION LEAN SOLUTIONS SL CIF de l&#8217;entitat: B66663634 Adre\u00e7a [&hellip;]","og_url":"https:\/\/maccion.com\/ca\/politica-de-privacitat\/","og_site_name":"Maccion Lean Solutions: Solucions per Optimitzar la Ind\u00fastria i la F\u00e0brica","article_modified_time":"2024-10-18T15:53:10+00:00","twitter_card":"summary_large_image","twitter_misc":{"Temps estimat de lectura":"4 minuts"},"schema":{"@context":"https:\/\/schema.org","@graph":[{"@type":"WebPage","@id":"https:\/\/maccion.com\/ca\/politica-de-privacitat\/","url":"https:\/\/maccion.com\/ca\/politica-de-privacitat\/","name":"Pol\u00edtica de privacitat - Maccion Lean Solutions: Solucions per Optimitzar la Ind\u00fastria i la F\u00e0brica","isPartOf":{"@id":"https:\/\/maccion.com\/ca\/#website"},"datePublished":"2024-09-12T07:15:30+00:00","dateModified":"2024-10-18T15:53:10+00:00","breadcrumb":{"@id":"https:\/\/maccion.com\/ca\/politica-de-privacitat\/#breadcrumb"},"inLanguage":"ca","potentialAction":[{"@type":"ReadAction","target":["https:\/\/maccion.com\/ca\/politica-de-privacitat\/"]}]},{"@type":"BreadcrumbList","@id":"https:\/\/maccion.com\/ca\/politica-de-privacitat\/#breadcrumb","itemListElement":[{"@type":"ListItem","position":1,"name":"Home","item":"https:\/\/maccion.com\/ca\/"},{"@type":"ListItem","position":2,"name":"Pol\u00edtica de privacitat"}]},{"@type":"WebSite","@id":"https:\/\/maccion.com\/ca\/#website","url":"https:\/\/maccion.com\/ca\/","name":"Maccion Lean Solutions: Solucions per Optimitzar la Ind\u00fastria i la F\u00e0brica","description":"Descobreix les solucions de Maccion Lean per transformar la teva ind\u00fastria amb tecnologia avan\u00e7ada i optimitzaci\u00f3 de processos.","potentialAction":[{"@type":"SearchAction","target":{"@type":"EntryPoint","urlTemplate":"https:\/\/maccion.com\/ca\/?s={search_term_string}"},"query-input":{"@type":"PropertyValueSpecification","valueRequired":true,"valueName":"search_term_string"}}],"inLanguage":"ca"}]}},"_links":{"self":[{"href":"https:\/\/maccion.com\/ca\/wp-json\/wp\/v2\/pages\/5074","targetHints":{"allow":["GET"]}}],"collection":[{"href":"https:\/\/maccion.com\/ca\/wp-json\/wp\/v2\/pages"}],"about":[{"href":"https:\/\/maccion.com\/ca\/wp-json\/wp\/v2\/types\/page"}],"author":[{"embeddable":true,"href":"https:\/\/maccion.com\/ca\/wp-json\/wp\/v2\/users\/1"}],"replies":[{"embeddable":true,"href":"https:\/\/maccion.com\/ca\/wp-json\/wp\/v2\/comments?post=5074"}],"version-history":[{"count":1,"href":"https:\/\/maccion.com\/ca\/wp-json\/wp\/v2\/pages\/5074\/revisions"}],"predecessor-version":[{"id":5075,"href":"https:\/\/maccion.com\/ca\/wp-json\/wp\/v2\/pages\/5074\/revisions\/5075"}],"wp:attachment":[{"href":"https:\/\/maccion.com\/ca\/wp-json\/wp\/v2\/media?parent=5074"}],"curies":[{"name":"wp","href":"https:\/\/api.w.org\/{rel}","templated":true}]}}