{"id":5166,"date":"2024-09-17T11:02:35","date_gmt":"2024-09-17T11:02:35","guid":{"rendered":"https:\/\/maccion.com\/doc\/"},"modified":"2024-09-17T11:02:35","modified_gmt":"2024-09-17T11:02:35","slug":"doc","status":"publish","type":"page","link":"https:\/\/maccion.com\/en\/doc\/","title":{"rendered":"doc"},"content":{"rendered":"<ul><li><a href=\"https:\/\/maccion.com\/en\/docs\/Brochure%20logistica%20SGA_ENG.pdf\">Brochure logistica SGA_ENG.pdf<\/a><\/li><li><a href=\"https:\/\/maccion.com\/en\/docs\/Brochure%20MaccionWOM%20ENG%202024%20V1.pdf\">Brochure MaccionWOM ENG 2024 V1.pdf<\/a><\/li><li><a href=\"https:\/\/maccion.com\/en\/docs\/Brochure%20MaccionOEE%20CAT%202024%20V1.pdf\">Brochure MaccionOEE CAT 2024 V1.pdf<\/a><\/li><li><a href=\"https:\/\/maccion.com\/en\/docs\/Brochure%20MaccionOEE%20ENG%202024%20V1.pdf\">Brochure MaccionOEE ENG 2024 V1.pdf<\/a><\/li><li><a href=\"https:\/\/maccion.com\/en\/docs\/Brochure%20MaccionWOM%20ESP%202024%20V1.pdf\">Brochure MaccionWOM ESP 2024 V1.pdf<\/a><\/li><li><a href=\"https:\/\/maccion.com\/en\/docs\/Brochure%20logistica%20SGA_ESP.pdf\">Brochure logistica SGA_ESP.pdf<\/a><\/li><li><a href=\"https:\/\/maccion.com\/en\/docs\/Brochure%20logistica%20SGA_CAT.pdf\">Brochure logistica SGA_CAT.pdf<\/a><\/li><li><a href=\"https:\/\/maccion.com\/en\/docs\/Brochure%20MaccionOEE%20ESP%202024%20V1.pdf\">Brochure MaccionOEE ESP 2024 V1.pdf<\/a><\/li><li><a href=\"https:\/\/maccion.com\/en\/docs\/Brochure%20MaccionWOM%20CAT%202024%20V1.pdf\">Brochure MaccionWOM CAT 2024 V1.pdf<\/a><\/li><\/ul>\n","protected":false},"excerpt":{"rendered":"","protected":false},"author":1,"featured_media":0,"parent":0,"menu_order":0,"comment_status":"closed","ping_status":"closed","template":"","meta":{"_acf_changed":false,"_monsterinsights_skip_tracking":false,"_monsterinsights_sitenote_active":false,"_monsterinsights_sitenote_note":"","_monsterinsights_sitenote_category":0,"footnotes":""},"class_list":["post-5166","page","type-page","status-publish","hentry"],"acf":{"full_width":false,"header_transparent":false,"header_white":false},"yoast_head":"<!-- This site is optimized with the Yoast SEO plugin v23.6 - https:\/\/yoast.com\/wordpress\/plugins\/seo\/ -->\n<title>doc - Maccion Lean Solutions: Solucions per Optimitzar la Ind\u00fastria i la F\u00e0brica<\/title>\n<meta name=\"robots\" content=\"index, follow, max-snippet:-1, max-image-preview:large, max-video-preview:-1\" \/>\n<link rel=\"canonical\" href=\"https:\/\/maccion.com\/en\/doc\/\" \/>\n<meta property=\"og:locale\" content=\"en_US\" \/>\n<meta property=\"og:type\" content=\"article\" \/>\n<meta property=\"og:title\" content=\"doc - Maccion Lean Solutions: Solucions per Optimitzar la Ind\u00fastria i la F\u00e0brica\" \/>\n<meta property=\"og:url\" content=\"https:\/\/maccion.com\/en\/doc\/\" \/>\n<meta property=\"og:site_name\" content=\"Maccion Lean Solutions: Solucions per Optimitzar la Ind\u00fastria i la F\u00e0brica\" \/>\n<meta name=\"twitter:card\" content=\"summary_large_image\" \/>\n<script type=\"application\/ld+json\" class=\"yoast-schema-graph\">{\"@context\":\"https:\/\/schema.org\",\"@graph\":[{\"@type\":\"WebPage\",\"@id\":\"https:\/\/maccion.com\/en\/doc\/\",\"url\":\"https:\/\/maccion.com\/en\/doc\/\",\"name\":\"doc - Maccion Lean Solutions: Solucions per Optimitzar la Ind\u00fastria i la F\u00e0brica\",\"isPartOf\":{\"@id\":\"https:\/\/maccion.com\/en\/#website\"},\"datePublished\":\"2024-09-17T11:02:35+00:00\",\"dateModified\":\"2024-09-17T11:02:35+00:00\",\"breadcrumb\":{\"@id\":\"https:\/\/maccion.com\/en\/doc\/#breadcrumb\"},\"inLanguage\":\"en-US\",\"potentialAction\":[{\"@type\":\"ReadAction\",\"target\":[\"https:\/\/maccion.com\/en\/doc\/\"]}]},{\"@type\":\"BreadcrumbList\",\"@id\":\"https:\/\/maccion.com\/en\/doc\/#breadcrumb\",\"itemListElement\":[{\"@type\":\"ListItem\",\"position\":1,\"name\":\"Home\",\"item\":\"https:\/\/maccion.com\/en\/\"},{\"@type\":\"ListItem\",\"position\":2,\"name\":\"doc\"}]},{\"@type\":\"WebSite\",\"@id\":\"https:\/\/maccion.com\/en\/#website\",\"url\":\"https:\/\/maccion.com\/en\/\",\"name\":\"Maccion Lean Solutions: Solucions per Optimitzar la Ind\u00fastria i la F\u00e0brica\",\"description\":\"Descobreix les solucions de Maccion Lean per transformar la teva ind\u00fastria amb tecnologia avan\u00e7ada i optimitzaci\u00f3 de processos.\",\"potentialAction\":[{\"@type\":\"SearchAction\",\"target\":{\"@type\":\"EntryPoint\",\"urlTemplate\":\"https:\/\/maccion.com\/en\/?s={search_term_string}\"},\"query-input\":{\"@type\":\"PropertyValueSpecification\",\"valueRequired\":true,\"valueName\":\"search_term_string\"}}],\"inLanguage\":\"en-US\"}]}<\/script>\n<!-- \/ Yoast SEO plugin. -->","yoast_head_json":{"title":"doc - Maccion Lean Solutions: Solucions per Optimitzar la Ind\u00fastria i la F\u00e0brica","robots":{"index":"index","follow":"follow","max-snippet":"max-snippet:-1","max-image-preview":"max-image-preview:large","max-video-preview":"max-video-preview:-1"},"canonical":"https:\/\/maccion.com\/en\/doc\/","og_locale":"en_US","og_type":"article","og_title":"doc - Maccion Lean Solutions: Solucions per Optimitzar la Ind\u00fastria i la F\u00e0brica","og_url":"https:\/\/maccion.com\/en\/doc\/","og_site_name":"Maccion Lean Solutions: Solucions per Optimitzar la Ind\u00fastria i la F\u00e0brica","twitter_card":"summary_large_image","schema":{"@context":"https:\/\/schema.org","@graph":[{"@type":"WebPage","@id":"https:\/\/maccion.com\/en\/doc\/","url":"https:\/\/maccion.com\/en\/doc\/","name":"doc - Maccion Lean Solutions: Solucions per Optimitzar la Ind\u00fastria i la F\u00e0brica","isPartOf":{"@id":"https:\/\/maccion.com\/en\/#website"},"datePublished":"2024-09-17T11:02:35+00:00","dateModified":"2024-09-17T11:02:35+00:00","breadcrumb":{"@id":"https:\/\/maccion.com\/en\/doc\/#breadcrumb"},"inLanguage":"en-US","potentialAction":[{"@type":"ReadAction","target":["https:\/\/maccion.com\/en\/doc\/"]}]},{"@type":"BreadcrumbList","@id":"https:\/\/maccion.com\/en\/doc\/#breadcrumb","itemListElement":[{"@type":"ListItem","position":1,"name":"Home","item":"https:\/\/maccion.com\/en\/"},{"@type":"ListItem","position":2,"name":"doc"}]},{"@type":"WebSite","@id":"https:\/\/maccion.com\/en\/#website","url":"https:\/\/maccion.com\/en\/","name":"Maccion Lean Solutions: Solucions per Optimitzar la Ind\u00fastria i la F\u00e0brica","description":"Descobreix les solucions de Maccion Lean per transformar la teva ind\u00fastria amb tecnologia avan\u00e7ada i optimitzaci\u00f3 de processos.","potentialAction":[{"@type":"SearchAction","target":{"@type":"EntryPoint","urlTemplate":"https:\/\/maccion.com\/en\/?s={search_term_string}"},"query-input":{"@type":"PropertyValueSpecification","valueRequired":true,"valueName":"search_term_string"}}],"inLanguage":"en-US"}]}},"_links":{"self":[{"href":"https:\/\/maccion.com\/en\/wp-json\/wp\/v2\/pages\/5166","targetHints":{"allow":["GET"]}}],"collection":[{"href":"https:\/\/maccion.com\/en\/wp-json\/wp\/v2\/pages"}],"about":[{"href":"https:\/\/maccion.com\/en\/wp-json\/wp\/v2\/types\/page"}],"author":[{"embeddable":true,"href":"https:\/\/maccion.com\/en\/wp-json\/wp\/v2\/users\/1"}],"replies":[{"embeddable":true,"href":"https:\/\/maccion.com\/en\/wp-json\/wp\/v2\/comments?post=5166"}],"version-history":[{"count":0,"href":"https:\/\/maccion.com\/en\/wp-json\/wp\/v2\/pages\/5166\/revisions"}],"wp:attachment":[{"href":"https:\/\/maccion.com\/en\/wp-json\/wp\/v2\/media?parent=5166"}],"curies":[{"name":"wp","href":"https:\/\/api.w.org\/{rel}","templated":true}]}}