{"id":5167,"date":"2022-10-07T13:37:18","date_gmt":"2022-10-07T13:37:18","guid":{"rendered":"https:\/\/maccion.com\/full-page-slider\/"},"modified":"2024-10-21T11:17:04","modified_gmt":"2024-10-21T11:17:04","slug":"full-page-slider","status":"publish","type":"page","link":"https:\/\/maccion.com\/en\/full-page-slider\/","title":{"rendered":"Full Page Slider"},"content":{"rendered":"\t\t<div data-elementor-type=\"wp-page\" data-elementor-id=\"5167\" class=\"elementor elementor-5167 elementor-782\" data-elementor-post-type=\"page\">\n\t\t\t\t\t\t<section class=\"elementor-section elementor-top-section elementor-element elementor-element-413590e elementor-section-full_width elementor-section-height-full elementor-section-height-default elementor-section-items-middle\" data-id=\"413590e\" data-element_type=\"section\">\n\t\t\t\t\t\t<div class=\"elementor-container elementor-column-gap-no\">\n\t\t\t\t\t<div class=\"elementor-column elementor-col-100 elementor-top-column elementor-element elementor-element-1cc38ab\" data-id=\"1cc38ab\" data-element_type=\"column\">\n\t\t\t<div class=\"elementor-widget-wrap elementor-element-populated\">\n\t\t\t\t\t\t<div class=\"elementor-element elementor-element-dc20e9d elementor-widget elementor-widget-ms_slider_fs\" data-id=\"dc20e9d\" data-element_type=\"widget\" data-widget_type=\"ms_slider_fs.default\">\n\t\t\t\t<div class=\"elementor-widget-container\">\n\t\t\t\r\n        <div class=\"ms-swiper-content\">\r\n            <div class=\"ms-slider\" data-nav=\"bottom\" data-autoplay=\"\" data-centered=\"off\" data-mousewheel=\"on\" data-simulatetouch=\"on\" data-grabcursor=\"on\" data-effect=\"slide\" data-direction=\"horizontal\" data-loop=\"\" data-spv=\"1\" data-spv-t=\"1\" data-spv-m=\"1\" data-space=\"0\" data-space-t=\"0\" data-space-m=\"0\" data-speed=\"1000\">\r\n                <div class=\"swiper-wrapper\">\r\n                                                                    <div class=\"swiper-slide\">\r\n                                                    <div class=\"slide-inner\" data-swiper-parallax=\"70%\">\r\n                            \r\n                                                                    <div class=\"ms-slider--img\">\r\n                                        <img decoding=\"async\" src=\"https:\/\/theme.madsparrow.me\/most\/wp-content\/uploads\/2022\/10\/most_slide_1.jpg\" title=\"\" alt=\"\" loading=\"lazy\" \/>                                    <\/div>\r\n                                                                \r\n                                \r\n                                                                                                                                            <div class=\"ms-slider--cont\" data-swiper-parallax=\"-69%\">\r\n                                            <div class=\"ms-cont__inner\">\r\n\r\n                                                                                                    <h3 class=\"ms-sc--st\">Our Vision<\/h3>\r\n                                                \r\n                                                                                                    <h1 class=\"ms-sc--t\">Design<\/h1>\r\n                                                                                                \r\n                                                                                                    <p class=\"ms-sc--desc\">Credibly leverage existing business experiences through<br> magnetic mindshare. Synergistically exploit <br> efficient partnerships world-class applications. <\/p>\r\n                                                \r\n                                                                                                    <div class=\"btn-wrap\">\r\n                                                        <a class=\"btn btn-circle btn--md\" role=\"button\" href=\"https:\/\/theme.madsparrow.me\/most\/grid-masonry\/\">\r\n                                                            <div class=\"ms-btn--circle\">\r\n                                                                <div class=\"circle\">\r\n                                                                    <div class=\"circle-fill\"><\/div>\r\n                                                                    <svg viewBox=\"0 0 50 50\" xmlns=\"http:\/\/www.w3.org\/2000\/svg\" class=\"circle-outline\"><circle cx=\"25\" cy=\"25\" r=\"23\"><\/circle><\/svg>\r\n                                                                        <div class=\"circle-icon\">\r\n                                                                            <svg viewBox=\"0 0 12 10\" fill=\"none\" xmlns=\"http:\/\/www.w3.org\/2000\/svg\" class=\"icon-arrow\">\r\n                                                                                <path d=\"M0 5.65612V4.30388L8.41874 4.31842L5.05997 0.95965L5.99054 0L10.9923 4.97273L6.00508 9.96L5.07451 9.00035L8.43328 5.64158L0 5.65612Z\"><\/path>\r\n                                                                            <\/svg>\r\n                                                                        <\/div>\t\t\t\t\t\r\n                                                                    <\/div>\r\n                                                            <\/div>\r\n\r\n                                                            <div class=\"ms-btn--label\">\r\n                                                                <div class=\"ms-btn__text\">Take A  Look<\/div>\r\n                                                                <div class=\"ms-btn__border\"><\/div>\r\n                                                            <\/div>\r\n                                                        <\/a>\r\n                                                    <\/div>\r\n                                                                                            <\/div>\r\n                                        <\/div>\r\n                                                                                                <\/div>\r\n                        <\/div>\r\n                                                                    <div class=\"swiper-slide\">\r\n                                                    <div class=\"slide-inner\" data-swiper-parallax=\"70%\">\r\n                            \r\n                                                                    <div class=\"ms-slider--img\">\r\n                                        <img decoding=\"async\" src=\"https:\/\/theme.madsparrow.me\/most\/wp-content\/uploads\/2022\/10\/most_slide_3.jpg\" title=\"\" alt=\"\" loading=\"lazy\" \/>                                    <\/div>\r\n                                                                \r\n                                \r\n                                                                                                                                            <div class=\"ms-slider--cont\" data-swiper-parallax=\"-69%\">\r\n                                            <div class=\"ms-cont__inner\">\r\n\r\n                                                                                                    <h3 class=\"ms-sc--st\">Inspiration<\/h3>\r\n                                                \r\n                                                                                                    <h1 class=\"ms-sc--t\">Motion<\/h1>\r\n                                                                                                \r\n                                                                                                    <p class=\"ms-sc--desc\">Conveniently formulate progressive users for error-free<br> interfaces. Monotonectally deploy superior <br>relationships without seamless infomediaries. <\/p>\r\n                                                \r\n                                                                                                    <div class=\"btn-wrap\">\r\n                                                        <a class=\"btn btn-circle btn--md\" role=\"button\" href=\"https:\/\/theme.madsparrow.me\/most\/grid-style-1\/\">\r\n                                                            <div class=\"ms-btn--circle\">\r\n                                                                <div class=\"circle\">\r\n                                                                    <div class=\"circle-fill\"><\/div>\r\n                                                                    <svg viewBox=\"0 0 50 50\" xmlns=\"http:\/\/www.w3.org\/2000\/svg\" class=\"circle-outline\"><circle cx=\"25\" cy=\"25\" r=\"23\"><\/circle><\/svg>\r\n                                                                        <div class=\"circle-icon\">\r\n                                                                            <svg viewBox=\"0 0 12 10\" fill=\"none\" xmlns=\"http:\/\/www.w3.org\/2000\/svg\" class=\"icon-arrow\">\r\n                                                                                <path d=\"M0 5.65612V4.30388L8.41874 4.31842L5.05997 0.95965L5.99054 0L10.9923 4.97273L6.00508 9.96L5.07451 9.00035L8.43328 5.64158L0 5.65612Z\"><\/path>\r\n                                                                            <\/svg>\r\n                                                                        <\/div>\t\t\t\t\t\r\n                                                                    <\/div>\r\n                                                            <\/div>\r\n\r\n                                                            <div class=\"ms-btn--label\">\r\n                                                                <div class=\"ms-btn__text\">See More<\/div>\r\n                                                                <div class=\"ms-btn__border\"><\/div>\r\n                                                            <\/div>\r\n                                                        <\/a>\r\n                                                    <\/div>\r\n                                                                                            <\/div>\r\n                                        <\/div>\r\n                                                                                                <\/div>\r\n                        <\/div>\r\n                                                                    <div class=\"swiper-slide\">\r\n                                                    <div class=\"slide-inner\" data-swiper-parallax=\"70%\">\r\n                            \r\n                                                                \r\n                                                                    <div class=\"ms-slider--video\">\r\n\r\n                                                                                    <div data-vbg-mobile=\"true\" data-vbg-start-at=\"20\" data-vbg-end-at=\"90\" data-vbg=\"https:\/\/youtu.be\/EUX6lXTX9zQ\"><\/div>\r\n                                        \r\n                                        \r\n                                        \r\n                                    <\/div>\r\n                                \r\n                                                                                                                                            <div class=\"ms-slider--cont\" data-swiper-parallax=\"-69%\">\r\n                                            <div class=\"ms-cont__inner\">\r\n\r\n                                                \r\n                                                                                                    <h1 class=\"ms-sc--t\">Engine<\/h1>\r\n                                                                                                \r\n                                                                                                    <p class=\"ms-sc--desc\">Authoritatively mesh robust web services and web-enabled ROI. <br>Globally communicate extensible e-services <br>rather than backend users.<\/p>\r\n                                                \r\n                                                                                                    <div class=\"btn-wrap\">\r\n                                                        <a class=\"btn btn-circle btn--md\" role=\"button\" href=\"https:\/\/theme.madsparrow.me\/most\/list-style\/\">\r\n                                                            <div class=\"ms-btn--circle\">\r\n                                                                <div class=\"circle\">\r\n                                                                    <div class=\"circle-fill\"><\/div>\r\n                                                                    <svg viewBox=\"0 0 50 50\" xmlns=\"http:\/\/www.w3.org\/2000\/svg\" class=\"circle-outline\"><circle cx=\"25\" cy=\"25\" r=\"23\"><\/circle><\/svg>\r\n                                                                        <div class=\"circle-icon\">\r\n                                                                            <svg viewBox=\"0 0 12 10\" fill=\"none\" xmlns=\"http:\/\/www.w3.org\/2000\/svg\" class=\"icon-arrow\">\r\n                                                                                <path d=\"M0 5.65612V4.30388L8.41874 4.31842L5.05997 0.95965L5.99054 0L10.9923 4.97273L6.00508 9.96L5.07451 9.00035L8.43328 5.64158L0 5.65612Z\"><\/path>\r\n                                                                            <\/svg>\r\n                                                                        <\/div>\t\t\t\t\t\r\n                                                                    <\/div>\r\n                                                            <\/div>\r\n\r\n                                                            <div class=\"ms-btn--label\">\r\n                                                                <div class=\"ms-btn__text\">Take A Look<\/div>\r\n                                                                <div class=\"ms-btn__border\"><\/div>\r\n                                                            <\/div>\r\n                                                        <\/a>\r\n                                                    <\/div>\r\n                                                                                            <\/div>\r\n                                        <\/div>\r\n                                                                                                <\/div>\r\n                        <\/div>\r\n                                    <\/div>\r\n                                    <div class=\"ms-slider--nav nav-size--lg\">\r\n                        <div class=\"ms-nav--next\">\r\n                            <svg class=\"i-arrow\" viewBox=\"0 0 17 12\">\r\n                                <path d=\"M1,6h14\"><\/path>\r\n                                <path d=\"M12,1l4,5\"><\/path>\r\n                                <path d=\"M12,11l4-5\"><\/path>\r\n                            <\/svg>\r\n                        <\/div>\r\n                        <div class=\"ms-nav--prev\">\r\n                            <svg class=\"i-arrow\" viewBox=\"0 0 17 12\">\r\n                                <path d=\"M1,6h14\"><\/path>\r\n                                <path d=\"M12,1l4,5\"><\/path>\r\n                                <path d=\"M12,11l4-5\"><\/path>\r\n                            <\/svg>\r\n                        <\/div>\r\n                    <\/div>\r\n                                                    <div class=\"ms-slider--progress center\">\r\n                        <div class=\"ms-slider--count\"><\/div>\r\n                        <div class=\"ms-slider--pagination swiper-pagination\"><\/div>\r\n                        <div class=\"ms-slider--count__total\"><\/div>\r\n                    <\/div>\r\n                            <\/div>\r\n        <\/div>\r\n\t\t\t\t<\/div>\n\t\t\t\t<\/div>\n\t\t\t\t\t<\/div>\n\t\t<\/div>\n\t\t\t\t\t<\/div>\n\t\t<\/section>\n\t\t\t\t<\/div>\n\t\t","protected":false},"excerpt":{"rendered":"<p>Our Vision Design Credibly leverage existing business experiences through magnetic mindshare. Synergistically exploit efficient partnerships world-class applications. Take A Look Inspiration Motion Conveniently formulate [&hellip;]<\/p>\n","protected":false},"author":1,"featured_media":0,"parent":0,"menu_order":0,"comment_status":"closed","ping_status":"closed","template":"page-no-footer.php","meta":{"_acf_changed":false,"_monsterinsights_skip_tracking":false,"_monsterinsights_sitenote_active":false,"_monsterinsights_sitenote_note":"","_monsterinsights_sitenote_category":0,"footnotes":""},"class_list":["post-5167","page","type-page","status-publish","hentry"],"acf":{"full_width":false,"header_transparent":false,"header_white":false},"yoast_head":"<!-- This site is optimized with the Yoast SEO plugin v23.6 - https:\/\/yoast.com\/wordpress\/plugins\/seo\/ -->\n<title>Full Page Slider - Maccion Lean Solutions: Solucions per Optimitzar la Ind\u00fastria i la F\u00e0brica<\/title>\n<meta name=\"robots\" content=\"index, follow, max-snippet:-1, max-image-preview:large, max-video-preview:-1\" \/>\n<link rel=\"canonical\" href=\"https:\/\/maccion.com\/en\/full-page-slider\/\" \/>\n<meta property=\"og:locale\" content=\"en_US\" \/>\n<meta property=\"og:type\" content=\"article\" \/>\n<meta property=\"og:title\" content=\"Full Page Slider - Maccion Lean Solutions: Solucions per Optimitzar la Ind\u00fastria i la F\u00e0brica\" \/>\n<meta property=\"og:description\" content=\"Our Vision Design Credibly leverage existing business experiences through magnetic mindshare. Synergistically exploit efficient partnerships world-class applications. Take A Look Inspiration Motion Conveniently formulate [&hellip;]\" \/>\n<meta property=\"og:url\" content=\"https:\/\/maccion.com\/en\/full-page-slider\/\" \/>\n<meta property=\"og:site_name\" content=\"Maccion Lean Solutions: Solucions per Optimitzar la Ind\u00fastria i la F\u00e0brica\" \/>\n<meta property=\"article:modified_time\" content=\"2024-10-21T11:17:04+00:00\" \/>\n<meta property=\"og:image\" content=\"https:\/\/maccion.com\/wp-content\/uploads\/2022\/10\/most_slide_1-1.jpg\" \/>\n<meta name=\"twitter:card\" content=\"summary_large_image\" \/>\n<script type=\"application\/ld+json\" class=\"yoast-schema-graph\">{\"@context\":\"https:\/\/schema.org\",\"@graph\":[{\"@type\":\"WebPage\",\"@id\":\"https:\/\/maccion.com\/en\/full-page-slider\/\",\"url\":\"https:\/\/maccion.com\/en\/full-page-slider\/\",\"name\":\"Full Page Slider - Maccion Lean Solutions: Solucions per Optimitzar la Ind\u00fastria i la F\u00e0brica\",\"isPartOf\":{\"@id\":\"https:\/\/maccion.com\/en\/#website\"},\"primaryImageOfPage\":{\"@id\":\"https:\/\/maccion.com\/en\/full-page-slider\/#primaryimage\"},\"image\":{\"@id\":\"https:\/\/maccion.com\/en\/full-page-slider\/#primaryimage\"},\"thumbnailUrl\":\"https:\/\/maccion.com\/wp-content\/uploads\/2022\/10\/most_slide_1-1.jpg\",\"datePublished\":\"2022-10-07T13:37:18+00:00\",\"dateModified\":\"2024-10-21T11:17:04+00:00\",\"breadcrumb\":{\"@id\":\"https:\/\/maccion.com\/en\/full-page-slider\/#breadcrumb\"},\"inLanguage\":\"en-US\",\"potentialAction\":[{\"@type\":\"ReadAction\",\"target\":[\"https:\/\/maccion.com\/en\/full-page-slider\/\"]}]},{\"@type\":\"ImageObject\",\"inLanguage\":\"en-US\",\"@id\":\"https:\/\/maccion.com\/en\/full-page-slider\/#primaryimage\",\"url\":\"https:\/\/maccion.com\/wp-content\/uploads\/2022\/10\/most_slide_1-1.jpg\",\"contentUrl\":\"https:\/\/maccion.com\/wp-content\/uploads\/2022\/10\/most_slide_1-1.jpg\"},{\"@type\":\"BreadcrumbList\",\"@id\":\"https:\/\/maccion.com\/en\/full-page-slider\/#breadcrumb\",\"itemListElement\":[{\"@type\":\"ListItem\",\"position\":1,\"name\":\"Home\",\"item\":\"https:\/\/maccion.com\/en\/\"},{\"@type\":\"ListItem\",\"position\":2,\"name\":\"Full Page Slider\"}]},{\"@type\":\"WebSite\",\"@id\":\"https:\/\/maccion.com\/en\/#website\",\"url\":\"https:\/\/maccion.com\/en\/\",\"name\":\"Maccion Lean Solutions: Solucions per Optimitzar la Ind\u00fastria i la F\u00e0brica\",\"description\":\"Descobreix les solucions de Maccion Lean per transformar la teva ind\u00fastria amb tecnologia avan\u00e7ada i optimitzaci\u00f3 de processos.\",\"potentialAction\":[{\"@type\":\"SearchAction\",\"target\":{\"@type\":\"EntryPoint\",\"urlTemplate\":\"https:\/\/maccion.com\/en\/?s={search_term_string}\"},\"query-input\":{\"@type\":\"PropertyValueSpecification\",\"valueRequired\":true,\"valueName\":\"search_term_string\"}}],\"inLanguage\":\"en-US\"}]}<\/script>\n<!-- \/ Yoast SEO plugin. -->","yoast_head_json":{"title":"Full Page Slider - Maccion Lean Solutions: Solucions per Optimitzar la Ind\u00fastria i la F\u00e0brica","robots":{"index":"index","follow":"follow","max-snippet":"max-snippet:-1","max-image-preview":"max-image-preview:large","max-video-preview":"max-video-preview:-1"},"canonical":"https:\/\/maccion.com\/en\/full-page-slider\/","og_locale":"en_US","og_type":"article","og_title":"Full Page Slider - Maccion Lean Solutions: Solucions per Optimitzar la Ind\u00fastria i la F\u00e0brica","og_description":"Our Vision Design Credibly leverage existing business experiences through magnetic mindshare. Synergistically exploit efficient partnerships world-class applications. Take A Look Inspiration Motion Conveniently formulate [&hellip;]","og_url":"https:\/\/maccion.com\/en\/full-page-slider\/","og_site_name":"Maccion Lean Solutions: Solucions per Optimitzar la Ind\u00fastria i la F\u00e0brica","article_modified_time":"2024-10-21T11:17:04+00:00","og_image":[{"url":"https:\/\/maccion.com\/wp-content\/uploads\/2022\/10\/most_slide_1-1.jpg"}],"twitter_card":"summary_large_image","schema":{"@context":"https:\/\/schema.org","@graph":[{"@type":"WebPage","@id":"https:\/\/maccion.com\/en\/full-page-slider\/","url":"https:\/\/maccion.com\/en\/full-page-slider\/","name":"Full Page Slider - Maccion Lean Solutions: Solucions per Optimitzar la Ind\u00fastria i la F\u00e0brica","isPartOf":{"@id":"https:\/\/maccion.com\/en\/#website"},"primaryImageOfPage":{"@id":"https:\/\/maccion.com\/en\/full-page-slider\/#primaryimage"},"image":{"@id":"https:\/\/maccion.com\/en\/full-page-slider\/#primaryimage"},"thumbnailUrl":"https:\/\/maccion.com\/wp-content\/uploads\/2022\/10\/most_slide_1-1.jpg","datePublished":"2022-10-07T13:37:18+00:00","dateModified":"2024-10-21T11:17:04+00:00","breadcrumb":{"@id":"https:\/\/maccion.com\/en\/full-page-slider\/#breadcrumb"},"inLanguage":"en-US","potentialAction":[{"@type":"ReadAction","target":["https:\/\/maccion.com\/en\/full-page-slider\/"]}]},{"@type":"ImageObject","inLanguage":"en-US","@id":"https:\/\/maccion.com\/en\/full-page-slider\/#primaryimage","url":"https:\/\/maccion.com\/wp-content\/uploads\/2022\/10\/most_slide_1-1.jpg","contentUrl":"https:\/\/maccion.com\/wp-content\/uploads\/2022\/10\/most_slide_1-1.jpg"},{"@type":"BreadcrumbList","@id":"https:\/\/maccion.com\/en\/full-page-slider\/#breadcrumb","itemListElement":[{"@type":"ListItem","position":1,"name":"Home","item":"https:\/\/maccion.com\/en\/"},{"@type":"ListItem","position":2,"name":"Full Page Slider"}]},{"@type":"WebSite","@id":"https:\/\/maccion.com\/en\/#website","url":"https:\/\/maccion.com\/en\/","name":"Maccion Lean Solutions: Solucions per Optimitzar la Ind\u00fastria i la F\u00e0brica","description":"Descobreix les solucions de Maccion Lean per transformar la teva ind\u00fastria amb tecnologia avan\u00e7ada i optimitzaci\u00f3 de processos.","potentialAction":[{"@type":"SearchAction","target":{"@type":"EntryPoint","urlTemplate":"https:\/\/maccion.com\/en\/?s={search_term_string}"},"query-input":{"@type":"PropertyValueSpecification","valueRequired":true,"valueName":"search_term_string"}}],"inLanguage":"en-US"}]}},"_links":{"self":[{"href":"https:\/\/maccion.com\/en\/wp-json\/wp\/v2\/pages\/5167","targetHints":{"allow":["GET"]}}],"collection":[{"href":"https:\/\/maccion.com\/en\/wp-json\/wp\/v2\/pages"}],"about":[{"href":"https:\/\/maccion.com\/en\/wp-json\/wp\/v2\/types\/page"}],"author":[{"embeddable":true,"href":"https:\/\/maccion.com\/en\/wp-json\/wp\/v2\/users\/1"}],"replies":[{"embeddable":true,"href":"https:\/\/maccion.com\/en\/wp-json\/wp\/v2\/comments?post=5167"}],"version-history":[{"count":1,"href":"https:\/\/maccion.com\/en\/wp-json\/wp\/v2\/pages\/5167\/revisions"}],"predecessor-version":[{"id":5168,"href":"https:\/\/maccion.com\/en\/wp-json\/wp\/v2\/pages\/5167\/revisions\/5168"}],"wp:attachment":[{"href":"https:\/\/maccion.com\/en\/wp-json\/wp\/v2\/media?parent=5167"}],"curies":[{"name":"wp","href":"https:\/\/api.w.org\/{rel}","templated":true}]}}