{"id":5213,"date":"2024-09-12T07:15:30","date_gmt":"2024-09-12T07:15:30","guid":{"rendered":"https:\/\/maccion.com\/privacy-policy\/"},"modified":"2024-10-21T11:30:00","modified_gmt":"2024-10-21T11:30:00","slug":"privacy-policy","status":"publish","type":"page","link":"https:\/\/maccion.com\/en\/privacy-policy\/","title":{"rendered":"Privacy Policy"},"content":{"rendered":"\t\t<div data-elementor-type=\"wp-page\" data-elementor-id=\"5213\" class=\"elementor elementor-5213 elementor-4069\" data-elementor-post-type=\"page\">\n\t\t\t\t<div class=\"elementor-element elementor-element-3260dfb6 e-flex e-con-boxed e-con e-parent\" data-id=\"3260dfb6\" data-element_type=\"container\">\n\t\t\t\t\t<div class=\"e-con-inner\">\n\t\t\t\t<div class=\"elementor-element elementor-element-68d9a5a elementor-widget elementor-widget-heading\" data-id=\"68d9a5a\" data-element_type=\"widget\" data-widget_type=\"heading.default\">\n\t\t\t\t<div class=\"elementor-widget-container\">\n\t\t\t<style>\/*! elementor - v3.23.0 - 05-08-2024 *\/\n.elementor-heading-title{padding:0;margin:0;line-height:1}.elementor-widget-heading .elementor-heading-title[class*=elementor-size-]>a{color:inherit;font-size:inherit;line-height:inherit}.elementor-widget-heading .elementor-heading-title.elementor-size-small{font-size:15px}.elementor-widget-heading .elementor-heading-title.elementor-size-medium{font-size:19px}.elementor-widget-heading .elementor-heading-title.elementor-size-large{font-size:29px}.elementor-widget-heading .elementor-heading-title.elementor-size-xl{font-size:39px}.elementor-widget-heading .elementor-heading-title.elementor-size-xxl{font-size:59px}<\/style><h2 class=\"elementor-heading-title elementor-size-default\">Privacy Policy<\/h2>\t\t<\/div>\n\t\t\t\t<\/div>\n\t\t\t\t<div class=\"elementor-element elementor-element-33e59613 elementor-widget elementor-widget-text-editor\" data-id=\"33e59613\" data-element_type=\"widget\" data-widget_type=\"text-editor.default\">\n\t\t\t\t<div class=\"elementor-widget-container\">\n\t\t\t<style>\/*! elementor - v3.23.0 - 05-08-2024 *\/\n.elementor-widget-text-editor.elementor-drop-cap-view-stacked .elementor-drop-cap{background-color:#69727d;color:#fff}.elementor-widget-text-editor.elementor-drop-cap-view-framed .elementor-drop-cap{color:#69727d;border:3px solid;background-color:transparent}.elementor-widget-text-editor:not(.elementor-drop-cap-view-default) .elementor-drop-cap{margin-top:8px}.elementor-widget-text-editor:not(.elementor-drop-cap-view-default) .elementor-drop-cap-letter{width:1em;height:1em}.elementor-widget-text-editor .elementor-drop-cap{float:left;text-align:center;line-height:1;font-size:50px}.elementor-widget-text-editor .elementor-drop-cap-letter{display:inline-block}<\/style>\t\t\t\t<h3><strong><span style=\"vertical-align: inherit;\"><span style=\"vertical-align: inherit;\">DATA PROTECTION INFORMATION<\/span><\/span><\/strong><\/h3>\r\n<h4><strong><span style=\"vertical-align: inherit;\"><span style=\"vertical-align: inherit;\">Data Relating to the Responsible Party<\/span><\/span><\/strong><\/h4>\r\n<strong><span style=\"vertical-align: inherit;\"><span style=\"vertical-align: inherit;\">Data Controller<\/span><\/span><\/strong>\r\n\r\n<span style=\"vertical-align: inherit;\"><span style=\"vertical-align: inherit;\">Entity: MACCION LEAN SOLUTIONS SL <\/span><\/span>\r\n<span style=\"vertical-align: inherit;\"><span style=\"vertical-align: inherit;\">Entity CIF: B66663634 <\/span><\/span>\r\n<span style=\"vertical-align: inherit;\"><span style=\"vertical-align: inherit;\">Entity address: C\/ JOSEP URO, 1. 08253, SANT SALVADOR DE GUARDIOLA, BARCELONA <\/span><\/span>\r\n<span style=\"vertical-align: inherit;\"><span style=\"vertical-align: inherit;\">Entity telephone number: 93 835 28 24 <\/span><\/span>\r\n<span style=\"vertical-align: inherit;\"><span style=\"vertical-align: inherit;\">Entity email address: info@maccion.com <\/span><\/span>\r\n<span style=\"vertical-align: inherit;\"><span style=\"vertical-align: inherit;\">Website: <\/span><\/span><a href=\"https:\/\/www.maccion.com\/\" target=\"_blank\" rel=\"noopener\"><span style=\"vertical-align: inherit;\"><span style=\"vertical-align: inherit;\">https:\/\/www.maccion.com\/<\/span><\/span><\/a>\r\n\r\n&nbsp;\r\n<h4><strong><span style=\"vertical-align: inherit;\"><span style=\"vertical-align: inherit;\">Purposes<\/span><\/span><\/strong><\/h4>\r\n<span style=\"vertical-align: inherit;\"><span style=\"vertical-align: inherit;\">In compliance with the provisions of the European Regulation 2016\/679 General Data Protection and Organic Law 3\/2018 on the Protection of Personal Data and Guarantee of Digital Rights, we inform you that, depending on the relationship you have with us, at <\/span><\/span><strong><span style=\"vertical-align: inherit;\"><span style=\"vertical-align: inherit;\">MACCION LEAN SOLUTIONS SL<\/span><\/span><\/strong><span style=\"vertical-align: inherit;\"><span style=\"vertical-align: inherit;\"> we process the data you provide us for any, or all, of the following purposes:<\/span><\/span>\r\n<ul>\r\n \t<li><span style=\"vertical-align: inherit;\"><span style=\"vertical-align: inherit;\">Archive\/history of workers and former employees of the company<\/span><\/span><\/li>\r\n \t<li><span style=\"vertical-align: inherit;\"><span style=\"vertical-align: inherit;\">Purchase\/sale of goods and services<\/span><\/span><\/li>\r\n \t<li><span style=\"vertical-align: inherit;\"><span style=\"vertical-align: inherit;\">Purchase\/sale of material<\/span><\/span><\/li>\r\n \t<li><span style=\"vertical-align: inherit;\"><span style=\"vertical-align: inherit;\">Time control<\/span><\/span><\/li>\r\n \t<li><span style=\"vertical-align: inherit;\"><span style=\"vertical-align: inherit;\">Control and supervision of the entity&#8217;s efficiency and quality<\/span><\/span><\/li>\r\n \t<li><span style=\"vertical-align: inherit;\"><span style=\"vertical-align: inherit;\">Control and surveillance of access to places<\/span><\/span><\/li>\r\n \t<li><span style=\"vertical-align: inherit;\"><span style=\"vertical-align: inherit;\">Coordination of business activities<\/span><\/span><\/li>\r\n \t<li><span style=\"vertical-align: inherit;\"><span style=\"vertical-align: inherit;\">Creating contracts, preparing payrolls and other related tasks<\/span><\/span><\/li>\r\n \t<li><span style=\"vertical-align: inherit;\"><span style=\"vertical-align: inherit;\">Creating a profile on a website<\/span><\/span><\/li>\r\n \t<li><span style=\"vertical-align: inherit;\"><span style=\"vertical-align: inherit;\">Sending commercial information from the entity by post, email or other means<\/span><\/span><\/li>\r\n \t<li><span style=\"vertical-align: inherit;\"><span style=\"vertical-align: inherit;\">Training<\/span><\/span><\/li>\r\n \t<li><span style=\"vertical-align: inherit;\"><span style=\"vertical-align: inherit;\">Accounting, administrative, billing and collection management<\/span><\/span><\/li>\r\n \t<li><span style=\"vertical-align: inherit;\"><span style=\"vertical-align: inherit;\">Maintenance of the employment relationship and compensation for work performed<\/span><\/span><\/li>\r\n \t<li><span style=\"vertical-align: inherit;\"><span style=\"vertical-align: inherit;\">Provide them with a service<\/span><\/span><\/li>\r\n \t<li><span style=\"vertical-align: inherit;\"><span style=\"vertical-align: inherit;\">Publication of personal data on different social networks or other publication methods<\/span><\/span><\/li>\r\n \t<li><span style=\"vertical-align: inherit;\"><span style=\"vertical-align: inherit;\">Placing orders<\/span><\/span><\/li>\r\n \t<li><span style=\"vertical-align: inherit;\"><span style=\"vertical-align: inherit;\">Conduct a staff selection process<\/span><\/span><\/li>\r\n \t<li><span style=\"vertical-align: inherit;\"><span style=\"vertical-align: inherit;\">Receiving the provision of a service<\/span><\/span><\/li>\r\n \t<li><span style=\"vertical-align: inherit;\"><span style=\"vertical-align: inherit;\">Reservations<\/span><\/span><\/li>\r\n \t<li><span style=\"vertical-align: inherit;\"><span style=\"vertical-align: inherit;\">Entity security<\/span><\/span><\/li>\r\n \t<li><span style=\"vertical-align: inherit;\"><span style=\"vertical-align: inherit;\">After-sales service and loyalty<\/span><\/span><\/li>\r\n \t<li><span style=\"vertical-align: inherit;\"><span style=\"vertical-align: inherit;\">Taking photos and videos<\/span><\/span><\/li>\r\n \t<li><span style=\"vertical-align: inherit;\"><span style=\"vertical-align: inherit;\">Processing registration\/deregistration from an insurance company and medical history<\/span><\/span><\/li>\r\n \t<li><span style=\"vertical-align: inherit;\"><span style=\"vertical-align: inherit;\">Processing of budgets<\/span><\/span><\/li>\r\n \t<li><span style=\"vertical-align: inherit;\"><span style=\"vertical-align: inherit;\">Use of data derived from the company&#8217;s activities<\/span><\/span><\/li>\r\n<\/ul>\r\n&nbsp;\r\n<h4><strong><span style=\"vertical-align: inherit;\"><span style=\"vertical-align: inherit;\">Data retention period<\/span><\/span><\/strong><\/h4>\r\n<span style=\"vertical-align: inherit;\"><span style=\"vertical-align: inherit;\">Your data will be kept indefinitely, commercially or otherwise, with our entity. Request its deletion. Likewise, the data will be stored for the time necessary to comply with legal obligations.<\/span><\/span>\r\n\r\n&nbsp;\r\n<h4><strong><span style=\"vertical-align: inherit;\"><span style=\"vertical-align: inherit;\">Legitimation<\/span><\/span><\/strong><\/h4>\r\n<span style=\"vertical-align: inherit;\"><span style=\"vertical-align: inherit;\">The legal basis for the processing of your data is:<\/span><\/span>\r\n<ul>\r\n \t<li><span style=\"vertical-align: inherit;\"><span style=\"vertical-align: inherit;\">Unequivocal consent<\/span><\/span><\/li>\r\n \t<li><span style=\"vertical-align: inherit;\"><span style=\"vertical-align: inherit;\">Execution of a contract<\/span><\/span><\/li>\r\n \t<li><span style=\"vertical-align: inherit;\"><span style=\"vertical-align: inherit;\">Legitimate interest on the part of the data controller<\/span><\/span><\/li>\r\n<\/ul>\r\n&nbsp;\r\n<h4><strong><span style=\"vertical-align: inherit;\"><span style=\"vertical-align: inherit;\">Recipients<\/span><\/span><\/strong><\/h4>\r\n<span style=\"vertical-align: inherit;\"><span style=\"vertical-align: inherit;\">Your personal data will be communicated to third parties in the following cases:<\/span><\/span>\r\n<ul>\r\n \t<li><span style=\"vertical-align: inherit;\"><span style=\"vertical-align: inherit;\">To other data controllers<\/span><\/span><\/li>\r\n \t<li><span style=\"vertical-align: inherit;\"><span style=\"vertical-align: inherit;\">Tax administration<\/span><\/span><\/li>\r\n \t<li><span style=\"vertical-align: inherit;\"><span style=\"vertical-align: inherit;\">Banks and financial institutions<\/span><\/span><\/li>\r\n \t<li><span style=\"vertical-align: inherit;\"><span style=\"vertical-align: inherit;\">Consulting\/Audit Entities<\/span><\/span><\/li>\r\n \t<li><span style=\"vertical-align: inherit;\"><span style=\"vertical-align: inherit;\">Advertising and marketing entities<\/span><\/span><\/li>\r\n \t<li><span style=\"vertical-align: inherit;\"><span style=\"vertical-align: inherit;\">Transport entities<\/span><\/span><\/li>\r\n \t<li><span style=\"vertical-align: inherit;\"><span style=\"vertical-align: inherit;\">IT entities for software and hardware maintenance<\/span><\/span><\/li>\r\n \t<li><span style=\"vertical-align: inherit;\"><span style=\"vertical-align: inherit;\">Management\/Consulting or Social Security<\/span><\/span><\/li>\r\n \t<li><span style=\"vertical-align: inherit;\"><span style=\"vertical-align: inherit;\">Occupational Risk Prevention Service<\/span><\/span><\/li>\r\n<\/ul>\r\n&nbsp;\r\n<h4><strong><span style=\"vertical-align: inherit;\"><span style=\"vertical-align: inherit;\">Rights<\/span><\/span><\/strong><\/h4>\r\n<span style=\"vertical-align: inherit;\"><span style=\"vertical-align: inherit;\">You have the right to obtain confirmation as to whether or not <\/span><\/span><strong><span style=\"vertical-align: inherit;\"><span style=\"vertical-align: inherit;\">MACCION LEAN SOLUTIONS SL<\/span><\/span><\/strong><span style=\"vertical-align: inherit;\"><span style=\"vertical-align: inherit;\"> is processing personal data concerning you.<\/span><\/span>\r\n\r\n&nbsp;\r\n\r\n<span style=\"vertical-align: inherit;\"><span style=\"vertical-align: inherit;\">You also have the right to access your personal data, as well as to request the rectification of inaccurate data or, where appropriate, request its deletion when, among other reasons, the data is no longer necessary for the purposes for which it was collected.<\/span><\/span>\r\n\r\n&nbsp;\r\n\r\n<span style=\"vertical-align: inherit;\"><span style=\"vertical-align: inherit;\">In certain circumstances, you may request that we restrict the processing of your data, in which case we will only retain it for the purpose of exercising or defending claims.<\/span><\/span>\r\n\r\n&nbsp;\r\n\r\n<span style=\"vertical-align: inherit;\"><span style=\"vertical-align: inherit;\">Additionally, in certain circumstances and for reasons related to your particular situation, you may exercise the right to object to the processing of your data. <\/span><\/span><strong><span style=\"vertical-align: inherit;\"><span style=\"vertical-align: inherit;\">MACCION LEAN SOLUTIONS SL<\/span><\/span><\/strong><span style=\"vertical-align: inherit;\"><span style=\"vertical-align: inherit;\"> will stop processing the data, except for compelling legitimate reasons, or the exercise or defense of possible claims.<\/span><\/span>\r\n\r\n&nbsp;\r\n\r\n<span style=\"vertical-align: inherit;\"><span style=\"vertical-align: inherit;\">The exercise of these rights is personal and therefore must be exercised directly by the interested party, requesting it directly from the Owner, which means that any client, subscriber or collaborator who has provided the data at any time can contact the Owner and request information about the data stored and how it was obtained, request its rectification, request the portability of their personal data, oppose the processing, limit its use or request the cancellation of this data in the Owner&#8217;s files.<\/span><\/span>\r\n\r\n&nbsp;\r\n\r\n<span style=\"vertical-align: inherit;\"><span style=\"vertical-align: inherit;\">To exercise your rights of access, rectification, cancellation, portability and opposition, you must send an email to <\/span><\/span><a href=\"mailto:info@maccion.com\"><span style=\"vertical-align: inherit;\"><span style=\"vertical-align: inherit;\">info@maccion.com<\/span><\/span><\/a><span style=\"vertical-align: inherit;\"><span style=\"vertical-align: inherit;\"> along with valid proof of law such as a photocopy of your ID or equivalent.<\/span><\/span>\r\n\r\n&nbsp;\r\n\r\n<span style=\"vertical-align: inherit;\"><span style=\"vertical-align: inherit;\">You have the right to effective judicial protection and to lodge a complaint with the supervisory authority, in this case, the Spanish Data Protection Agency, if you consider that the processing of personal data concerning you infringes the Regulation.<\/span><\/span>\r\n\r\n&nbsp;\r\n\r\n<span style=\"vertical-align: inherit;\"><span style=\"vertical-align: inherit;\">Alternatively, you can also contact us by post at the following address: C\/ JOSEP URO, 1. 08253, SANT SALVADOR DE GUARDIOLA, BARCELONA, attaching a photocopy of your ID card to verify your identity. Remember to provide as much information as possible about your request: Name and surname, email address you use for your account or portal that is the subject of the request.<\/span><\/span>\r\n\r\n&nbsp;\r\n\r\n<span style=\"vertical-align: inherit;\"><span style=\"vertical-align: inherit;\">Finally, we inform you that you may contact the Spanish Data Protection Agency and other competent public bodies for any claim arising from the processing of your personal data.<\/span><\/span>\t\t\t\t\t\t<\/div>\n\t\t\t\t<\/div>\n\t\t\t\t\t<\/div>\n\t\t\t\t<\/div>\n\t\t\t\t<\/div>\n\t\t","protected":false},"excerpt":{"rendered":"<p>Privacy Policy DATA PROTECTION INFORMATION Data Relating to the Responsible Party Data Controller Entity: MACCION LEAN SOLUTIONS SL Entity CIF: B66663634 Entity address: C\/ [&hellip;]<\/p>\n","protected":false},"author":1,"featured_media":0,"parent":0,"menu_order":0,"comment_status":"closed","ping_status":"closed","template":"","meta":{"_acf_changed":false,"_monsterinsights_skip_tracking":false,"_monsterinsights_sitenote_active":false,"_monsterinsights_sitenote_note":"","_monsterinsights_sitenote_category":0,"footnotes":""},"class_list":["post-5213","page","type-page","status-publish","hentry"],"acf":{"full_width":false,"header_transparent":false,"header_white":false},"yoast_head":"<!-- This site is optimized with the Yoast SEO plugin v23.6 - https:\/\/yoast.com\/wordpress\/plugins\/seo\/ -->\n<title>Privacy Policy - Maccion Lean Solutions: Solucions per Optimitzar la Ind\u00fastria i la F\u00e0brica<\/title>\n<meta name=\"robots\" content=\"index, follow, max-snippet:-1, max-image-preview:large, max-video-preview:-1\" \/>\n<link rel=\"canonical\" href=\"https:\/\/maccion.com\/en\/privacy-policy\/\" \/>\n<meta property=\"og:locale\" content=\"en_US\" \/>\n<meta property=\"og:type\" content=\"article\" \/>\n<meta property=\"og:title\" content=\"Privacy Policy - Maccion Lean Solutions: Solucions per Optimitzar la Ind\u00fastria i la F\u00e0brica\" \/>\n<meta property=\"og:description\" content=\"Privacy Policy DATA PROTECTION INFORMATION Data Relating to the Responsible Party Data Controller Entity: MACCION LEAN SOLUTIONS SL Entity CIF: B66663634 Entity address: C\/ [&hellip;]\" \/>\n<meta property=\"og:url\" content=\"https:\/\/maccion.com\/en\/privacy-policy\/\" \/>\n<meta property=\"og:site_name\" content=\"Maccion Lean Solutions: Solucions per Optimitzar la Ind\u00fastria i la F\u00e0brica\" \/>\n<meta property=\"article:modified_time\" content=\"2024-10-21T11:30:00+00:00\" \/>\n<meta name=\"twitter:card\" content=\"summary_large_image\" \/>\n<meta name=\"twitter:label1\" content=\"Est. reading time\" \/>\n\t<meta name=\"twitter:data1\" content=\"4 minutes\" \/>\n<script type=\"application\/ld+json\" class=\"yoast-schema-graph\">{\"@context\":\"https:\/\/schema.org\",\"@graph\":[{\"@type\":\"WebPage\",\"@id\":\"https:\/\/maccion.com\/en\/privacy-policy\/\",\"url\":\"https:\/\/maccion.com\/en\/privacy-policy\/\",\"name\":\"Privacy Policy - Maccion Lean Solutions: Solucions per Optimitzar la Ind\u00fastria i la F\u00e0brica\",\"isPartOf\":{\"@id\":\"https:\/\/maccion.com\/en\/#website\"},\"datePublished\":\"2024-09-12T07:15:30+00:00\",\"dateModified\":\"2024-10-21T11:30:00+00:00\",\"breadcrumb\":{\"@id\":\"https:\/\/maccion.com\/en\/privacy-policy\/#breadcrumb\"},\"inLanguage\":\"en-US\",\"potentialAction\":[{\"@type\":\"ReadAction\",\"target\":[\"https:\/\/maccion.com\/en\/privacy-policy\/\"]}]},{\"@type\":\"BreadcrumbList\",\"@id\":\"https:\/\/maccion.com\/en\/privacy-policy\/#breadcrumb\",\"itemListElement\":[{\"@type\":\"ListItem\",\"position\":1,\"name\":\"Home\",\"item\":\"https:\/\/maccion.com\/en\/\"},{\"@type\":\"ListItem\",\"position\":2,\"name\":\"Privacy Policy\"}]},{\"@type\":\"WebSite\",\"@id\":\"https:\/\/maccion.com\/en\/#website\",\"url\":\"https:\/\/maccion.com\/en\/\",\"name\":\"Maccion Lean Solutions: Solucions per Optimitzar la Ind\u00fastria i la F\u00e0brica\",\"description\":\"Descobreix les solucions de Maccion Lean per transformar la teva ind\u00fastria amb tecnologia avan\u00e7ada i optimitzaci\u00f3 de processos.\",\"potentialAction\":[{\"@type\":\"SearchAction\",\"target\":{\"@type\":\"EntryPoint\",\"urlTemplate\":\"https:\/\/maccion.com\/en\/?s={search_term_string}\"},\"query-input\":{\"@type\":\"PropertyValueSpecification\",\"valueRequired\":true,\"valueName\":\"search_term_string\"}}],\"inLanguage\":\"en-US\"}]}<\/script>\n<!-- \/ Yoast SEO plugin. -->","yoast_head_json":{"title":"Privacy Policy - Maccion Lean Solutions: Solucions per Optimitzar la Ind\u00fastria i la F\u00e0brica","robots":{"index":"index","follow":"follow","max-snippet":"max-snippet:-1","max-image-preview":"max-image-preview:large","max-video-preview":"max-video-preview:-1"},"canonical":"https:\/\/maccion.com\/en\/privacy-policy\/","og_locale":"en_US","og_type":"article","og_title":"Privacy Policy - Maccion Lean Solutions: Solucions per Optimitzar la Ind\u00fastria i la F\u00e0brica","og_description":"Privacy Policy DATA PROTECTION INFORMATION Data Relating to the Responsible Party Data Controller Entity: MACCION LEAN SOLUTIONS SL Entity CIF: B66663634 Entity address: C\/ [&hellip;]","og_url":"https:\/\/maccion.com\/en\/privacy-policy\/","og_site_name":"Maccion Lean Solutions: Solucions per Optimitzar la Ind\u00fastria i la F\u00e0brica","article_modified_time":"2024-10-21T11:30:00+00:00","twitter_card":"summary_large_image","twitter_misc":{"Est. reading time":"4 minutes"},"schema":{"@context":"https:\/\/schema.org","@graph":[{"@type":"WebPage","@id":"https:\/\/maccion.com\/en\/privacy-policy\/","url":"https:\/\/maccion.com\/en\/privacy-policy\/","name":"Privacy Policy - Maccion Lean Solutions: Solucions per Optimitzar la Ind\u00fastria i la F\u00e0brica","isPartOf":{"@id":"https:\/\/maccion.com\/en\/#website"},"datePublished":"2024-09-12T07:15:30+00:00","dateModified":"2024-10-21T11:30:00+00:00","breadcrumb":{"@id":"https:\/\/maccion.com\/en\/privacy-policy\/#breadcrumb"},"inLanguage":"en-US","potentialAction":[{"@type":"ReadAction","target":["https:\/\/maccion.com\/en\/privacy-policy\/"]}]},{"@type":"BreadcrumbList","@id":"https:\/\/maccion.com\/en\/privacy-policy\/#breadcrumb","itemListElement":[{"@type":"ListItem","position":1,"name":"Home","item":"https:\/\/maccion.com\/en\/"},{"@type":"ListItem","position":2,"name":"Privacy Policy"}]},{"@type":"WebSite","@id":"https:\/\/maccion.com\/en\/#website","url":"https:\/\/maccion.com\/en\/","name":"Maccion Lean Solutions: Solucions per Optimitzar la Ind\u00fastria i la F\u00e0brica","description":"Descobreix les solucions de Maccion Lean per transformar la teva ind\u00fastria amb tecnologia avan\u00e7ada i optimitzaci\u00f3 de processos.","potentialAction":[{"@type":"SearchAction","target":{"@type":"EntryPoint","urlTemplate":"https:\/\/maccion.com\/en\/?s={search_term_string}"},"query-input":{"@type":"PropertyValueSpecification","valueRequired":true,"valueName":"search_term_string"}}],"inLanguage":"en-US"}]}},"_links":{"self":[{"href":"https:\/\/maccion.com\/en\/wp-json\/wp\/v2\/pages\/5213","targetHints":{"allow":["GET"]}}],"collection":[{"href":"https:\/\/maccion.com\/en\/wp-json\/wp\/v2\/pages"}],"about":[{"href":"https:\/\/maccion.com\/en\/wp-json\/wp\/v2\/types\/page"}],"author":[{"embeddable":true,"href":"https:\/\/maccion.com\/en\/wp-json\/wp\/v2\/users\/1"}],"replies":[{"embeddable":true,"href":"https:\/\/maccion.com\/en\/wp-json\/wp\/v2\/comments?post=5213"}],"version-history":[{"count":1,"href":"https:\/\/maccion.com\/en\/wp-json\/wp\/v2\/pages\/5213\/revisions"}],"predecessor-version":[{"id":5214,"href":"https:\/\/maccion.com\/en\/wp-json\/wp\/v2\/pages\/5213\/revisions\/5214"}],"wp:attachment":[{"href":"https:\/\/maccion.com\/en\/wp-json\/wp\/v2\/media?parent=5213"}],"curies":[{"name":"wp","href":"https:\/\/api.w.org\/{rel}","templated":true}]}}